{"id":20978,"date":"2025-06-27T13:32:18","date_gmt":"2025-06-27T11:32:18","guid":{"rendered":"https:\/\/medapp.lv\/?post_type=product&#038;p=20978"},"modified":"2025-07-17T10:04:21","modified_gmt":"2025-07-17T08:04:21","slug":"nerusejosa-terauda-skalpelis-sterils","status":"publish","type":"product","link":"https:\/\/medapp.lv\/et\/product\/nerusejosa-terauda-skalpelis-sterils\/","title":{"rendered":"Roostevabast terasest skalpell \u2013 steriilne"},"content":{"rendered":"<p>Iga skalpell on eraldi m\u00e4rgistatud ja pakendatud alumiiniumfooliumisse. Tera suurus on selgelt n\u00e4idatud fooliumpakendi tagak\u00fcljel ja toote karpidel.<\/p>\n<p>Saadaval erinevates suurustes. 100 t\u00fckki karbis.<\/p>","protected":false},"excerpt":{"rendered":"<p>Katrs skalpelis ir mar\u0137\u0113ts un atsevi\u0161\u0137i iepakots alum\u012bnija folij\u0101. Asmens izm\u0113rs ir skaidri nor\u0101d\u012bts folijas no\u0146emam\u0101 iepakojuma otr\u0101 pus\u0113 un<\/p>","protected":false},"featured_media":20979,"comment_status":"open","ping_status":"closed","template":"","meta":[],"product_brand":[],"product_cat":[314],"product_tag":[],"class_list":{"0":"post-20978","1":"product","2":"type-product","3":"status-publish","4":"has-post-thumbnail","6":"product_cat-operaciju-vienreizlietojamie-materiali","8":"first","9":"instock","10":"taxable","11":"shipping-taxable","12":"product-type-simple"},"_links":{"self":[{"href":"https:\/\/medapp.lv\/et\/wp-json\/wp\/v2\/product\/20978","targetHints":{"allow":["GET"]}}],"collection":[{"href":"https:\/\/medapp.lv\/et\/wp-json\/wp\/v2\/product"}],"about":[{"href":"https:\/\/medapp.lv\/et\/wp-json\/wp\/v2\/types\/product"}],"replies":[{"embeddable":true,"href":"https:\/\/medapp.lv\/et\/wp-json\/wp\/v2\/comments?post=20978"}],"version-history":[{"count":1,"href":"https:\/\/medapp.lv\/et\/wp-json\/wp\/v2\/product\/20978\/revisions"}],"predecessor-version":[{"id":20980,"href":"https:\/\/medapp.lv\/et\/wp-json\/wp\/v2\/product\/20978\/revisions\/20980"}],"wp:featuredmedia":[{"embeddable":true,"href":"https:\/\/medapp.lv\/et\/wp-json\/wp\/v2\/media\/20979"}],"wp:attachment":[{"href":"https:\/\/medapp.lv\/et\/wp-json\/wp\/v2\/media?parent=20978"}],"wp:term":[{"taxonomy":"product_brand","embeddable":true,"href":"https:\/\/medapp.lv\/et\/wp-json\/wp\/v2\/product_brand?post=20978"},{"taxonomy":"product_cat","embeddable":true,"href":"https:\/\/medapp.lv\/et\/wp-json\/wp\/v2\/product_cat?post=20978"},{"taxonomy":"product_tag","embeddable":true,"href":"https:\/\/medapp.lv\/et\/wp-json\/wp\/v2\/product_tag?post=20978"}],"curies":[{"name":"t\u00f6\u00f6leht","href":"https:\/\/api.w.org\/{rel}","templated":true}]}}