{"id":20981,"date":"2025-06-27T13:36:02","date_gmt":"2025-06-27T11:36:02","guid":{"rendered":"https:\/\/medapp.lv\/?post_type=product&#038;p=20981"},"modified":"2025-07-17T10:04:21","modified_gmt":"2025-07-17T08:04:21","slug":"dekontaminacijas-paklajs","status":"publish","type":"product","link":"https:\/\/medapp.lv\/et\/product\/dekontaminacijas-paklajs\/","title":{"rendered":"Dekontaminatsioonimatt"},"content":{"rendered":"<p>Sinine matt p\u00fc\u00fcab t\u00e4nu antibakteriaalsele liimile kinni tolmu ja baktereid, mis v\u00e4hendab oluliselt bakterite kasvu ja levikut. Iga matt sisaldab 30 nummerdatud pol\u00fcet\u00fcleenlehte ja mittekleepivat servariba, mis v\u00f5imaldab iga pealekantud kihi h\u00f5lpsat eemaldamist.<\/p>\n<p>Suurus 45 \u00d7 90 cm, 30 kihti | 5 t\u00fckki pakis.<\/p>","protected":false},"excerpt":{"rendered":"<p>Zils pakl\u0101js pateicoties antibakteri\u0101lajai l\u012bmei, uztver un aiztur putek\u013cus un bakt\u0113rijas, kas b\u016btiski samazina bakt\u0113riju aug\u0161anu un izplat\u012b\u0161anos. Katr\u0101 pakl\u0101ji\u0146\u0101<\/p>","protected":false},"featured_media":20982,"comment_status":"open","ping_status":"closed","template":"","meta":[],"product_brand":[],"product_cat":[213],"product_tag":[],"class_list":{"0":"post-20981","1":"product","2":"type-product","3":"status-publish","4":"has-post-thumbnail","6":"product_cat-citi-b2b","8":"first","9":"instock","10":"taxable","11":"shipping-taxable","12":"product-type-simple"},"_links":{"self":[{"href":"https:\/\/medapp.lv\/et\/wp-json\/wp\/v2\/product\/20981","targetHints":{"allow":["GET"]}}],"collection":[{"href":"https:\/\/medapp.lv\/et\/wp-json\/wp\/v2\/product"}],"about":[{"href":"https:\/\/medapp.lv\/et\/wp-json\/wp\/v2\/types\/product"}],"replies":[{"embeddable":true,"href":"https:\/\/medapp.lv\/et\/wp-json\/wp\/v2\/comments?post=20981"}],"version-history":[{"count":1,"href":"https:\/\/medapp.lv\/et\/wp-json\/wp\/v2\/product\/20981\/revisions"}],"predecessor-version":[{"id":20983,"href":"https:\/\/medapp.lv\/et\/wp-json\/wp\/v2\/product\/20981\/revisions\/20983"}],"wp:featuredmedia":[{"embeddable":true,"href":"https:\/\/medapp.lv\/et\/wp-json\/wp\/v2\/media\/20982"}],"wp:attachment":[{"href":"https:\/\/medapp.lv\/et\/wp-json\/wp\/v2\/media?parent=20981"}],"wp:term":[{"taxonomy":"product_brand","embeddable":true,"href":"https:\/\/medapp.lv\/et\/wp-json\/wp\/v2\/product_brand?post=20981"},{"taxonomy":"product_cat","embeddable":true,"href":"https:\/\/medapp.lv\/et\/wp-json\/wp\/v2\/product_cat?post=20981"},{"taxonomy":"product_tag","embeddable":true,"href":"https:\/\/medapp.lv\/et\/wp-json\/wp\/v2\/product_tag?post=20981"}],"curies":[{"name":"t\u00f6\u00f6leht","href":"https:\/\/api.w.org\/{rel}","templated":true}]}}