{"id":20996,"date":"2025-06-27T13:45:40","date_gmt":"2025-06-27T11:45:40","guid":{"rendered":"https:\/\/medapp.lv\/?post_type=product&#038;p=20996"},"modified":"2025-07-17T10:04:18","modified_gmt":"2025-07-17T08:04:18","slug":"ultrasonografijas-gels","status":"publish","type":"product","link":"https:\/\/medapp.lv\/et\/product\/ultrasonografijas-gels\/","title":{"rendered":"Ultraheli geel"},"content":{"rendered":"<p>H\u00fcpoallergeenne, vees lahustuv geel, sobib ultraheli, Doppleri ja defibrillaatori rakenduste jaoks.<br \/>\nTagab ultrahelilainete selge ja pideva edastamise seadme ekraanile.<br \/>\nEi sisalda soola, formaldeh\u00fc\u00fcdi ega l\u00f5hnaaineid.<\/p>\n<p>L\u00e4bipaistev | 250ml<\/p>","protected":false},"excerpt":{"rendered":"<p>Hipoaler\u0123isks, \u016bden\u012b \u0161\u0137\u012bsto\u0161s gels, piem\u0113rots ultrasonogr\u0101fijas, doplera un defibrilatora lietojumiem. Nodro\u0161ina skaidru un nep\u0101rtrauktu ultraska\u0146as vi\u013c\u0146u p\u0101rraidi uz iek\u0101rtas displeju.<\/p>","protected":false},"featured_media":20997,"comment_status":"open","ping_status":"closed","template":"","meta":[],"product_brand":[],"product_cat":[210],"product_tag":[],"class_list":{"0":"post-20996","1":"product","2":"type-product","3":"status-publish","4":"has-post-thumbnail","6":"product_cat-medicinas-piederumi","8":"first","9":"instock","10":"taxable","11":"shipping-taxable","12":"product-type-simple"},"_links":{"self":[{"href":"https:\/\/medapp.lv\/et\/wp-json\/wp\/v2\/product\/20996","targetHints":{"allow":["GET"]}}],"collection":[{"href":"https:\/\/medapp.lv\/et\/wp-json\/wp\/v2\/product"}],"about":[{"href":"https:\/\/medapp.lv\/et\/wp-json\/wp\/v2\/types\/product"}],"replies":[{"embeddable":true,"href":"https:\/\/medapp.lv\/et\/wp-json\/wp\/v2\/comments?post=20996"}],"version-history":[{"count":1,"href":"https:\/\/medapp.lv\/et\/wp-json\/wp\/v2\/product\/20996\/revisions"}],"predecessor-version":[{"id":20998,"href":"https:\/\/medapp.lv\/et\/wp-json\/wp\/v2\/product\/20996\/revisions\/20998"}],"wp:featuredmedia":[{"embeddable":true,"href":"https:\/\/medapp.lv\/et\/wp-json\/wp\/v2\/media\/20997"}],"wp:attachment":[{"href":"https:\/\/medapp.lv\/et\/wp-json\/wp\/v2\/media?parent=20996"}],"wp:term":[{"taxonomy":"product_brand","embeddable":true,"href":"https:\/\/medapp.lv\/et\/wp-json\/wp\/v2\/product_brand?post=20996"},{"taxonomy":"product_cat","embeddable":true,"href":"https:\/\/medapp.lv\/et\/wp-json\/wp\/v2\/product_cat?post=20996"},{"taxonomy":"product_tag","embeddable":true,"href":"https:\/\/medapp.lv\/et\/wp-json\/wp\/v2\/product_tag?post=20996"}],"curies":[{"name":"t\u00f6\u00f6leht","href":"https:\/\/api.w.org\/{rel}","templated":true}]}}