{"id":21027,"date":"2025-06-30T10:12:05","date_gmt":"2025-06-30T08:12:05","guid":{"rendered":"https:\/\/medapp.lv\/?post_type=product&#038;p=21027"},"modified":"2025-07-17T10:04:14","modified_gmt":"2025-07-17T08:04:14","slug":"absorbejosi-suklisi-standard","status":"publish","type":"product","link":"https:\/\/medapp.lv\/et\/product\/absorbejosi-suklisi-standard\/","title":{"rendered":"Hemostaatilised \u017eelatiink\u00e4snad STANDARD"},"content":{"rendered":"<p>Willospon on steriilne \u017eelatiinist hemostaatiline k\u00e4sn, mis ei lahustu vees, on kergesti kasutatav ja imendub h\u00e4sti. Willosponi k\u00e4sna saab l\u00f5igata soovitud suuruseks ilma, et see selle k\u00e4igus mureneks.<\/p>\n<p>Suurus: 80 x 50 x 10 mm | 20 tk karbis<\/p>","protected":false},"excerpt":{"rendered":"<p>Willospon ir sterils \u017eelat\u012bna hemostatisks s\u016bklis, ne\u0161\u0137\u012bst \u016bden\u012b, viegli lietojams un uzs\u016bcas. Willospon s\u016bkli var sagriezt v\u0113lamaj\u0101 izm\u0113r\u0101, \u0161\u012b procesa<\/p>","protected":false},"featured_media":21028,"comment_status":"open","ping_status":"closed","template":"","meta":[],"product_brand":[],"product_cat":[208],"product_tag":[],"class_list":{"0":"post-21027","1":"product","2":"type-product","3":"status-publish","4":"has-post-thumbnail","6":"product_cat-hemostati","8":"first","9":"instock","10":"taxable","11":"shipping-taxable","12":"product-type-simple"},"_links":{"self":[{"href":"https:\/\/medapp.lv\/et\/wp-json\/wp\/v2\/product\/21027","targetHints":{"allow":["GET"]}}],"collection":[{"href":"https:\/\/medapp.lv\/et\/wp-json\/wp\/v2\/product"}],"about":[{"href":"https:\/\/medapp.lv\/et\/wp-json\/wp\/v2\/types\/product"}],"replies":[{"embeddable":true,"href":"https:\/\/medapp.lv\/et\/wp-json\/wp\/v2\/comments?post=21027"}],"version-history":[{"count":2,"href":"https:\/\/medapp.lv\/et\/wp-json\/wp\/v2\/product\/21027\/revisions"}],"predecessor-version":[{"id":21383,"href":"https:\/\/medapp.lv\/et\/wp-json\/wp\/v2\/product\/21027\/revisions\/21383"}],"wp:featuredmedia":[{"embeddable":true,"href":"https:\/\/medapp.lv\/et\/wp-json\/wp\/v2\/media\/21028"}],"wp:attachment":[{"href":"https:\/\/medapp.lv\/et\/wp-json\/wp\/v2\/media?parent=21027"}],"wp:term":[{"taxonomy":"product_brand","embeddable":true,"href":"https:\/\/medapp.lv\/et\/wp-json\/wp\/v2\/product_brand?post=21027"},{"taxonomy":"product_cat","embeddable":true,"href":"https:\/\/medapp.lv\/et\/wp-json\/wp\/v2\/product_cat?post=21027"},{"taxonomy":"product_tag","embeddable":true,"href":"https:\/\/medapp.lv\/et\/wp-json\/wp\/v2\/product_tag?post=21027"}],"curies":[{"name":"t\u00f6\u00f6leht","href":"https:\/\/api.w.org\/{rel}","templated":true}]}}