{"id":21035,"date":"2025-06-30T10:25:56","date_gmt":"2025-06-30T08:25:56","guid":{"rendered":"https:\/\/medapp.lv\/?post_type=product&#038;p=21035"},"modified":"2025-07-17T10:04:12","modified_gmt":"2025-07-17T08:04:12","slug":"vienreizejas-lietosanas-katetra-slirce","status":"publish","type":"product","link":"https:\/\/medapp.lv\/et\/product\/vienreizejas-lietosanas-katetra-slirce\/","title":{"rendered":"\u00dchekordselt kasutatav kateetris\u00fcstal"},"content":{"rendered":"<p>\u00dchekordne s\u00fcstal. L\u00e4bipaistev silinder musta skaalaga.<\/p>\n<p>Maht: 100 ml | 25 tk\/pakend<\/p>","protected":false},"excerpt":{"rendered":"<p>Vienreizlietojam\u0101 \u0161\u013circe. Caursp\u012bd\u012bgs cilindrs ar melnu skalu. Tilpums: 100 ml | 25gb\/iepakojum\u0101<\/p>","protected":false},"featured_media":21036,"comment_status":"open","ping_status":"closed","template":"","meta":[],"product_brand":[],"product_cat":[241],"product_tag":[],"class_list":{"0":"post-21035","1":"product","2":"type-product","3":"status-publish","4":"has-post-thumbnail","6":"product_cat-slirces-un-adatas","8":"first","9":"instock","10":"taxable","11":"shipping-taxable","12":"product-type-simple"},"_links":{"self":[{"href":"https:\/\/medapp.lv\/et\/wp-json\/wp\/v2\/product\/21035","targetHints":{"allow":["GET"]}}],"collection":[{"href":"https:\/\/medapp.lv\/et\/wp-json\/wp\/v2\/product"}],"about":[{"href":"https:\/\/medapp.lv\/et\/wp-json\/wp\/v2\/types\/product"}],"replies":[{"embeddable":true,"href":"https:\/\/medapp.lv\/et\/wp-json\/wp\/v2\/comments?post=21035"}],"version-history":[{"count":1,"href":"https:\/\/medapp.lv\/et\/wp-json\/wp\/v2\/product\/21035\/revisions"}],"predecessor-version":[{"id":21037,"href":"https:\/\/medapp.lv\/et\/wp-json\/wp\/v2\/product\/21035\/revisions\/21037"}],"wp:featuredmedia":[{"embeddable":true,"href":"https:\/\/medapp.lv\/et\/wp-json\/wp\/v2\/media\/21036"}],"wp:attachment":[{"href":"https:\/\/medapp.lv\/et\/wp-json\/wp\/v2\/media?parent=21035"}],"wp:term":[{"taxonomy":"product_brand","embeddable":true,"href":"https:\/\/medapp.lv\/et\/wp-json\/wp\/v2\/product_brand?post=21035"},{"taxonomy":"product_cat","embeddable":true,"href":"https:\/\/medapp.lv\/et\/wp-json\/wp\/v2\/product_cat?post=21035"},{"taxonomy":"product_tag","embeddable":true,"href":"https:\/\/medapp.lv\/et\/wp-json\/wp\/v2\/product_tag?post=21035"}],"curies":[{"name":"t\u00f6\u00f6leht","href":"https:\/\/api.w.org\/{rel}","templated":true}]}}