{"id":21038,"date":"2025-06-30T10:30:00","date_gmt":"2025-06-30T08:30:00","guid":{"rendered":"https:\/\/medapp.lv\/?post_type=product&#038;p=21038"},"modified":"2025-07-17T10:04:11","modified_gmt":"2025-07-17T08:04:11","slug":"paraffinet-parafina-marles-parsejs","status":"publish","type":"product","link":"https:\/\/medapp.lv\/et\/product\/paraffinet-parafina-marles-parsejs\/","title":{"rendered":"ParaffiNET parafiini marli side"},"content":{"rendered":"<p>Parafiiniga immutatud marliplaaster. T\u00e4nu oma spetsiaalsele koostisele hoiab plaaster \u00e4ra haava kuivamise. Rahustab ja kaitseb haava, v\u00f5imaldab eksudaadil vabalt imenduda. Sobib kasutamiseks p\u00f5letuste, haavandite, marrastuste ja muude haavade korral.<\/p>\n<p>Saadaval olevad suurused:<br \/>\n\u2022 5 \u00d7 5 cm<br \/>\n\u2022 10 \u00d7 10 cm<br \/>\n\u2022 10 \u00d7 40 cm<br \/>\n\u2022 15 \u00d7 20 cm<\/p>\n<p>Pakend: 10 tk.<\/p>","protected":false},"excerpt":{"rendered":"<p>Parafiiniga immutatud marliplaaster. T\u00e4nu oma spetsiaalsele koostisele hoiab plaaster \u00e4ra haava kuivamise. Rahustab ja kaitseb haava, v\u00f5imaldab vaba imendumist.<\/p>","protected":false},"featured_media":21039,"comment_status":"open","ping_status":"closed","template":"","meta":[],"product_brand":[],"product_cat":[245],"product_tag":[],"class_list":{"0":"post-21038","1":"product","2":"type-product","3":"status-publish","4":"has-post-thumbnail","6":"product_cat-parsiejamie-materiali","8":"first","9":"instock","10":"taxable","11":"shipping-taxable","12":"product-type-simple"},"_links":{"self":[{"href":"https:\/\/medapp.lv\/et\/wp-json\/wp\/v2\/product\/21038","targetHints":{"allow":["GET"]}}],"collection":[{"href":"https:\/\/medapp.lv\/et\/wp-json\/wp\/v2\/product"}],"about":[{"href":"https:\/\/medapp.lv\/et\/wp-json\/wp\/v2\/types\/product"}],"replies":[{"embeddable":true,"href":"https:\/\/medapp.lv\/et\/wp-json\/wp\/v2\/comments?post=21038"}],"version-history":[{"count":1,"href":"https:\/\/medapp.lv\/et\/wp-json\/wp\/v2\/product\/21038\/revisions"}],"predecessor-version":[{"id":21040,"href":"https:\/\/medapp.lv\/et\/wp-json\/wp\/v2\/product\/21038\/revisions\/21040"}],"wp:featuredmedia":[{"embeddable":true,"href":"https:\/\/medapp.lv\/et\/wp-json\/wp\/v2\/media\/21039"}],"wp:attachment":[{"href":"https:\/\/medapp.lv\/et\/wp-json\/wp\/v2\/media?parent=21038"}],"wp:term":[{"taxonomy":"product_brand","embeddable":true,"href":"https:\/\/medapp.lv\/et\/wp-json\/wp\/v2\/product_brand?post=21038"},{"taxonomy":"product_cat","embeddable":true,"href":"https:\/\/medapp.lv\/et\/wp-json\/wp\/v2\/product_cat?post=21038"},{"taxonomy":"product_tag","embeddable":true,"href":"https:\/\/medapp.lv\/et\/wp-json\/wp\/v2\/product_tag?post=21038"}],"curies":[{"name":"t\u00f6\u00f6leht","href":"https:\/\/api.w.org\/{rel}","templated":true}]}}