{"id":21053,"date":"2025-06-30T10:44:18","date_gmt":"2025-06-30T08:44:18","guid":{"rendered":"https:\/\/medapp.lv\/?post_type=product&#038;p=21053"},"modified":"2025-07-17T10:04:09","modified_gmt":"2025-07-17T08:04:09","slug":"pagarinajuma-caurule-infuzijas-suknim","status":"publish","type":"product","link":"https:\/\/medapp.lv\/et\/product\/pagarinajuma-caurule-infuzijas-suknim\/","title":{"rendered":"Infusioonipumba pikendusvoolik"},"content":{"rendered":"<p>Saadaval olevad torud:<br \/>\n\u2022 V\u00e4rvid: selge ja merevaigukollane<br \/>\n\u2022 L\u00e4bim\u00f5\u00f5t: v\u00e4limine \u2013 2,4 mm; sisemine \u2013 1,24 mm<br \/>\n\u2022 \u00dchendus: Luer-lukk<\/p>\n<p>Saadaval olevad pikkused:<br \/>\n\u2022 L\u00e4bipaistev: 45 cm, 150 cm, 200 cm<br \/>\n\u2022 Merevaik: 150 cm, 200 cm<\/p>\n<p>Pakend: 50 tk\/pakend k\u00f5ik suurused<\/p>","protected":false},"excerpt":{"rendered":"<p>Pieejamas caurul\u012btes: \u2022 Kr\u0101sas: caursp\u012bd\u012bga un dzintara \u2022 Diametrs: \u0101r\u0113jais \u2013 2,4 mm; iek\u0161\u0113jais \u2013 1,24 mm \u2022 Savienojums: Luer<\/p>","protected":false},"featured_media":21055,"comment_status":"open","ping_status":"closed","template":"","meta":[],"product_brand":[],"product_cat":[242],"product_tag":[],"class_list":{"0":"post-21053","1":"product","2":"type-product","3":"status-publish","4":"has-post-thumbnail","6":"product_cat-infuzijas-utml","8":"first","9":"instock","10":"taxable","11":"shipping-taxable","12":"product-type-simple"},"_links":{"self":[{"href":"https:\/\/medapp.lv\/et\/wp-json\/wp\/v2\/product\/21053","targetHints":{"allow":["GET"]}}],"collection":[{"href":"https:\/\/medapp.lv\/et\/wp-json\/wp\/v2\/product"}],"about":[{"href":"https:\/\/medapp.lv\/et\/wp-json\/wp\/v2\/types\/product"}],"replies":[{"embeddable":true,"href":"https:\/\/medapp.lv\/et\/wp-json\/wp\/v2\/comments?post=21053"}],"version-history":[{"count":2,"href":"https:\/\/medapp.lv\/et\/wp-json\/wp\/v2\/product\/21053\/revisions"}],"predecessor-version":[{"id":21057,"href":"https:\/\/medapp.lv\/et\/wp-json\/wp\/v2\/product\/21053\/revisions\/21057"}],"wp:featuredmedia":[{"embeddable":true,"href":"https:\/\/medapp.lv\/et\/wp-json\/wp\/v2\/media\/21055"}],"wp:attachment":[{"href":"https:\/\/medapp.lv\/et\/wp-json\/wp\/v2\/media?parent=21053"}],"wp:term":[{"taxonomy":"product_brand","embeddable":true,"href":"https:\/\/medapp.lv\/et\/wp-json\/wp\/v2\/product_brand?post=21053"},{"taxonomy":"product_cat","embeddable":true,"href":"https:\/\/medapp.lv\/et\/wp-json\/wp\/v2\/product_cat?post=21053"},{"taxonomy":"product_tag","embeddable":true,"href":"https:\/\/medapp.lv\/et\/wp-json\/wp\/v2\/product_tag?post=21053"}],"curies":[{"name":"t\u00f6\u00f6leht","href":"https:\/\/api.w.org\/{rel}","templated":true}]}}