{"id":21067,"date":"2025-06-30T10:50:34","date_gmt":"2025-06-30T08:50:34","guid":{"rendered":"https:\/\/medapp.lv\/?post_type=product&#038;p=21067"},"modified":"2025-07-17T10:04:07","modified_gmt":"2025-07-17T08:04:07","slug":"kanulas-aizbaznis-luer-lock","status":"publish","type":"product","link":"https:\/\/medapp.lv\/et\/product\/kanulas-aizbaznis-luer-lock\/","title":{"rendered":"Kan\u00fc\u00fcli kork (luer-lukk)"},"content":{"rendered":"<p>Kasutatakse intravenoossete kan\u00fc\u00fclide, portide ja kateetrite korgina<\/p>\n<p>250 tk\/pakend<\/p>\n<p>&nbsp;<\/p>","protected":false},"excerpt":{"rendered":"<p>Lieto k\u0101 aizb\u0101zni intravenoz\u0101m kanul\u0101m, portiem un katetriem 250gb\/iepakojum\u0101 &nbsp;<\/p>","protected":false},"featured_media":21068,"comment_status":"open","ping_status":"closed","template":"","meta":[],"product_brand":[],"product_cat":[242],"product_tag":[],"class_list":{"0":"post-21067","1":"product","2":"type-product","3":"status-publish","4":"has-post-thumbnail","6":"product_cat-infuzijas-utml","8":"first","9":"instock","10":"taxable","11":"shipping-taxable","12":"product-type-simple"},"_links":{"self":[{"href":"https:\/\/medapp.lv\/et\/wp-json\/wp\/v2\/product\/21067","targetHints":{"allow":["GET"]}}],"collection":[{"href":"https:\/\/medapp.lv\/et\/wp-json\/wp\/v2\/product"}],"about":[{"href":"https:\/\/medapp.lv\/et\/wp-json\/wp\/v2\/types\/product"}],"replies":[{"embeddable":true,"href":"https:\/\/medapp.lv\/et\/wp-json\/wp\/v2\/comments?post=21067"}],"version-history":[{"count":1,"href":"https:\/\/medapp.lv\/et\/wp-json\/wp\/v2\/product\/21067\/revisions"}],"predecessor-version":[{"id":21069,"href":"https:\/\/medapp.lv\/et\/wp-json\/wp\/v2\/product\/21067\/revisions\/21069"}],"wp:featuredmedia":[{"embeddable":true,"href":"https:\/\/medapp.lv\/et\/wp-json\/wp\/v2\/media\/21068"}],"wp:attachment":[{"href":"https:\/\/medapp.lv\/et\/wp-json\/wp\/v2\/media?parent=21067"}],"wp:term":[{"taxonomy":"product_brand","embeddable":true,"href":"https:\/\/medapp.lv\/et\/wp-json\/wp\/v2\/product_brand?post=21067"},{"taxonomy":"product_cat","embeddable":true,"href":"https:\/\/medapp.lv\/et\/wp-json\/wp\/v2\/product_cat?post=21067"},{"taxonomy":"product_tag","embeddable":true,"href":"https:\/\/medapp.lv\/et\/wp-json\/wp\/v2\/product_tag?post=21067"}],"curies":[{"name":"t\u00f6\u00f6leht","href":"https:\/\/api.w.org\/{rel}","templated":true}]}}