{"id":21156,"date":"2025-07-02T10:05:02","date_gmt":"2025-07-02T08:05:02","guid":{"rendered":"https:\/\/medapp.lv\/?post_type=product&#038;p=21156"},"modified":"2026-01-28T11:22:14","modified_gmt":"2026-01-28T09:22:14","slug":"darco-relief-dual-plus-kurpe-ar-augstu-potites-atbalstu","status":"publish","type":"product","link":"https:\/\/medapp.lv\/et\/product\/darco-relief-dual-plus-kurpe-ar-augstu-potites-atbalstu\/","title":{"rendered":"DARCO Relief Dual\u00ae Plus king k\u00f5rge pahkluu toega"},"content":{"rendered":"<p><strong>DARCO Relief Dual\u00ae Plus<\/strong> on spetsiaalselt disainitud j\u00e4relhooldusjalats, millel on 64% k\u00f5rgem konts kui tavalisel Relief Dual\u00ae-il. See pakub suurep\u00e4rast stabiilsust ja v\u00e4hendab pinget esijalale ja kannale p\u00e4rast operatsiooni v\u00f5i haavandiravi ajal. K\u00f5rge konts, reguleeritav kannatugi ja isepingulduv pahkluurihm pakuvad suurep\u00e4rast tuge ja mugavust. Jalatsil on ka eriti lai sisenemisava ja kandiline ninaosa, mis kaitseb varbaid.<\/p>\n<p><strong>Omadused:<\/strong><br \/>\n\u2022 K\u00f5rge konts lisastabiilsuse tagamiseks<br \/>\n\u2022 Reguleeritav kannapael<br \/>\n\u2022 Avatud disain \u2013 sobib ka suurte sidemete jaoks<br \/>\n\u2022 Libisemisvastane ja l\u00f6\u00f6ke neelav tald<br \/>\n\u2022 Kandiline ninaosa parema kaitse tagamiseks<br \/>\n\u2022 Negatiivne kontsak\u00f5rgus (spetsiaalse sisetallaga)<br \/>\n\u2022 Sobib ka diabeetikutele<\/p>\n<p><strong>Juhised:<\/strong><br \/>\n\u2022 P\u00e4rast operatsioone (osteotoomia, Haglundi eksostoos jne)<br \/>\n\u2022 Plantaarse fastsiidi ja kannakannuste raviks<br \/>\n\u2022 Haavandite raviks<\/p>\n<p><strong>Naiste suurused:<\/strong><\/p>\n<table style=\"height: 251px;\" width=\"465\">\n<thead>\n<tr>\n<th>\n<p class=\"p1\"><b>Suurus<\/b><\/p>\n<\/th>\n<th>\n<p class=\"p1\"><b>EL-i suurus<\/b><\/p>\n<\/th>\n<\/tr>\n<\/thead>\n<tbody>\n<tr>\n<td>\n<p class=\"p1\">WS<\/p>\n<\/td>\n<td>\n<p class=\"p1\">34,0\u201336,5<\/p>\n<\/td>\n<\/tr>\n<tr>\n<td>\n<p class=\"p1\">W.M.<\/p>\n<\/td>\n<td>\n<p class=\"p1\">37,0\u201338,5<\/p>\n<\/td>\n<\/tr>\n<tr>\n<td>\n<p class=\"p1\">WL<\/p>\n<\/td>\n<td>\n<p class=\"p1\">39,0\u201341,0<\/p>\n<\/td>\n<\/tr>\n<\/tbody>\n<\/table>\n<p>&nbsp;<\/p>\n<p><strong>Meeste suurused:<\/strong><\/p>\n<table style=\"height: 354px;\" width=\"465\">\n<thead>\n<tr>\n<th>\n<p class=\"p1\"><b>Suurus<\/b><\/p>\n<\/th>\n<th>\n<p class=\"p1\"><b>EL-i suurus<\/b><\/p>\n<\/th>\n<\/tr>\n<\/thead>\n<tbody>\n<tr>\n<td>\n<p class=\"p1\">MS<\/p>\n<\/td>\n<td>\n<p class=\"p1\">39,0\u201341,0<\/p>\n<\/td>\n<\/tr>\n<tr>\n<td>\n<p class=\"p1\">MM<\/p>\n<\/td>\n<td>\n<p class=\"p1\">41,5\u201343,0<\/p>\n<\/td>\n<\/tr>\n<tr>\n<td>\n<p class=\"p1\">ML<\/p>\n<\/td>\n<td>\n<p class=\"p1\">43,5\u201345,0<\/p>\n<\/td>\n<\/tr>\n<tr>\n<td>\n<p class=\"p1\">MXL<\/p>\n<\/td>\n<td>\n<p class=\"p1\">45,5\u201347,0<\/p>\n<\/td>\n<\/tr>\n<tr>\n<td>\n<p class=\"p1\">MXXL<\/p>\n<\/td>\n<td>\n<p class=\"p1\">47,5\u201350,0<\/p>\n<\/td>\n<\/tr>\n<\/tbody>\n<\/table>","protected":false},"excerpt":{"rendered":"<p>DARCO Relief Dual\u00ae Plus ir \u012bpa\u0161i izstr\u0101d\u0101ta p\u0113capr\u016bpes kurpe ar 64% augst\u0101ku stulma da\u013cu nek\u0101 standarta Relief Dual\u00ae. T\u0101 nodro\u0161ina<\/p>","protected":false},"featured_media":21157,"comment_status":"open","ping_status":"closed","template":"","meta":[],"product_brand":[],"product_cat":[291],"product_tag":[],"class_list":{"0":"post-21156","1":"product","2":"type-product","3":"status-publish","4":"has-post-thumbnail","6":"product_cat-ortopediskie-apavi","8":"first","9":"outofstock","10":"taxable","11":"shipping-taxable","12":"purchasable","13":"product-type-variable"},"_links":{"self":[{"href":"https:\/\/medapp.lv\/et\/wp-json\/wp\/v2\/product\/21156","targetHints":{"allow":["GET"]}}],"collection":[{"href":"https:\/\/medapp.lv\/et\/wp-json\/wp\/v2\/product"}],"about":[{"href":"https:\/\/medapp.lv\/et\/wp-json\/wp\/v2\/types\/product"}],"replies":[{"embeddable":true,"href":"https:\/\/medapp.lv\/et\/wp-json\/wp\/v2\/comments?post=21156"}],"version-history":[{"count":1,"href":"https:\/\/medapp.lv\/et\/wp-json\/wp\/v2\/product\/21156\/revisions"}],"predecessor-version":[{"id":21166,"href":"https:\/\/medapp.lv\/et\/wp-json\/wp\/v2\/product\/21156\/revisions\/21166"}],"wp:featuredmedia":[{"embeddable":true,"href":"https:\/\/medapp.lv\/et\/wp-json\/wp\/v2\/media\/21157"}],"wp:attachment":[{"href":"https:\/\/medapp.lv\/et\/wp-json\/wp\/v2\/media?parent=21156"}],"wp:term":[{"taxonomy":"product_brand","embeddable":true,"href":"https:\/\/medapp.lv\/et\/wp-json\/wp\/v2\/product_brand?post=21156"},{"taxonomy":"product_cat","embeddable":true,"href":"https:\/\/medapp.lv\/et\/wp-json\/wp\/v2\/product_cat?post=21156"},{"taxonomy":"product_tag","embeddable":true,"href":"https:\/\/medapp.lv\/et\/wp-json\/wp\/v2\/product_tag?post=21156"}],"curies":[{"name":"t\u00f6\u00f6leht","href":"https:\/\/api.w.org\/{rel}","templated":true}]}}