{"id":21167,"date":"2025-07-02T10:09:29","date_gmt":"2025-07-02T08:09:29","guid":{"rendered":"https:\/\/medapp.lv\/?post_type=product&#038;p=21167"},"modified":"2026-04-08T19:17:06","modified_gmt":"2026-04-08T17:17:06","slug":"darco-posterior-splint-plus-fix-pedas-pozicionesanas-ortoze-90-lenki","status":"publish","type":"product","link":"https:\/\/medapp.lv\/et\/product\/darco-posterior-splint-plus-fix-pedas-pozicionesanas-ortoze-90-lenki\/","title":{"rendered":"DARCO Posterior Splint Plus Fix jala positsioneerimisortoos (90\u00b0 nurk)"},"content":{"rendered":"<p class=\"p1\"><b>Stabiliseeriv ortoos jala ja s\u00e4\u00e4re positsioneerimiseks p\u00e4rast vigastusi ja operatsioone.<\/b><\/p>\n<p>&nbsp;<\/p>\n<p><strong>DARCO tagumine lahas Plus Fix<\/strong> on anatoomiliselt kohandatud kuju ja 90\u00b0 nurga all fikseeritav jala positsioneeriv ortoos. See on v\u00e4lja t\u00f6\u00f6tatud koost\u00f6\u00f6s juhtivate ortopeedide ja tehniliste spetsialistidega, et tagada efektiivne ja mugav immobilisatsioon.<\/p>\n<p>T\u00e4nu kolmele elastsele, vabalt paigutatavale rihmale ja pehmele sisemisele voodrivahule (PE) tagab ortoos optimaalse stabiilsuse ja mugavuse. Kaks ovaalset v\u00e4ljal\u00f5iget soodustavad ventilatsiooni ning ortoosi lihtne paigaldamine s\u00e4\u00e4stab aega nii praktikas kui ka operatsioonisaalis.<\/p>\n<p><strong>Soovitatav on kasutada:<\/strong><br \/>\n\u2022 P\u00e4rast vigastusi (nikastused, nihestused, luumurrud jne)<br \/>\n\u2022 P\u00e4rast jala v\u00f5i labajala operatsiooni<br \/>\n\u2022 \u00c4geda p\u00f5letiku v\u00f5i haavade korral<br \/>\n\u2022 Ajutine liikumatus<\/p>\n<p><strong>Omadused:<\/strong><br \/>\n\u2022 90\u00b0 nurga all positsioneerimine piiratud seljapaindega<br \/>\n\u2022 Hingavad tsoonid ovaalsete v\u00e4ljal\u00f5igetega<br \/>\n\u2022 Pehme sisevooder \u2013 v\u00e4hendab survepunkte<br \/>\n\u2022 Stabiilne v\u00e4liskest<br \/>\n\u2022 Sobib koheseks kasutamiseks p\u00e4rast sideme paigaldamist<br \/>\n\u2022 Kolm reguleeritavat kinnitusrihma<br \/>\n\u2022 Sisaldab spetsiaalset imavat padjakest haavaeritiste jaoks<br \/>\n\u2022 V\u00e4rv: Valge-sinine<\/p>\n<p>&nbsp;<\/p>\n<table style=\"height: 270px;\" width=\"892\">\n<thead>\n<tr>\n<th>\n<p class=\"p1\"><b>Suurus<\/b><\/p>\n<\/th>\n<th>\n<p class=\"p1\"><b>EL-i kingasuurus<\/b><\/p>\n<\/th>\n<th>\n<p class=\"p1\"><b>Jala pikkus<\/b><\/p>\n<\/th>\n<th>\n<p class=\"p1\"><b>S\u00e4\u00e4reosa pikkus<\/b><\/p>\n<\/th>\n<\/tr>\n<\/thead>\n<tbody>\n<tr>\n<td>\n<p class=\"p1\">S<\/p>\n<\/td>\n<td>\n<p class=\"p1\">kuni 40<\/p>\n<\/td>\n<td>\n<p class=\"p1\">26,5 cm<\/p>\n<\/td>\n<td>\n<p class=\"p1\">34,0 cm<\/p>\n<\/td>\n<\/tr>\n<tr>\n<td>\n<p class=\"p1\">M<\/p>\n<\/td>\n<td>\n<p class=\"p1\">41\u201345<\/p>\n<\/td>\n<td>\n<p class=\"p1\">29,5 cm<\/p>\n<\/td>\n<td>\n<p class=\"p1\">37,0 cm<\/p>\n<\/td>\n<\/tr>\n<tr>\n<td>\n<p class=\"p1\">L<\/p>\n<\/td>\n<td>\n<p class=\"p1\">46\u201349<\/p>\n<\/td>\n<td>\n<p class=\"p1\">32,5 cm<\/p>\n<\/td>\n<td>\n<p class=\"p1\">40,0 cm<\/p>\n<\/td>\n<\/tr>\n<\/tbody>\n<\/table>","protected":false},"excerpt":{"rendered":"<p>Stabiliz\u0113jo\u0161a ortoze p\u0113das un apak\u0161stilba pozicion\u0113\u0161anai p\u0113c traum\u0101m un oper\u0101cij\u0101m. &nbsp; DARCO Posterior Splint Plus Fix ir p\u0113das pozicion\u0113\u0161anas ortoze<\/p>","protected":false},"featured_media":21168,"comment_status":"open","ping_status":"closed","template":"","meta":[],"product_brand":[],"product_cat":[137],"product_tag":[],"class_list":{"0":"post-21167","1":"product","2":"type-product","3":"status-publish","4":"has-post-thumbnail","6":"product_cat-kajai-cela-locitivai-un-pedai","8":"first","9":"instock","10":"taxable","11":"shipping-taxable","12":"purchasable","13":"product-type-variable"},"_links":{"self":[{"href":"https:\/\/medapp.lv\/et\/wp-json\/wp\/v2\/product\/21167","targetHints":{"allow":["GET"]}}],"collection":[{"href":"https:\/\/medapp.lv\/et\/wp-json\/wp\/v2\/product"}],"about":[{"href":"https:\/\/medapp.lv\/et\/wp-json\/wp\/v2\/types\/product"}],"replies":[{"embeddable":true,"href":"https:\/\/medapp.lv\/et\/wp-json\/wp\/v2\/comments?post=21167"}],"version-history":[{"count":1,"href":"https:\/\/medapp.lv\/et\/wp-json\/wp\/v2\/product\/21167\/revisions"}],"predecessor-version":[{"id":21172,"href":"https:\/\/medapp.lv\/et\/wp-json\/wp\/v2\/product\/21167\/revisions\/21172"}],"wp:featuredmedia":[{"embeddable":true,"href":"https:\/\/medapp.lv\/et\/wp-json\/wp\/v2\/media\/21168"}],"wp:attachment":[{"href":"https:\/\/medapp.lv\/et\/wp-json\/wp\/v2\/media?parent=21167"}],"wp:term":[{"taxonomy":"product_brand","embeddable":true,"href":"https:\/\/medapp.lv\/et\/wp-json\/wp\/v2\/product_brand?post=21167"},{"taxonomy":"product_cat","embeddable":true,"href":"https:\/\/medapp.lv\/et\/wp-json\/wp\/v2\/product_cat?post=21167"},{"taxonomy":"product_tag","embeddable":true,"href":"https:\/\/medapp.lv\/et\/wp-json\/wp\/v2\/product_tag?post=21167"}],"curies":[{"name":"t\u00f6\u00f6leht","href":"https:\/\/api.w.org\/{rel}","templated":true}]}}