{"id":21186,"date":"2025-07-02T12:08:33","date_gmt":"2025-07-02T10:08:33","guid":{"rendered":"https:\/\/medapp.lv\/?post_type=product&#038;p=21186"},"modified":"2025-07-17T10:04:01","modified_gmt":"2025-07-17T08:04:01","slug":"elposanas-loks-ar-sominu","status":"publish","type":"product","link":"https:\/\/medapp.lv\/et\/product\/elposanas-loks-ar-sominu\/","title":{"rendered":"Hingamisvoolik kotiga"},"content":{"rendered":"<p>\u00dchekordne hingamisahel integreeritud kotiga. Saadaval nii lastele kui ka t\u00e4iskasvanutele. Loodud ohutuks ja t\u00f5husaks ventilatsiooniks operatsioonisaalis v\u00f5i intensiivravi osakonnas.<\/p>\n<table style=\"height: 205px;\" width=\"582\">\n<thead>\n<tr>\n<th>\n<p class=\"p1\"><b>Tootekood<\/b><\/p>\n<\/th>\n<th>\n<p class=\"p1\"><b>Suurus<\/b><\/p>\n<\/th>\n<th>\n<p class=\"p1\"><b>Helitugevus<\/b><\/p>\n<\/th>\n<th>\n<p class=\"p1\"><b>Pakend<\/b><\/p>\n<\/th>\n<\/tr>\n<\/thead>\n<tbody>\n<tr>\n<td>\n<p class=\"p1\">OBWD-1601L<\/p>\n<\/td>\n<td>\n<p class=\"p1\">Lastele<\/p>\n<\/td>\n<td>\n<p class=\"p1\">1 liiter<\/p>\n<\/td>\n<td>\n<p class=\"p1\">25 tk.<\/p>\n<\/td>\n<\/tr>\n<tr>\n<td>\n<p class=\"p1\">OBWD-1603L<\/p>\n<\/td>\n<td>\n<p class=\"p1\">T\u00e4iskasvanutele<\/p>\n<\/td>\n<td>\n<p class=\"p1\">3 liitrit<\/p>\n<\/td>\n<td>\n<p class=\"p1\">37 t\u00fckki.<\/p>\n<\/td>\n<\/tr>\n<\/tbody>\n<\/table>","protected":false},"excerpt":{"rendered":"<p>Vienreizlietojams elpo\u0161anas loks ar integr\u0113tu somi\u0146u. Pieejams gan b\u0113rniem, gan pieaugu\u0161ajiem. Paredz\u0113ts dro\u0161ai un efekt\u012bvai ventil\u0101cijai oper\u0101ciju z\u0101l\u0113 vai intens\u012bv\u0101s<\/p>","protected":false},"featured_media":21187,"comment_status":"open","ping_status":"closed","template":"","meta":[],"product_brand":[],"product_cat":[244],"product_tag":[],"class_list":{"0":"post-21186","1":"product","2":"type-product","3":"status-publish","4":"has-post-thumbnail","6":"product_cat-anestezijas-piederumi","8":"first","9":"instock","10":"taxable","11":"shipping-taxable","12":"product-type-simple"},"_links":{"self":[{"href":"https:\/\/medapp.lv\/et\/wp-json\/wp\/v2\/product\/21186","targetHints":{"allow":["GET"]}}],"collection":[{"href":"https:\/\/medapp.lv\/et\/wp-json\/wp\/v2\/product"}],"about":[{"href":"https:\/\/medapp.lv\/et\/wp-json\/wp\/v2\/types\/product"}],"replies":[{"embeddable":true,"href":"https:\/\/medapp.lv\/et\/wp-json\/wp\/v2\/comments?post=21186"}],"version-history":[{"count":2,"href":"https:\/\/medapp.lv\/et\/wp-json\/wp\/v2\/product\/21186\/revisions"}],"predecessor-version":[{"id":21189,"href":"https:\/\/medapp.lv\/et\/wp-json\/wp\/v2\/product\/21186\/revisions\/21189"}],"wp:featuredmedia":[{"embeddable":true,"href":"https:\/\/medapp.lv\/et\/wp-json\/wp\/v2\/media\/21187"}],"wp:attachment":[{"href":"https:\/\/medapp.lv\/et\/wp-json\/wp\/v2\/media?parent=21186"}],"wp:term":[{"taxonomy":"product_brand","embeddable":true,"href":"https:\/\/medapp.lv\/et\/wp-json\/wp\/v2\/product_brand?post=21186"},{"taxonomy":"product_cat","embeddable":true,"href":"https:\/\/medapp.lv\/et\/wp-json\/wp\/v2\/product_cat?post=21186"},{"taxonomy":"product_tag","embeddable":true,"href":"https:\/\/medapp.lv\/et\/wp-json\/wp\/v2\/product_tag?post=21186"}],"curies":[{"name":"t\u00f6\u00f6leht","href":"https:\/\/api.w.org\/{rel}","templated":true}]}}