{"id":21190,"date":"2025-07-02T12:11:49","date_gmt":"2025-07-02T10:11:49","guid":{"rendered":"https:\/\/medapp.lv\/?post_type=product&#038;p=21190"},"modified":"2025-07-17T10:04:00","modified_gmt":"2025-07-17T08:04:00","slug":"katetera-stiprinajums-ar-dubultu-grozamu-savienotaju-sterils","status":"publish","type":"product","link":"https:\/\/medapp.lv\/et\/product\/katetera-stiprinajums-ar-dubultu-grozamu-savienotaju-sterils\/","title":{"rendered":"Kateetri kinnitus topeltp\u00f6\u00f6rd\u00fchendusega, steriilne"},"content":{"rendered":"<p>Steriilne kateetri \u00fchendusliitmik kahekordse p\u00f6\u00f6rleva \u00fchendusega. Tagab mugava ja stabiilse \u00fchenduse hingamiss\u00fcsteemiga. Ideaalne anesteesia ja intensiivravi vajadusteks.<\/p>\n<p><strong>Spetsifikatsioon:<\/strong><br \/>\n\u00dchendus: 22M\/15F-22F<br \/>\nPikkus (ilma \u00fchendusdetailita): 8\u201315 cm<\/p>\n<p><strong>Pakend:<\/strong><br \/>\n10 tk.<\/p>","protected":false},"excerpt":{"rendered":"<p>Sterils katetera savienojuma stiprin\u0101jums ar divk\u0101r\u0161u groz\u0101mo savienot\u0101ju. Nodro\u0161ina \u0113rtu un stabilu pievienojumu elpo\u0161anas sist\u0113mai. Ide\u0101li piem\u0113rots anest\u0113zijai un intens\u012bv\u0101s<\/p>","protected":false},"featured_media":21192,"comment_status":"open","ping_status":"closed","template":"","meta":[],"product_brand":[],"product_cat":[244],"product_tag":[],"class_list":{"0":"post-21190","1":"product","2":"type-product","3":"status-publish","4":"has-post-thumbnail","6":"product_cat-anestezijas-piederumi","8":"first","9":"instock","10":"taxable","11":"shipping-taxable","12":"product-type-simple"},"_links":{"self":[{"href":"https:\/\/medapp.lv\/et\/wp-json\/wp\/v2\/product\/21190","targetHints":{"allow":["GET"]}}],"collection":[{"href":"https:\/\/medapp.lv\/et\/wp-json\/wp\/v2\/product"}],"about":[{"href":"https:\/\/medapp.lv\/et\/wp-json\/wp\/v2\/types\/product"}],"replies":[{"embeddable":true,"href":"https:\/\/medapp.lv\/et\/wp-json\/wp\/v2\/comments?post=21190"}],"version-history":[{"count":2,"href":"https:\/\/medapp.lv\/et\/wp-json\/wp\/v2\/product\/21190\/revisions"}],"predecessor-version":[{"id":21194,"href":"https:\/\/medapp.lv\/et\/wp-json\/wp\/v2\/product\/21190\/revisions\/21194"}],"wp:featuredmedia":[{"embeddable":true,"href":"https:\/\/medapp.lv\/et\/wp-json\/wp\/v2\/media\/21192"}],"wp:attachment":[{"href":"https:\/\/medapp.lv\/et\/wp-json\/wp\/v2\/media?parent=21190"}],"wp:term":[{"taxonomy":"product_brand","embeddable":true,"href":"https:\/\/medapp.lv\/et\/wp-json\/wp\/v2\/product_brand?post=21190"},{"taxonomy":"product_cat","embeddable":true,"href":"https:\/\/medapp.lv\/et\/wp-json\/wp\/v2\/product_cat?post=21190"},{"taxonomy":"product_tag","embeddable":true,"href":"https:\/\/medapp.lv\/et\/wp-json\/wp\/v2\/product_tag?post=21190"}],"curies":[{"name":"t\u00f6\u00f6leht","href":"https:\/\/api.w.org\/{rel}","templated":true}]}}