{"id":21207,"date":"2025-07-02T12:40:30","date_gmt":"2025-07-02T10:40:30","guid":{"rendered":"https:\/\/medapp.lv\/?post_type=product&#038;p=21207"},"modified":"2025-07-17T10:03:58","modified_gmt":"2025-07-17T08:03:58","slug":"gela-pozicionetajs-galvai","status":"publish","type":"product","link":"https:\/\/medapp.lv\/et\/product\/gela-pozicionetajs-galvai\/","title":{"rendered":"Geelpea positsioneerija"},"content":{"rendered":"<p>Mugavad ja ohutud geelpositsioneerid pea fikseerimiseks operatsioonide v\u00f5i protseduuride ajal. Valmistatud kvaliteetsest materjalist, mis pakub mugavust ja leevendab survet. Saadaval erinevates suurustes ja kujudes vastavalt vajadustele.<\/p>\n<p><strong>Saadaval olevad mudelid ja suurused:<\/strong><br \/>\n\u2022 AP003 \u2013 20 \u00d7 7,5 \u00d7 4,5 cm<br \/>\n\u2022 AP012 \u2013 14 x 6 x 3,5 cm (\u00fcmmargune v\u00e4ljal\u00f5ikega)<br \/>\n\u2022 AP012C \u2013 14 x 6 x 3,5 cm (poolring)<br \/>\n\u2022 AP110 \u2013 23 \u00d7 27 \u00d7 7 cm<\/p>\n<p><strong>Pakend:<\/strong> 1 t\u00fckk<\/p>","protected":false},"excerpt":{"rendered":"<p>\u0112rti un dro\u0161i g\u0113la pozicion\u0113t\u0101ji galvas fiks\u0113\u0161anai oper\u0101ciju vai proced\u016bru laik\u0101. Izgatavoti no augstas kvalit\u0101tes materi\u0101la, kas nodro\u0161ina komfortu un<\/p>","protected":false},"featured_media":21209,"comment_status":"open","ping_status":"closed","template":"","meta":[],"product_brand":[],"product_cat":[213],"product_tag":[],"class_list":{"0":"post-21207","1":"product","2":"type-product","3":"status-publish","4":"has-post-thumbnail","6":"product_cat-citi-b2b","8":"first","9":"instock","10":"taxable","11":"shipping-taxable","12":"product-type-simple"},"_links":{"self":[{"href":"https:\/\/medapp.lv\/et\/wp-json\/wp\/v2\/product\/21207","targetHints":{"allow":["GET"]}}],"collection":[{"href":"https:\/\/medapp.lv\/et\/wp-json\/wp\/v2\/product"}],"about":[{"href":"https:\/\/medapp.lv\/et\/wp-json\/wp\/v2\/types\/product"}],"replies":[{"embeddable":true,"href":"https:\/\/medapp.lv\/et\/wp-json\/wp\/v2\/comments?post=21207"}],"version-history":[{"count":1,"href":"https:\/\/medapp.lv\/et\/wp-json\/wp\/v2\/product\/21207\/revisions"}],"predecessor-version":[{"id":21210,"href":"https:\/\/medapp.lv\/et\/wp-json\/wp\/v2\/product\/21207\/revisions\/21210"}],"wp:featuredmedia":[{"embeddable":true,"href":"https:\/\/medapp.lv\/et\/wp-json\/wp\/v2\/media\/21209"}],"wp:attachment":[{"href":"https:\/\/medapp.lv\/et\/wp-json\/wp\/v2\/media?parent=21207"}],"wp:term":[{"taxonomy":"product_brand","embeddable":true,"href":"https:\/\/medapp.lv\/et\/wp-json\/wp\/v2\/product_brand?post=21207"},{"taxonomy":"product_cat","embeddable":true,"href":"https:\/\/medapp.lv\/et\/wp-json\/wp\/v2\/product_cat?post=21207"},{"taxonomy":"product_tag","embeddable":true,"href":"https:\/\/medapp.lv\/et\/wp-json\/wp\/v2\/product_tag?post=21207"}],"curies":[{"name":"t\u00f6\u00f6leht","href":"https:\/\/api.w.org\/{rel}","templated":true}]}}