{"id":21222,"date":"2025-07-02T14:02:20","date_gmt":"2025-07-02T12:02:20","guid":{"rendered":"https:\/\/medapp.lv\/?post_type=product&#038;p=21222"},"modified":"2025-07-17T10:03:57","modified_gmt":"2025-07-17T08:03:57","slug":"plecu-operaciju-komplekts","status":"publish","type":"product","link":"https:\/\/medapp.lv\/et\/product\/plecu-operaciju-komplekts\/","title":{"rendered":"\u00d5laoperatsiooni komplekt"},"content":{"rendered":"<p><strong>Tootekood:<\/strong> 42000054<br \/>\n<strong>Sisaldab:<\/strong> Avadega, imavate materjalide ja vedelikukottidega kardinad, mis on kohandatud \u00f5lakirurgia jaoks.<\/p>\n<p>Ideaalne ortopeedilisteks \u00f5laoperatsioonideks.<\/p>","protected":false},"excerpt":{"rendered":"<p>Preces kods: 42000054 Satur: pleca oper\u0101cijai piel\u0101gotus p\u0101rkl\u0101jus ar atver\u0113m, absorb\u0113jo\u0161us materi\u0101lus, \u0161\u0137idruma maisi\u0146us. Ide\u0101li piem\u0113rots ortop\u0113disk\u0101m plecu oper\u0101cij\u0101m.<\/p>","protected":false},"featured_media":21489,"comment_status":"open","ping_status":"closed","template":"","meta":[],"product_brand":[],"product_cat":[240],"product_tag":[],"class_list":{"0":"post-21222","1":"product","2":"type-product","3":"status-publish","4":"has-post-thumbnail","6":"product_cat-kirurgiskie-komplekti","8":"first","9":"instock","10":"taxable","11":"shipping-taxable","12":"product-type-simple"},"_links":{"self":[{"href":"https:\/\/medapp.lv\/et\/wp-json\/wp\/v2\/product\/21222","targetHints":{"allow":["GET"]}}],"collection":[{"href":"https:\/\/medapp.lv\/et\/wp-json\/wp\/v2\/product"}],"about":[{"href":"https:\/\/medapp.lv\/et\/wp-json\/wp\/v2\/types\/product"}],"replies":[{"embeddable":true,"href":"https:\/\/medapp.lv\/et\/wp-json\/wp\/v2\/comments?post=21222"}],"version-history":[{"count":2,"href":"https:\/\/medapp.lv\/et\/wp-json\/wp\/v2\/product\/21222\/revisions"}],"predecessor-version":[{"id":21225,"href":"https:\/\/medapp.lv\/et\/wp-json\/wp\/v2\/product\/21222\/revisions\/21225"}],"wp:featuredmedia":[{"embeddable":true,"href":"https:\/\/medapp.lv\/et\/wp-json\/wp\/v2\/media\/21489"}],"wp:attachment":[{"href":"https:\/\/medapp.lv\/et\/wp-json\/wp\/v2\/media?parent=21222"}],"wp:term":[{"taxonomy":"product_brand","embeddable":true,"href":"https:\/\/medapp.lv\/et\/wp-json\/wp\/v2\/product_brand?post=21222"},{"taxonomy":"product_cat","embeddable":true,"href":"https:\/\/medapp.lv\/et\/wp-json\/wp\/v2\/product_cat?post=21222"},{"taxonomy":"product_tag","embeddable":true,"href":"https:\/\/medapp.lv\/et\/wp-json\/wp\/v2\/product_tag?post=21222"}],"curies":[{"name":"t\u00f6\u00f6leht","href":"https:\/\/api.w.org\/{rel}","templated":true}]}}