{"id":21243,"date":"2025-07-03T12:50:48","date_gmt":"2025-07-03T10:50:48","guid":{"rendered":"https:\/\/medapp.lv\/?post_type=product&#038;p=21243"},"modified":"2026-03-15T13:28:51","modified_gmt":"2026-03-15T11:28:51","slug":"vienreizejas-lietosanas-slirce-bez-adatas","status":"publish","type":"product","link":"https:\/\/medapp.lv\/et\/product\/vienreizejas-lietosanas-slirce-bez-adatas\/","title":{"rendered":"\u00dchekordselt kasutatav s\u00fcstal ilma n\u00f5elata"},"content":{"rendered":"<p>Luer-lock \u00fchekordne s\u00fcstal. L\u00e4bipaistev silinder musta skaalaga. N\u00f5el ei kuulu komplekti.<\/p>\n<p>Maht: 3 ml 100 tk\/pakend<\/p>\n<p>Maht: 5 ml 100 tk\/pakend<\/p>\n<p>Maht: 10 ml 100 tk\/pakend<\/p>\n<p>Maht: 20 ml 50 tk\/pakend<\/p>\n<p>Maht: 30 ml 50 tk\/pakend<\/p>\n<p>Maht: 50\/60 ml 25 tk\/pakend<\/p>","protected":false},"excerpt":{"rendered":"<p>Luer Lock vienreizlietojam\u0101 \u0161\u013circe. Caursp\u012bd\u012bgs cilindrs ar melnu skalu. Komplekt\u0101 nav pievienota adata. Tilpums: 3 ml 100gb\/iepakojum\u0101 Tilpums: 5 ml<\/p>","protected":false},"featured_media":21033,"comment_status":"open","ping_status":"closed","template":"","meta":[],"product_brand":[],"product_cat":[301],"product_tag":[],"class_list":{"0":"post-21243","1":"product","2":"type-product","3":"status-publish","4":"has-post-thumbnail","6":"product_cat-adatas-un-slirces","8":"first","9":"instock","10":"taxable","11":"shipping-taxable","12":"purchasable","13":"product-type-variable"},"_links":{"self":[{"href":"https:\/\/medapp.lv\/et\/wp-json\/wp\/v2\/product\/21243","targetHints":{"allow":["GET"]}}],"collection":[{"href":"https:\/\/medapp.lv\/et\/wp-json\/wp\/v2\/product"}],"about":[{"href":"https:\/\/medapp.lv\/et\/wp-json\/wp\/v2\/types\/product"}],"replies":[{"embeddable":true,"href":"https:\/\/medapp.lv\/et\/wp-json\/wp\/v2\/comments?post=21243"}],"version-history":[{"count":1,"href":"https:\/\/medapp.lv\/et\/wp-json\/wp\/v2\/product\/21243\/revisions"}],"predecessor-version":[{"id":21250,"href":"https:\/\/medapp.lv\/et\/wp-json\/wp\/v2\/product\/21243\/revisions\/21250"}],"wp:featuredmedia":[{"embeddable":true,"href":"https:\/\/medapp.lv\/et\/wp-json\/wp\/v2\/media\/21033"}],"wp:attachment":[{"href":"https:\/\/medapp.lv\/et\/wp-json\/wp\/v2\/media?parent=21243"}],"wp:term":[{"taxonomy":"product_brand","embeddable":true,"href":"https:\/\/medapp.lv\/et\/wp-json\/wp\/v2\/product_brand?post=21243"},{"taxonomy":"product_cat","embeddable":true,"href":"https:\/\/medapp.lv\/et\/wp-json\/wp\/v2\/product_cat?post=21243"},{"taxonomy":"product_tag","embeddable":true,"href":"https:\/\/medapp.lv\/et\/wp-json\/wp\/v2\/product_tag?post=21243"}],"curies":[{"name":"t\u00f6\u00f6leht","href":"https:\/\/api.w.org\/{rel}","templated":true}]}}