{"id":21256,"date":"2025-07-03T13:05:32","date_gmt":"2025-07-03T11:05:32","guid":{"rendered":"https:\/\/medapp.lv\/?post_type=product&#038;p=21256"},"modified":"2025-07-17T10:12:40","modified_gmt":"2025-07-17T08:12:40","slug":"kanula-2","status":"publish","type":"product","link":"https:\/\/medapp.lv\/et\/product\/kanula-2\/","title":{"rendered":"Kan\u00fc\u00fcl"},"content":{"rendered":"<p>Saadaval olevad suurused ja voolukiirused:<br \/>\n\u2022 <strong>Kollane<\/strong> \u2014 24G | 0,7 \u00d7 19 mm | Voolukiirus: 23 ml\/min | 100 tk<br \/>\n\u2022 <strong>Sinine<\/strong> \u2014 22G | 0,9 \u00d7 25 mm | Voolukiirus: 36 ml\/min | 100 tk<br \/>\n\u2022 <strong>Roosa<\/strong> \u2014 20G | 1,1 \u00d7 32 mm | Voolukiirus: 56 ml\/min | 100 tk<br \/>\n\u2022 <strong>Roheline<\/strong> \u2014 18G | 1,3 \u00d7 45 mm | Voolukiirus: 90 ml\/min | 100 tk<br \/>\n\u2022 <strong>Valge<\/strong> \u2014 17G | 1,5 \u00d7 45 mm | Voolukiirus: 142 ml\/min | 100 tk<\/p>","protected":false},"excerpt":{"rendered":"<p>Pieejamie izm\u0113ri un pl\u016bsmas \u0101trumi: \u2022 Dzeltena \u2014 24G | 0.7 \u00d7 19 mm | Pl\u016bsmas \u0101trums: 23 ml\/min |<\/p>","protected":false},"featured_media":21059,"comment_status":"open","ping_status":"closed","template":"","meta":[],"product_brand":[],"product_cat":[301],"product_tag":[],"class_list":{"0":"post-21256","1":"product","2":"type-product","3":"status-publish","4":"has-post-thumbnail","6":"product_cat-adatas-un-slirces","8":"first","9":"instock","10":"taxable","11":"shipping-taxable","12":"purchasable","13":"product-type-variable"},"_links":{"self":[{"href":"https:\/\/medapp.lv\/et\/wp-json\/wp\/v2\/product\/21256","targetHints":{"allow":["GET"]}}],"collection":[{"href":"https:\/\/medapp.lv\/et\/wp-json\/wp\/v2\/product"}],"about":[{"href":"https:\/\/medapp.lv\/et\/wp-json\/wp\/v2\/types\/product"}],"replies":[{"embeddable":true,"href":"https:\/\/medapp.lv\/et\/wp-json\/wp\/v2\/comments?post=21256"}],"version-history":[{"count":1,"href":"https:\/\/medapp.lv\/et\/wp-json\/wp\/v2\/product\/21256\/revisions"}],"predecessor-version":[{"id":21262,"href":"https:\/\/medapp.lv\/et\/wp-json\/wp\/v2\/product\/21256\/revisions\/21262"}],"wp:featuredmedia":[{"embeddable":true,"href":"https:\/\/medapp.lv\/et\/wp-json\/wp\/v2\/media\/21059"}],"wp:attachment":[{"href":"https:\/\/medapp.lv\/et\/wp-json\/wp\/v2\/media?parent=21256"}],"wp:term":[{"taxonomy":"product_brand","embeddable":true,"href":"https:\/\/medapp.lv\/et\/wp-json\/wp\/v2\/product_brand?post=21256"},{"taxonomy":"product_cat","embeddable":true,"href":"https:\/\/medapp.lv\/et\/wp-json\/wp\/v2\/product_cat?post=21256"},{"taxonomy":"product_tag","embeddable":true,"href":"https:\/\/medapp.lv\/et\/wp-json\/wp\/v2\/product_tag?post=21256"}],"curies":[{"name":"t\u00f6\u00f6leht","href":"https:\/\/api.w.org\/{rel}","templated":true}]}}