{"id":21273,"date":"2025-07-07T12:37:37","date_gmt":"2025-07-07T10:37:37","guid":{"rendered":"https:\/\/medapp.lv\/?post_type=product&#038;p=21273"},"modified":"2025-08-05T10:30:45","modified_gmt":"2025-08-05T08:30:45","slug":"vates-spilventini","status":"publish","type":"product","link":"https:\/\/medapp.lv\/et\/product\/vates-spilventini\/","title":{"rendered":"Silma side\/haavaside"},"content":{"rendered":"<p>\u2022 Sobib silmavedelike imamiseks.<br \/>\n\u2022 Polsterduse ja silmasidemete komponendina.<br \/>\n\u2022 Kasutatakse v\u00e4liste silmavigastuste ja operatsioonij\u00e4rgsete juhtude korral.<br \/>\n\u2022 T\u00e4nu oma ovaalsele kujule sobib see side eriti h\u00e4sti silmakoopa.<\/p>\n<p><strong>Spetsifikatsioon:<\/strong><br \/>\n\u2022 Suurus: 5,6 x 7,2 cm<br \/>\n\u2022 Pakend: 500 tk\/pakend<\/p>\n<p>H\u00fcpoallergeenne | \u00dchekordselt kasutatav | Sobib tundlikule nahale<\/p>","protected":false},"excerpt":{"rendered":"<p>\u2022 Piem\u0113rots acu \u0161\u0137idrumu uzs\u016bk\u0161anai. \u2022 K\u0101 polster\u0113jums un acu p\u0101rs\u0113ju sast\u0101vda\u013ca. \u2022 Lieto pie \u0101r\u0113j\u0101m acu traum\u0101m un p\u0113coper\u0101cijas<\/p>","protected":false},"featured_media":21274,"comment_status":"open","ping_status":"closed","template":"","meta":[],"product_brand":[],"product_cat":[313],"product_tag":[],"class_list":{"0":"post-21273","1":"product","2":"type-product","3":"status-publish","4":"has-post-thumbnail","6":"product_cat-brucu-kopsana-veikals","8":"first","9":"outofstock","10":"taxable","11":"shipping-taxable","12":"purchasable","13":"product-type-simple"},"_links":{"self":[{"href":"https:\/\/medapp.lv\/et\/wp-json\/wp\/v2\/product\/21273","targetHints":{"allow":["GET"]}}],"collection":[{"href":"https:\/\/medapp.lv\/et\/wp-json\/wp\/v2\/product"}],"about":[{"href":"https:\/\/medapp.lv\/et\/wp-json\/wp\/v2\/types\/product"}],"replies":[{"embeddable":true,"href":"https:\/\/medapp.lv\/et\/wp-json\/wp\/v2\/comments?post=21273"}],"version-history":[{"count":3,"href":"https:\/\/medapp.lv\/et\/wp-json\/wp\/v2\/product\/21273\/revisions"}],"predecessor-version":[{"id":21607,"href":"https:\/\/medapp.lv\/et\/wp-json\/wp\/v2\/product\/21273\/revisions\/21607"}],"wp:featuredmedia":[{"embeddable":true,"href":"https:\/\/medapp.lv\/et\/wp-json\/wp\/v2\/media\/21274"}],"wp:attachment":[{"href":"https:\/\/medapp.lv\/et\/wp-json\/wp\/v2\/media?parent=21273"}],"wp:term":[{"taxonomy":"product_brand","embeddable":true,"href":"https:\/\/medapp.lv\/et\/wp-json\/wp\/v2\/product_brand?post=21273"},{"taxonomy":"product_cat","embeddable":true,"href":"https:\/\/medapp.lv\/et\/wp-json\/wp\/v2\/product_cat?post=21273"},{"taxonomy":"product_tag","embeddable":true,"href":"https:\/\/medapp.lv\/et\/wp-json\/wp\/v2\/product_tag?post=21273"}],"curies":[{"name":"t\u00f6\u00f6leht","href":"https:\/\/api.w.org\/{rel}","templated":true}]}}