{"id":21329,"date":"2025-07-08T09:19:25","date_gmt":"2025-07-08T07:19:25","guid":{"rendered":"https:\/\/medapp.lv\/?post_type=product&#038;p=21329"},"modified":"2025-07-17T10:03:53","modified_gmt":"2025-07-17T08:03:53","slug":"spirta-salvetites-2","status":"publish","type":"product","link":"https:\/\/medapp.lv\/et\/product\/spirta-salvetites-2\/","title":{"rendered":"Alkoholiga immutatud salvr\u00e4tikud"},"content":{"rendered":"<p>Alkoholiga immutatud salvr\u00e4tikud terve naha puhastamiseks, mittesteriilsed, ainult \u00fchekordseks kasutamiseks.<\/p>\n<p>Suurus: 3 x 6 cm 100 tk\/pakis<\/p>","protected":false},"excerpt":{"rendered":"<p>Spirta salvet\u012btes, neskartas \u0101das t\u012br\u012b\u0161anai, nesterilas, paredz\u0113tas tikai vienreiz\u0113jai lieto\u0161anai. Izm\u0113rs: 3 x 6 cm 100gb\/iepakojum\u0101<\/p>","protected":false},"featured_media":20932,"comment_status":"open","ping_status":"closed","template":"","meta":[],"product_brand":[290],"product_cat":[314],"product_tag":[],"class_list":{"0":"post-21329","1":"product","2":"type-product","3":"status-publish","4":"has-post-thumbnail","6":"product_brand-meditrade","7":"product_cat-operaciju-vienreizlietojamie-materiali","9":"first","10":"instock","11":"taxable","12":"shipping-taxable","13":"product-type-simple"},"_links":{"self":[{"href":"https:\/\/medapp.lv\/et\/wp-json\/wp\/v2\/product\/21329","targetHints":{"allow":["GET"]}}],"collection":[{"href":"https:\/\/medapp.lv\/et\/wp-json\/wp\/v2\/product"}],"about":[{"href":"https:\/\/medapp.lv\/et\/wp-json\/wp\/v2\/types\/product"}],"replies":[{"embeddable":true,"href":"https:\/\/medapp.lv\/et\/wp-json\/wp\/v2\/comments?post=21329"}],"version-history":[{"count":1,"href":"https:\/\/medapp.lv\/et\/wp-json\/wp\/v2\/product\/21329\/revisions"}],"predecessor-version":[{"id":21330,"href":"https:\/\/medapp.lv\/et\/wp-json\/wp\/v2\/product\/21329\/revisions\/21330"}],"wp:featuredmedia":[{"embeddable":true,"href":"https:\/\/medapp.lv\/et\/wp-json\/wp\/v2\/media\/20932"}],"wp:attachment":[{"href":"https:\/\/medapp.lv\/et\/wp-json\/wp\/v2\/media?parent=21329"}],"wp:term":[{"taxonomy":"product_brand","embeddable":true,"href":"https:\/\/medapp.lv\/et\/wp-json\/wp\/v2\/product_brand?post=21329"},{"taxonomy":"product_cat","embeddable":true,"href":"https:\/\/medapp.lv\/et\/wp-json\/wp\/v2\/product_cat?post=21329"},{"taxonomy":"product_tag","embeddable":true,"href":"https:\/\/medapp.lv\/et\/wp-json\/wp\/v2\/product_tag?post=21329"}],"curies":[{"name":"t\u00f6\u00f6leht","href":"https:\/\/api.w.org\/{rel}","templated":true}]}}