{"id":21331,"date":"2025-07-08T09:33:42","date_gmt":"2025-07-08T07:33:42","guid":{"rendered":"https:\/\/medapp.lv\/?post_type=product&#038;p=21331"},"modified":"2025-07-17T10:15:15","modified_gmt":"2025-07-17T08:15:15","slug":"absorbejosi-suklisi-special-2","status":"publish","type":"product","link":"https:\/\/medapp.lv\/et\/product\/absorbejosi-suklisi-special-2\/","title":{"rendered":"Imavad k\u00e4snad SPECIAL"},"content":{"rendered":"<p>Willospon on steriilne \u017eelatiinist hemostaatiline k\u00e4sn, mis ei lahustu vees, on kergesti kasutatav ja imendub h\u00e4sti. Willosponi k\u00e4sna saab l\u00f5igata soovitud suuruseks ilma, et see selle k\u00e4igus mureneks.<\/p>\n<p>Suurus: 80 x 50 x 1 mm | 20 tk karbis<\/p>","protected":false},"excerpt":{"rendered":"<p>Willospon ir sterils \u017eelat\u012bna hemostatisks s\u016bklis, ne\u0161\u0137\u012bst \u016bden\u012b, viegli lietojams un uzs\u016bcas. Willospon s\u016bkli var sagriezt v\u0113lamaj\u0101 izm\u0113r\u0101, \u0161\u012b procesa<\/p>","protected":false},"featured_media":21028,"comment_status":"open","ping_status":"closed","template":"","meta":[],"product_brand":[],"product_cat":[313],"product_tag":[],"class_list":{"0":"post-21331","1":"product","2":"type-product","3":"status-publish","4":"has-post-thumbnail","6":"product_cat-brucu-kopsana-veikals","8":"first","9":"instock","10":"taxable","11":"shipping-taxable","12":"purchasable","13":"product-type-simple"},"_links":{"self":[{"href":"https:\/\/medapp.lv\/et\/wp-json\/wp\/v2\/product\/21331","targetHints":{"allow":["GET"]}}],"collection":[{"href":"https:\/\/medapp.lv\/et\/wp-json\/wp\/v2\/product"}],"about":[{"href":"https:\/\/medapp.lv\/et\/wp-json\/wp\/v2\/types\/product"}],"replies":[{"embeddable":true,"href":"https:\/\/medapp.lv\/et\/wp-json\/wp\/v2\/comments?post=21331"}],"version-history":[{"count":1,"href":"https:\/\/medapp.lv\/et\/wp-json\/wp\/v2\/product\/21331\/revisions"}],"predecessor-version":[{"id":21332,"href":"https:\/\/medapp.lv\/et\/wp-json\/wp\/v2\/product\/21331\/revisions\/21332"}],"wp:featuredmedia":[{"embeddable":true,"href":"https:\/\/medapp.lv\/et\/wp-json\/wp\/v2\/media\/21028"}],"wp:attachment":[{"href":"https:\/\/medapp.lv\/et\/wp-json\/wp\/v2\/media?parent=21331"}],"wp:term":[{"taxonomy":"product_brand","embeddable":true,"href":"https:\/\/medapp.lv\/et\/wp-json\/wp\/v2\/product_brand?post=21331"},{"taxonomy":"product_cat","embeddable":true,"href":"https:\/\/medapp.lv\/et\/wp-json\/wp\/v2\/product_cat?post=21331"},{"taxonomy":"product_tag","embeddable":true,"href":"https:\/\/medapp.lv\/et\/wp-json\/wp\/v2\/product_tag?post=21331"}],"curies":[{"name":"t\u00f6\u00f6leht","href":"https:\/\/api.w.org\/{rel}","templated":true}]}}