{"id":21348,"date":"2025-07-08T10:21:15","date_gmt":"2025-07-08T08:21:15","guid":{"rendered":"https:\/\/medapp.lv\/?post_type=product&#038;p=21348"},"modified":"2025-07-17T10:03:51","modified_gmt":"2025-07-17T08:03:51","slug":"id-aproce-berniem-un-pieaugusajiem-nesterila","status":"publish","type":"product","link":"https:\/\/medapp.lv\/et\/product\/id-aproce-berniem-un-pieaugusajiem-nesterila\/","title":{"rendered":"ID-k\u00e4ev\u00f5ru lastele ja t\u00e4iskasvanutele, mittesteriilne"},"content":{"rendered":"<p>100 tk\/pakend<\/p>","protected":false},"excerpt":{"rendered":"<p>100 tk\/pakend<\/p>","protected":false},"featured_media":21349,"comment_status":"open","ping_status":"closed","template":"","meta":[],"product_brand":[],"product_cat":[213],"product_tag":[],"class_list":{"0":"post-21348","1":"product","2":"type-product","3":"status-publish","4":"has-post-thumbnail","6":"product_cat-citi-b2b","8":"first","9":"instock","10":"taxable","11":"shipping-taxable","12":"product-type-simple"},"_links":{"self":[{"href":"https:\/\/medapp.lv\/et\/wp-json\/wp\/v2\/product\/21348","targetHints":{"allow":["GET"]}}],"collection":[{"href":"https:\/\/medapp.lv\/et\/wp-json\/wp\/v2\/product"}],"about":[{"href":"https:\/\/medapp.lv\/et\/wp-json\/wp\/v2\/types\/product"}],"replies":[{"embeddable":true,"href":"https:\/\/medapp.lv\/et\/wp-json\/wp\/v2\/comments?post=21348"}],"version-history":[{"count":2,"href":"https:\/\/medapp.lv\/et\/wp-json\/wp\/v2\/product\/21348\/revisions"}],"predecessor-version":[{"id":21351,"href":"https:\/\/medapp.lv\/et\/wp-json\/wp\/v2\/product\/21348\/revisions\/21351"}],"wp:featuredmedia":[{"embeddable":true,"href":"https:\/\/medapp.lv\/et\/wp-json\/wp\/v2\/media\/21349"}],"wp:attachment":[{"href":"https:\/\/medapp.lv\/et\/wp-json\/wp\/v2\/media?parent=21348"}],"wp:term":[{"taxonomy":"product_brand","embeddable":true,"href":"https:\/\/medapp.lv\/et\/wp-json\/wp\/v2\/product_brand?post=21348"},{"taxonomy":"product_cat","embeddable":true,"href":"https:\/\/medapp.lv\/et\/wp-json\/wp\/v2\/product_cat?post=21348"},{"taxonomy":"product_tag","embeddable":true,"href":"https:\/\/medapp.lv\/et\/wp-json\/wp\/v2\/product_tag?post=21348"}],"curies":[{"name":"t\u00f6\u00f6leht","href":"https:\/\/api.w.org\/{rel}","templated":true}]}}