{"id":21363,"date":"2025-07-08T13:21:59","date_gmt":"2025-07-08T11:21:59","guid":{"rendered":"https:\/\/medapp.lv\/?post_type=product&#038;p=21363"},"modified":"2025-07-16T09:05:21","modified_gmt":"2025-07-16T07:05:21","slug":"triskarss-cimdu-turetajs-2","status":"publish","type":"product","link":"https:\/\/medapp.lv\/et\/product\/triskarss-cimdu-turetajs-2\/","title":{"rendered":"Kolmekordne kindahoidja"},"content":{"rendered":"<p>Autoklaavitav temperatuuril 121\u2013134 \u00b0C.<br \/>\nKergesti riputatav seinale ja kiirabiautosse.<br \/>\nKruvi on kaasas.<\/p>\n<p>Roostevabast terasest. M\u00f5\u00f5tmed \u2013 25,2 x 9,5 x 37,7 cm<\/p>\n<p>&nbsp;<\/p>","protected":false},"excerpt":{"rendered":"<p>Autokl\u0101v\u0113jams 121 l\u012bdz 134 \u00b0C temperat\u016br\u0101. \u0112rti piekarin\u0101ms pie sienas un \u0101tr\u0101s pal\u012bdz\u012bbas ma\u0161\u012bn\u0101s. Komplekt\u0101 skr\u016bve. Ner\u016bs\u0113jo\u0161ais t\u0113rauds. Izm\u0113rs &#8211;<\/p>","protected":false},"featured_media":21000,"comment_status":"open","ping_status":"closed","template":"","meta":[],"product_brand":[],"product_cat":[132],"product_tag":[],"class_list":{"0":"post-21363","1":"product","2":"type-product","3":"status-publish","4":"has-post-thumbnail","6":"product_cat-citi","8":"first","9":"instock","10":"taxable","11":"shipping-taxable","12":"purchasable","13":"product-type-simple"},"_links":{"self":[{"href":"https:\/\/medapp.lv\/et\/wp-json\/wp\/v2\/product\/21363","targetHints":{"allow":["GET"]}}],"collection":[{"href":"https:\/\/medapp.lv\/et\/wp-json\/wp\/v2\/product"}],"about":[{"href":"https:\/\/medapp.lv\/et\/wp-json\/wp\/v2\/types\/product"}],"replies":[{"embeddable":true,"href":"https:\/\/medapp.lv\/et\/wp-json\/wp\/v2\/comments?post=21363"}],"version-history":[{"count":1,"href":"https:\/\/medapp.lv\/et\/wp-json\/wp\/v2\/product\/21363\/revisions"}],"predecessor-version":[{"id":21364,"href":"https:\/\/medapp.lv\/et\/wp-json\/wp\/v2\/product\/21363\/revisions\/21364"}],"wp:featuredmedia":[{"embeddable":true,"href":"https:\/\/medapp.lv\/et\/wp-json\/wp\/v2\/media\/21000"}],"wp:attachment":[{"href":"https:\/\/medapp.lv\/et\/wp-json\/wp\/v2\/media?parent=21363"}],"wp:term":[{"taxonomy":"product_brand","embeddable":true,"href":"https:\/\/medapp.lv\/et\/wp-json\/wp\/v2\/product_brand?post=21363"},{"taxonomy":"product_cat","embeddable":true,"href":"https:\/\/medapp.lv\/et\/wp-json\/wp\/v2\/product_cat?post=21363"},{"taxonomy":"product_tag","embeddable":true,"href":"https:\/\/medapp.lv\/et\/wp-json\/wp\/v2\/product_tag?post=21363"}],"curies":[{"name":"t\u00f6\u00f6leht","href":"https:\/\/api.w.org\/{rel}","templated":true}]}}