{"id":21400,"date":"2025-07-10T09:58:42","date_gmt":"2025-07-10T07:58:42","guid":{"rendered":"https:\/\/medapp.lv\/?post_type=product&#038;p=21400"},"modified":"2025-07-17T10:03:47","modified_gmt":"2025-07-17T08:03:47","slug":"aloe-skinsept","status":"publish","type":"product","link":"https:\/\/medapp.lv\/et\/product\/aloe-skinsept\/","title":{"rendered":"Aaloe nahasept"},"content":{"rendered":"","protected":false},"excerpt":{"rendered":"<p><strong>ALOE SKINSEPT (100ml \/ 250ml pumbaga \/ 500ml pumbaga \/ 1000ml pumbaga \/ 5L)<\/strong><br \/>\n<em>Aaloe nahasept<\/em> on geelilaadne k\u00e4te desinfitseerimisvahend, millel on lai valik fungitsiidseid, bakteritsiidseid ja virutsiidseid toimeid (efektiivne TBC, HBV, HIV, Adeno, Rota, HCV, MRSA, Herpex simplexi jne vastu). Ideaalne kasutamiseks k\u00f5rgendatud h\u00fcgieenin\u00f5uetega piirkondades.<\/p>\n<p>Valem sisaldab nahka pehmendavaid ja kaitsvaid koostisosi \u2013 nagu gl\u00fctseriin ja aaloe vera (Aloe Barbadensis) \u2013, mis muudab toote sobivaks sagedaseks kasutamiseks ilma nahka \u00e4rritamata.<\/p>\n<p>Kasutamine: Kandke k\u00e4tele ja masseerige, kuni see on t\u00e4ielikult imendunud nahka.<br \/>\nS\u00e4riaeg: 30 sekundit.<br \/>\nToimeained: etanool 72%, QAV 0.025%, gl\u00fctseriin, aaloe vera (Aloe Barbadensis), l\u00f5hnaaine, v\u00e4rvaine.<br \/>\npH: 6,5\u20137,5<\/p>\n<p>\u26a0\ufe0f OHUTUSJUHISED: H225 - Kergestis\u00fcttiv vedelik ja aur. Sisaldab biotsiidi. Enne kasutamist lugege alati etiketti ja biotsiidi teavet.<\/p>","protected":false},"featured_media":21404,"comment_status":"open","ping_status":"closed","template":"","meta":[],"product_brand":[316],"product_cat":[315],"product_tag":[],"class_list":{"0":"post-21400","1":"product","2":"type-product","3":"status-publish","4":"has-post-thumbnail","6":"product_brand-chemi-pharm","7":"product_cat-roku-dezinfekcijas-lidzekli","9":"first","10":"instock","11":"taxable","12":"shipping-taxable","13":"product-type-simple"},"_links":{"self":[{"href":"https:\/\/medapp.lv\/et\/wp-json\/wp\/v2\/product\/21400","targetHints":{"allow":["GET"]}}],"collection":[{"href":"https:\/\/medapp.lv\/et\/wp-json\/wp\/v2\/product"}],"about":[{"href":"https:\/\/medapp.lv\/et\/wp-json\/wp\/v2\/types\/product"}],"replies":[{"embeddable":true,"href":"https:\/\/medapp.lv\/et\/wp-json\/wp\/v2\/comments?post=21400"}],"version-history":[{"count":2,"href":"https:\/\/medapp.lv\/et\/wp-json\/wp\/v2\/product\/21400\/revisions"}],"predecessor-version":[{"id":21407,"href":"https:\/\/medapp.lv\/et\/wp-json\/wp\/v2\/product\/21400\/revisions\/21407"}],"wp:featuredmedia":[{"embeddable":true,"href":"https:\/\/medapp.lv\/et\/wp-json\/wp\/v2\/media\/21404"}],"wp:attachment":[{"href":"https:\/\/medapp.lv\/et\/wp-json\/wp\/v2\/media?parent=21400"}],"wp:term":[{"taxonomy":"product_brand","embeddable":true,"href":"https:\/\/medapp.lv\/et\/wp-json\/wp\/v2\/product_brand?post=21400"},{"taxonomy":"product_cat","embeddable":true,"href":"https:\/\/medapp.lv\/et\/wp-json\/wp\/v2\/product_cat?post=21400"},{"taxonomy":"product_tag","embeddable":true,"href":"https:\/\/medapp.lv\/et\/wp-json\/wp\/v2\/product_tag?post=21400"}],"curies":[{"name":"t\u00f6\u00f6leht","href":"https:\/\/api.w.org\/{rel}","templated":true}]}}