{"id":21409,"date":"2025-07-10T10:09:33","date_gmt":"2025-07-10T08:09:33","guid":{"rendered":"https:\/\/medapp.lv\/?post_type=product&#038;p=21409"},"modified":"2025-07-17T10:03:47","modified_gmt":"2025-07-17T08:03:47","slug":"chemisept-hand-des","status":"publish","type":"product","link":"https:\/\/medapp.lv\/et\/product\/chemisept-hand-des\/","title":{"rendered":"CHEMISEPT K\u00c4SIDE DESIGN"},"content":{"rendered":"","protected":false},"excerpt":{"rendered":"<p><strong>CHEMISEPT HAND DES \u2013 saadaval 100 ml, 500 ml, 1000 ml pumbaga ja 5 l pudelites<\/strong><\/p>\n<p>CHEMISEPT HAND DES on geelilaadne k\u00e4te desinfitseerimisvahend, millel on lai valik fungitsiidseid, bakteritsiidseid ja virutsiidseid toimeid (h\u00e4vitab TBC-d, HBV-d, HIV-i, adenoviirust, rotaviirust, HCV-d, MRSA-d, herpes simplexi jne). T\u00f5hus toode nii h\u00fcgieeniliseks kui ka kirurgiliseks k\u00e4te desinfitseerimiseks.<\/p>\n<p>\ud83d\udca7 Kasutusviisid:<br \/>\n\u2022 H\u00fcgieeniline k\u00e4te desinfitseerimine (EN1500): Kandke CHEMISEPT HAND DES k\u00e4tele ja h\u00f5\u00f5ruge, kuni see on t\u00e4ielikult nahka imendunud. Toimeaeg \u2013 30 sekundit.<br \/>\n\u2022 Kirurgiline k\u00e4te desinfitseerimine (EN12791): H\u00f5\u00f5ruge k\u00e4tele 3\u20135 ml 2 korda. Toimeaeg \u2013 1,5 minutit.<\/p>\n<p>\ud83e\uddea Toimeained: etanool 73.5%, nahakaitseained.<\/p>\n<p>\u26a0\ufe0f Ohutusjuhised: OHT! H225 \u2013 Kergestis\u00fcttiv vedelik ja aur.<br \/>\nSisaldab biotsiidi! \u2013 \u201eKasutage biotsiide ettevaatlikult. Enne kasutamist lugege alati etiketti ja biotsiidi teavet.\u201c<\/p>","protected":false},"featured_media":21410,"comment_status":"open","ping_status":"closed","template":"","meta":[],"product_brand":[316],"product_cat":[315],"product_tag":[],"class_list":{"0":"post-21409","1":"product","2":"type-product","3":"status-publish","4":"has-post-thumbnail","6":"product_brand-chemi-pharm","7":"product_cat-roku-dezinfekcijas-lidzekli","9":"first","10":"instock","11":"taxable","12":"shipping-taxable","13":"product-type-simple"},"_links":{"self":[{"href":"https:\/\/medapp.lv\/et\/wp-json\/wp\/v2\/product\/21409","targetHints":{"allow":["GET"]}}],"collection":[{"href":"https:\/\/medapp.lv\/et\/wp-json\/wp\/v2\/product"}],"about":[{"href":"https:\/\/medapp.lv\/et\/wp-json\/wp\/v2\/types\/product"}],"replies":[{"embeddable":true,"href":"https:\/\/medapp.lv\/et\/wp-json\/wp\/v2\/comments?post=21409"}],"version-history":[{"count":2,"href":"https:\/\/medapp.lv\/et\/wp-json\/wp\/v2\/product\/21409\/revisions"}],"predecessor-version":[{"id":21420,"href":"https:\/\/medapp.lv\/et\/wp-json\/wp\/v2\/product\/21409\/revisions\/21420"}],"wp:featuredmedia":[{"embeddable":true,"href":"https:\/\/medapp.lv\/et\/wp-json\/wp\/v2\/media\/21410"}],"wp:attachment":[{"href":"https:\/\/medapp.lv\/et\/wp-json\/wp\/v2\/media?parent=21409"}],"wp:term":[{"taxonomy":"product_brand","embeddable":true,"href":"https:\/\/medapp.lv\/et\/wp-json\/wp\/v2\/product_brand?post=21409"},{"taxonomy":"product_cat","embeddable":true,"href":"https:\/\/medapp.lv\/et\/wp-json\/wp\/v2\/product_cat?post=21409"},{"taxonomy":"product_tag","embeddable":true,"href":"https:\/\/medapp.lv\/et\/wp-json\/wp\/v2\/product_tag?post=21409"}],"curies":[{"name":"t\u00f6\u00f6leht","href":"https:\/\/api.w.org\/{rel}","templated":true}]}}