{"id":21415,"date":"2025-07-10T10:15:59","date_gmt":"2025-07-10T08:15:59","guid":{"rendered":"https:\/\/medapp.lv\/?post_type=product&#038;p=21415"},"modified":"2025-07-17T10:03:46","modified_gmt":"2025-07-17T08:03:46","slug":"chemisept-gel","status":"publish","type":"product","link":"https:\/\/medapp.lv\/et\/product\/chemisept-gel\/","title":{"rendered":"CHEMISEPT GEEL"},"content":{"rendered":"","protected":false},"excerpt":{"rendered":"<p><strong>500 ml \/ 1000 ml pumbaga \u2022 5 l purk<\/strong><\/p>\n<p>\ud83d\udca7 Etanoolip\u00f5hine geeldesinfitseerimisvahend h\u00fcgieeniliseks ja kirurgiliseks k\u00e4te desinfitseerimiseks.<\/p>\n<p>Laia fungitsiidse, bakteritsiidse ja virutsiidse toimega \u2013 efektiivne MRSA, VRE, Mycobacterium avium, terrae, HBV, HIV, HCV, Adeno, Noro, Vaccinia jne vastu.<\/p>\n<p>Dermatoloogiliselt testitud, l\u00f5hnavaba, sobib sagedaseks kasutamiseks. Sisaldab nahka pehmendavaid ja kaitsvaid aineid. P\u00fcsiv toime \u2013 kuni 3 tundi.<\/p>\n<p>\ud83e\uddea Kasutamine:<br \/>\n\u2022 H\u00fcgieeniline desinfitseerimine (EN1500): Kandke peale 3 ml ja h\u00f5\u00f5ruge sisse \u2013 30 sekundit.<br \/>\n\u2022 Kirurgiline desinfitseerimine (EN12791): H\u00f5\u00f5ruge 2 korda 3\u20136 ml \u2013 koguaeg 1,5 minutit.<\/p>\n<p>\u26a0\ufe0f Ohutusjuhised:<br \/>\nOHT! H225 \u2013 Kergestis\u00fcttiv vedelik ja aur.<br \/>\nSisaldab biotsiidi \u2013 enne kasutamist lugege etiketti ja biotsiidi teavet.<\/p>","protected":false},"featured_media":21416,"comment_status":"open","ping_status":"closed","template":"","meta":[],"product_brand":[316],"product_cat":[315],"product_tag":[],"class_list":{"0":"post-21415","1":"product","2":"type-product","3":"status-publish","4":"has-post-thumbnail","6":"product_brand-chemi-pharm","7":"product_cat-roku-dezinfekcijas-lidzekli","9":"first","10":"instock","11":"taxable","12":"shipping-taxable","13":"product-type-simple"},"_links":{"self":[{"href":"https:\/\/medapp.lv\/et\/wp-json\/wp\/v2\/product\/21415","targetHints":{"allow":["GET"]}}],"collection":[{"href":"https:\/\/medapp.lv\/et\/wp-json\/wp\/v2\/product"}],"about":[{"href":"https:\/\/medapp.lv\/et\/wp-json\/wp\/v2\/types\/product"}],"replies":[{"embeddable":true,"href":"https:\/\/medapp.lv\/et\/wp-json\/wp\/v2\/comments?post=21415"}],"version-history":[{"count":1,"href":"https:\/\/medapp.lv\/et\/wp-json\/wp\/v2\/product\/21415\/revisions"}],"predecessor-version":[{"id":21419,"href":"https:\/\/medapp.lv\/et\/wp-json\/wp\/v2\/product\/21415\/revisions\/21419"}],"wp:featuredmedia":[{"embeddable":true,"href":"https:\/\/medapp.lv\/et\/wp-json\/wp\/v2\/media\/21416"}],"wp:attachment":[{"href":"https:\/\/medapp.lv\/et\/wp-json\/wp\/v2\/media?parent=21415"}],"wp:term":[{"taxonomy":"product_brand","embeddable":true,"href":"https:\/\/medapp.lv\/et\/wp-json\/wp\/v2\/product_brand?post=21415"},{"taxonomy":"product_cat","embeddable":true,"href":"https:\/\/medapp.lv\/et\/wp-json\/wp\/v2\/product_cat?post=21415"},{"taxonomy":"product_tag","embeddable":true,"href":"https:\/\/medapp.lv\/et\/wp-json\/wp\/v2\/product_tag?post=21415"}],"curies":[{"name":"t\u00f6\u00f6leht","href":"https:\/\/api.w.org\/{rel}","templated":true}]}}