{"id":21421,"date":"2025-07-10T10:20:28","date_gmt":"2025-07-10T08:20:28","guid":{"rendered":"https:\/\/medapp.lv\/?post_type=product&#038;p=21421"},"modified":"2025-07-17T10:03:46","modified_gmt":"2025-07-17T08:03:46","slug":"chemisept","status":"publish","type":"product","link":"https:\/\/medapp.lv\/et\/product\/chemisept\/","title":{"rendered":"CHEMISEPT"},"content":{"rendered":"","protected":false},"excerpt":{"rendered":"<p><strong>CHEMISEPT (100ml \/ 250ml \/ 500ml pumbaga \/ 1000ml pumbaga \/ 5L)<\/strong><\/p>\n<p>CHEMISEPT seeria desinfitseerimisvahendid on etanoolip\u00f5hised geelid, millel on lai valik fungitsiidseid, bakteritsiidseid ja virutsiidseid toimeid (h\u00e4vitab TBC-d, HBV-d, HIV-i, adenoviirust, rotaviirust, HCV-d, MRSA-d, herpes simplexi jne). T\u00f5husad tooted h\u00fcgieeniliseks ja kirurgiliseks k\u00e4te desinfitseerimiseks, samuti sobivad erinevate meditsiiniliste ja kosmeetiliste instrumentide desinfitseerimiseks. Kasutatakse meditsiini-, tervishoiu- ja sotsiaalhoolekandeasutustes, lasteaedades, toiduainetet\u00f6\u00f6stuses, iluhoolduses jne.<\/p>\n<p>\ud83e\uddea Toimeained: etanool 72%, QAV 0.2%<\/p>\n<p>Kokkupuute aeg:<br \/>\n\u2022 H\u00fcgieeniliseks desinfitseerimiseks (EN1500): 30 sekundit<br \/>\n\u2022 Kirurgiliseks desinfitseerimiseks (EN12791): 1,5 minutit<\/p>\n<p>\u26a0\ufe0f OHUTUSJUHISED: OHU! H225 \u2013 Kergestis\u00fcttiv vedelik ja aur.<br \/>\nSisaldab biotsiidi! \u2013 \u201eKasutage biotsiide ettevaatlikult. Enne kasutamist lugege alati etiketti ja biotsiidi teavet.\u201c<\/p>","protected":false},"featured_media":21422,"comment_status":"open","ping_status":"closed","template":"","meta":[],"product_brand":[316],"product_cat":[315],"product_tag":[],"class_list":{"0":"post-21421","1":"product","2":"type-product","3":"status-publish","4":"has-post-thumbnail","6":"product_brand-chemi-pharm","7":"product_cat-roku-dezinfekcijas-lidzekli","9":"first","10":"instock","11":"taxable","12":"shipping-taxable","13":"product-type-simple"},"_links":{"self":[{"href":"https:\/\/medapp.lv\/et\/wp-json\/wp\/v2\/product\/21421","targetHints":{"allow":["GET"]}}],"collection":[{"href":"https:\/\/medapp.lv\/et\/wp-json\/wp\/v2\/product"}],"about":[{"href":"https:\/\/medapp.lv\/et\/wp-json\/wp\/v2\/types\/product"}],"replies":[{"embeddable":true,"href":"https:\/\/medapp.lv\/et\/wp-json\/wp\/v2\/comments?post=21421"}],"version-history":[{"count":1,"href":"https:\/\/medapp.lv\/et\/wp-json\/wp\/v2\/product\/21421\/revisions"}],"predecessor-version":[{"id":21427,"href":"https:\/\/medapp.lv\/et\/wp-json\/wp\/v2\/product\/21421\/revisions\/21427"}],"wp:featuredmedia":[{"embeddable":true,"href":"https:\/\/medapp.lv\/et\/wp-json\/wp\/v2\/media\/21422"}],"wp:attachment":[{"href":"https:\/\/medapp.lv\/et\/wp-json\/wp\/v2\/media?parent=21421"}],"wp:term":[{"taxonomy":"product_brand","embeddable":true,"href":"https:\/\/medapp.lv\/et\/wp-json\/wp\/v2\/product_brand?post=21421"},{"taxonomy":"product_cat","embeddable":true,"href":"https:\/\/medapp.lv\/et\/wp-json\/wp\/v2\/product_cat?post=21421"},{"taxonomy":"product_tag","embeddable":true,"href":"https:\/\/medapp.lv\/et\/wp-json\/wp\/v2\/product_tag?post=21421"}],"curies":[{"name":"t\u00f6\u00f6leht","href":"https:\/\/api.w.org\/{rel}","templated":true}]}}