{"id":21428,"date":"2025-07-10T10:28:11","date_gmt":"2025-07-10T08:28:11","guid":{"rendered":"https:\/\/medapp.lv\/?post_type=product&#038;p=21428"},"modified":"2025-07-17T10:03:45","modified_gmt":"2025-07-17T08:03:45","slug":"chemisept-vir","status":"publish","type":"product","link":"https:\/\/medapp.lv\/et\/product\/chemisept-vir\/","title":{"rendered":"CHEMISEPT VIR+"},"content":{"rendered":"","protected":false},"excerpt":{"rendered":"<p><strong>CHEMISEPT VIR+ (100ml pihustiga \/ 250ml pihustiga \/ 500ml pumbaga \/ 1000ml pumbaga \/ 5L)<\/strong><\/p>\n<p>CHEMISEPT VIR+ seeria desinfitseerimisvahendid on vedelad etanoolip\u00f5hised preparaadid, millel on lai valik fungitsiidseid, bakteritsiidseid ja virutsiidseid toimeid (h\u00e4vitab TBC-d, HBV-d, HIV-i, Adeno-, Rota-, HCV-d, MRSA-d, Herpes simplexi jne). T\u00f5husad tooted h\u00fcgieeniliseks ja kirurgiliseks k\u00e4te desinfitseerimiseks, samuti sobivad erinevate meditsiiniliste abivahendite ja kosmeetiliste instrumentide desinfitseerimiseks. Kasutatakse meditsiini-, tervishoiu- ja sotsiaalhoolekandeasutustes, haridus- ja eelkooliharidusasutustes, toitlustus- ja toiduainete (liha, piimatooted, kala ja taimne p\u00e4ritolu) t\u00f6\u00f6tlemise ettev\u00f5tetes, juuksurisalongides, ilusalongides ja muudes k\u00f5rgete h\u00fcgieenin\u00f5uetega kohtades.<\/p>\n<p>\ud83e\uddea Toimeained: etanool 72%, QAV 0.2%<\/p>\n<p>Kokkupuute aeg:<br \/>\n\u2022 H\u00fcgieeniliseks desinfitseerimiseks (EN1500): 20 sekundit<br \/>\n\u2022 Kirurgiliseks desinfitseerimiseks (EN12791): 1,5 minutit<\/p>\n<p>\u26a0\ufe0f OHUTUSJUHISED: OHU! H225 \u2013 Kergestis\u00fcttiv vedelik ja aur. Sisaldab biotsiidi! \u2013 \u201eKasutage biotsiide ettevaatusega. Enne kasutamist lugege alati etiketti ja biotsiidi teavet.\u201c<\/p>","protected":false},"featured_media":21429,"comment_status":"open","ping_status":"closed","template":"","meta":[],"product_brand":[316],"product_cat":[315],"product_tag":[],"class_list":{"0":"post-21428","1":"product","2":"type-product","3":"status-publish","4":"has-post-thumbnail","6":"product_brand-chemi-pharm","7":"product_cat-roku-dezinfekcijas-lidzekli","9":"first","10":"instock","11":"taxable","12":"shipping-taxable","13":"product-type-simple"},"_links":{"self":[{"href":"https:\/\/medapp.lv\/et\/wp-json\/wp\/v2\/product\/21428","targetHints":{"allow":["GET"]}}],"collection":[{"href":"https:\/\/medapp.lv\/et\/wp-json\/wp\/v2\/product"}],"about":[{"href":"https:\/\/medapp.lv\/et\/wp-json\/wp\/v2\/types\/product"}],"replies":[{"embeddable":true,"href":"https:\/\/medapp.lv\/et\/wp-json\/wp\/v2\/comments?post=21428"}],"version-history":[{"count":1,"href":"https:\/\/medapp.lv\/et\/wp-json\/wp\/v2\/product\/21428\/revisions"}],"predecessor-version":[{"id":21434,"href":"https:\/\/medapp.lv\/et\/wp-json\/wp\/v2\/product\/21428\/revisions\/21434"}],"wp:featuredmedia":[{"embeddable":true,"href":"https:\/\/medapp.lv\/et\/wp-json\/wp\/v2\/media\/21429"}],"wp:attachment":[{"href":"https:\/\/medapp.lv\/et\/wp-json\/wp\/v2\/media?parent=21428"}],"wp:term":[{"taxonomy":"product_brand","embeddable":true,"href":"https:\/\/medapp.lv\/et\/wp-json\/wp\/v2\/product_brand?post=21428"},{"taxonomy":"product_cat","embeddable":true,"href":"https:\/\/medapp.lv\/et\/wp-json\/wp\/v2\/product_cat?post=21428"},{"taxonomy":"product_tag","embeddable":true,"href":"https:\/\/medapp.lv\/et\/wp-json\/wp\/v2\/product_tag?post=21428"}],"curies":[{"name":"t\u00f6\u00f6leht","href":"https:\/\/api.w.org\/{rel}","templated":true}]}}