{"id":21436,"date":"2025-07-10T10:38:10","date_gmt":"2025-07-10T08:38:10","guid":{"rendered":"https:\/\/medapp.lv\/?post_type=product&#038;p=21436"},"modified":"2025-07-17T10:03:44","modified_gmt":"2025-07-17T08:03:44","slug":"chemisept-g","status":"publish","type":"product","link":"https:\/\/medapp.lv\/et\/product\/chemisept-g\/","title":{"rendered":"CHEMISEPT G"},"content":{"rendered":"","protected":false},"excerpt":{"rendered":"<p><strong>CHEMISEPT G (50ml pihustiga \/ 100ml pihustiga \/ 250ml pihustiga \/ 500ml spetsiaalse pumbaga \/ 1000ml \/ 5L)<\/strong><\/p>\n<p>CHEMISEPT G-seeria tooted on plekke mittej\u00e4tvad naha desinfitseerimisvedelikud, millel on lai valik fungitsiidseid, bakteritsiidseid ja virutsiidseid toimeid (h\u00e4vitab TBC-d, HBV-d, HIV-i, herpese, rota, HCV-d, MRSA-d jne). Sobib naha desinfitseerimiseks enne s\u00fcstimisi, teste, \u00f5mbluste eemaldamist ja operatsioonieelset ravi. Tooted on autosteriilsed ega sisalda isoprop\u00fc\u00fclalkoholi. Kasutatakse puhast ja v\u00e4helenduvat et\u00fc\u00fclalkoholi, mis sobib ka tundlikule nahale \u2013 see ei p\u00f5hjusta personalil ja patsientidel hingamisteede allergiat. J\u00e4\u00e4ktoime kestab kuni 3 tundi, mille j\u00e4rel naha mikrofloora taastub kiiresti.<\/p>\n<p>Kasutatakse meditsiini- ja tervishoiuasutustes, haiglates, kliinikutes, perearstikeskustes, hambaravikabinettides ja mujal, kus on vaja professionaalset arstiabi.<\/p>\n<p>\ud83e\uddea Toimeained (100 g sisaldab):<br \/>\nEtanool 75 g, kvaternaarsed ammoonium\u00fchendid (bens\u00fc\u00fcl-C12-18-alk\u00fc\u00fcldimet\u00fc\u00fcl-, kloriidid 0,05 g ja C12-14-alk\u00fc\u00fcl[(et\u00fc\u00fclfen\u00fc\u00fcl)met\u00fc\u00fcl]dimet\u00fc\u00fclkloriidid 0,05 g) 0,1 g, nahakaitsekomponendid.<\/p>\n<p>\ud83d\udd52 S\u00e4riaeg:<br \/>\n\u2022 Naha desinfitseerimiseks: 30 sekundit<br \/>\n\u2022 Esimene t\u00f6\u00f6tlemine: 3 minutit<br \/>\n\u2022 \u00d5mbluste eemaldamiseks: 30 sekundit<\/p>\n<p>\u26a0\ufe0f OHUTUSJUHISED: OHU! H225 \u2013 Kergestis\u00fcttiv vedelik ja aur. Sisaldab biotsiidi! \u2013 \u201eKasutage biotsiide ettevaatusega. Enne kasutamist lugege alati etiketti ja biotsiidi teavet.\u201c<\/p>","protected":false},"featured_media":21435,"comment_status":"open","ping_status":"closed","template":"","meta":[],"product_brand":[316],"product_cat":[318],"product_tag":[],"class_list":{"0":"post-21436","1":"product","2":"type-product","3":"status-publish","4":"has-post-thumbnail","6":"product_brand-chemi-pharm","7":"product_cat-adas-dezinfekcijas-lidzekli","9":"first","10":"instock","11":"taxable","12":"shipping-taxable","13":"product-type-simple"},"_links":{"self":[{"href":"https:\/\/medapp.lv\/et\/wp-json\/wp\/v2\/product\/21436","targetHints":{"allow":["GET"]}}],"collection":[{"href":"https:\/\/medapp.lv\/et\/wp-json\/wp\/v2\/product"}],"about":[{"href":"https:\/\/medapp.lv\/et\/wp-json\/wp\/v2\/types\/product"}],"replies":[{"embeddable":true,"href":"https:\/\/medapp.lv\/et\/wp-json\/wp\/v2\/comments?post=21436"}],"version-history":[{"count":1,"href":"https:\/\/medapp.lv\/et\/wp-json\/wp\/v2\/product\/21436\/revisions"}],"predecessor-version":[{"id":21441,"href":"https:\/\/medapp.lv\/et\/wp-json\/wp\/v2\/product\/21436\/revisions\/21441"}],"wp:featuredmedia":[{"embeddable":true,"href":"https:\/\/medapp.lv\/et\/wp-json\/wp\/v2\/media\/21435"}],"wp:attachment":[{"href":"https:\/\/medapp.lv\/et\/wp-json\/wp\/v2\/media?parent=21436"}],"wp:term":[{"taxonomy":"product_brand","embeddable":true,"href":"https:\/\/medapp.lv\/et\/wp-json\/wp\/v2\/product_brand?post=21436"},{"taxonomy":"product_cat","embeddable":true,"href":"https:\/\/medapp.lv\/et\/wp-json\/wp\/v2\/product_cat?post=21436"},{"taxonomy":"product_tag","embeddable":true,"href":"https:\/\/medapp.lv\/et\/wp-json\/wp\/v2\/product_tag?post=21436"}],"curies":[{"name":"t\u00f6\u00f6leht","href":"https:\/\/api.w.org\/{rel}","templated":true}]}}