{"id":21442,"date":"2025-07-10T10:44:22","date_gmt":"2025-07-10T08:44:22","guid":{"rendered":"https:\/\/medapp.lv\/?post_type=product&#038;p=21442"},"modified":"2025-07-17T10:03:44","modified_gmt":"2025-07-17T08:03:44","slug":"chemisept-g-color","status":"publish","type":"product","link":"https:\/\/medapp.lv\/et\/product\/chemisept-g-color\/","title":{"rendered":"CHEMISEPT G V\u00c4RV"},"content":{"rendered":"","protected":false},"excerpt":{"rendered":"<p><strong>CHEMISEPT G V\u00c4RVIKREEM (1000ml \/ 5L)<\/strong><\/p>\n<p>CHEMISEPT G COLOR on v\u00e4rviline naha desinfitseerimisvahend, millel on lai valik fungitsiidseid, bakteritsiidseid ja virutsiidseid toimeid (h\u00e4vitab TBC-d, HBV-d, HIV-i, herpese, rota, HCV-d, MRSA-d jne). Toode on autosteriilne ega sisalda isoprop\u00fc\u00fclalkoholi. See sisaldab puhast ja madala lenduvusega et\u00fc\u00fclalkoholi, mis v\u00e4listab hingamisteede allergiate ohu nii meditsiinipersonalil kui ka patsientidel. See p\u00fcsib nahal kuni 3 tundi (p\u00fcsiv toime), mille j\u00e4rel mikrofloora taastub kiiresti.<\/p>\n<p>CHEMISEPT G COLOR on oran\u017ei v\u00e4rvusega, et desinfitseeritud ala oleks selgelt n\u00e4htav. See on ette n\u00e4htud naha v\u00e4rvimiseks enne meditsiinilisi protseduure. Seda kasutatakse haiglates, kliinikutes, perearstide vastuv\u00f5tul, hambaraviasutustes ja muudes kohtades, kus on vaja k\u00f5rget h\u00fcgieenikontrolli.<\/p>\n<p>\ud83e\uddea Toimeained (100 g sisaldab):<br \/>\nEtanool 75%, kvaternaarsed ammoonium\u00fchendid (bens\u00fc\u00fcl-C12-18-alk\u00fc\u00fcldimet\u00fc\u00fcl-, kloriidid 0,05 g ja C12-14-alk\u00fc\u00fcl[(et\u00fc\u00fclfen\u00fc\u00fcl)met\u00fc\u00fcl]dimet\u00fc\u00fclkloriidid 0,05 g) 0,1%, nahakaitsekomponendid, v\u00e4rvaine<\/p>\n<p>\ud83d\udd52 S\u00e4riaeg:<br \/>\n\u2022 S\u00fcstide ja anal\u00fc\u00fcside puhul: 30 sekundit<br \/>\n\u2022 \u00d5mbluste eemaldamiseks: 30 sekundit<br \/>\n\u2022 Naha eelt\u00f6\u00f6tlus: 3 minutit<\/p>\n<p>\u26a0\ufe0f OHUTUSJUHISED: OHU! H225 \u2013 Kergestis\u00fcttiv vedelik ja aur. Sisaldab biotsiidi! \u2013 \u201eKasutage biotsiide ettevaatusega. Enne kasutamist lugege alati etiketti ja biotsiidi teavet.\u201c<\/p>","protected":false},"featured_media":21443,"comment_status":"open","ping_status":"closed","template":"","meta":[],"product_brand":[316],"product_cat":[318],"product_tag":[],"class_list":{"0":"post-21442","1":"product","2":"type-product","3":"status-publish","4":"has-post-thumbnail","6":"product_brand-chemi-pharm","7":"product_cat-adas-dezinfekcijas-lidzekli","9":"first","10":"instock","11":"taxable","12":"shipping-taxable","13":"product-type-simple"},"_links":{"self":[{"href":"https:\/\/medapp.lv\/et\/wp-json\/wp\/v2\/product\/21442","targetHints":{"allow":["GET"]}}],"collection":[{"href":"https:\/\/medapp.lv\/et\/wp-json\/wp\/v2\/product"}],"about":[{"href":"https:\/\/medapp.lv\/et\/wp-json\/wp\/v2\/types\/product"}],"replies":[{"embeddable":true,"href":"https:\/\/medapp.lv\/et\/wp-json\/wp\/v2\/comments?post=21442"}],"version-history":[{"count":2,"href":"https:\/\/medapp.lv\/et\/wp-json\/wp\/v2\/product\/21442\/revisions"}],"predecessor-version":[{"id":21446,"href":"https:\/\/medapp.lv\/et\/wp-json\/wp\/v2\/product\/21442\/revisions\/21446"}],"wp:featuredmedia":[{"embeddable":true,"href":"https:\/\/medapp.lv\/et\/wp-json\/wp\/v2\/media\/21443"}],"wp:attachment":[{"href":"https:\/\/medapp.lv\/et\/wp-json\/wp\/v2\/media?parent=21442"}],"wp:term":[{"taxonomy":"product_brand","embeddable":true,"href":"https:\/\/medapp.lv\/et\/wp-json\/wp\/v2\/product_brand?post=21442"},{"taxonomy":"product_cat","embeddable":true,"href":"https:\/\/medapp.lv\/et\/wp-json\/wp\/v2\/product_cat?post=21442"},{"taxonomy":"product_tag","embeddable":true,"href":"https:\/\/medapp.lv\/et\/wp-json\/wp\/v2\/product_tag?post=21442"}],"curies":[{"name":"t\u00f6\u00f6leht","href":"https:\/\/api.w.org\/{rel}","templated":true}]}}