{"id":21447,"date":"2025-07-10T10:46:54","date_gmt":"2025-07-10T08:46:54","guid":{"rendered":"https:\/\/medapp.lv\/?post_type=product&#038;p=21447"},"modified":"2025-07-17T10:03:43","modified_gmt":"2025-07-17T08:03:43","slug":"chemisept-fg","status":"publish","type":"product","link":"https:\/\/medapp.lv\/et\/product\/chemisept-fg\/","title":{"rendered":"CHEMISEPT FG"},"content":{"rendered":"","protected":false},"excerpt":{"rendered":"<p><strong>CHEMISEPT FG (100ml pihustiga \/ 250ml pihustiga \/ 1000ml \/ 5L)<\/strong><\/p>\n<p>CHEMISEPT FG on t\u00f5hus vahend naha kiireks desinfitseerimiseks ja seenhaiguste ennetamiseks. Sellel on lai fungitsiidne, bakteritsiidne ja virutsiidne toime mikroorganismidele (h\u00e4vitab TBC-d, HBV-d, HIV-i, adenoviirust, rotaviiruseid, HCV-d, MRSA-d, herpes simplexi jne). Toode ei sisalda isoprop\u00fc\u00fclalkoholi ja on valmistatud puhtast, madala lenduvusega et\u00fc\u00fclalkoholist, mis ei sisalda hingamisteede allergeene \u2013 sobib ka tundlikule nahale.<\/p>\n<p>CHEMISEPT FG on spetsiaalselt loodud jalgade ja jalan\u00f5ude desinfitseerimiseks. See aitab v\u00e4hendada jalgade higistamist ja loob keskkonna, mis ei sobi naha- ja k\u00fc\u00fcneseene tekkeks. Sisaldab looduslikke \u00f5lisid, mis rahustavad nahka ja soodustavad mikrofloora kiiret taastumist. Seda on soovitatav kasutada ka k\u00fc\u00fcneseene ravi ajal ja kuus kuud p\u00e4rast ravi.<\/p>\n<p>\ud83e\uddb6 Ideaalne: jalaseene ennetamiseks, jalan\u00f5ude sisemuse desinfitseerimiseks ja pihustusseadmete jaoks<\/p>\n<p>\ud83e\uddea Toimeained (100 g sisaldab):<br \/>\nEtanool 62 g, kvaternaarne etanool 0,25 g<\/p>\n<p>\ud83d\udd52 S\u00e4riaeg:<br \/>\n\u2022 S\u00e4ritus: 30 sekundit<\/p>\n<p>\u26a0\ufe0f OHUTUSJUHISED: OHU! H225 \u2013 Kergestis\u00fcttiv vedelik ja aur. Sisaldab biotsiidi! \u2013 \u201eKasutage biotsiide ettevaatusega. Enne kasutamist lugege alati etiketti ja biotsiidi teavet.\u201c<\/p>","protected":false},"featured_media":21448,"comment_status":"open","ping_status":"closed","template":"","meta":[],"product_brand":[316],"product_cat":[318],"product_tag":[],"class_list":{"0":"post-21447","1":"product","2":"type-product","3":"status-publish","4":"has-post-thumbnail","6":"product_brand-chemi-pharm","7":"product_cat-adas-dezinfekcijas-lidzekli","9":"first","10":"instock","11":"taxable","12":"shipping-taxable","13":"product-type-simple"},"_links":{"self":[{"href":"https:\/\/medapp.lv\/et\/wp-json\/wp\/v2\/product\/21447","targetHints":{"allow":["GET"]}}],"collection":[{"href":"https:\/\/medapp.lv\/et\/wp-json\/wp\/v2\/product"}],"about":[{"href":"https:\/\/medapp.lv\/et\/wp-json\/wp\/v2\/types\/product"}],"replies":[{"embeddable":true,"href":"https:\/\/medapp.lv\/et\/wp-json\/wp\/v2\/comments?post=21447"}],"version-history":[{"count":1,"href":"https:\/\/medapp.lv\/et\/wp-json\/wp\/v2\/product\/21447\/revisions"}],"predecessor-version":[{"id":21452,"href":"https:\/\/medapp.lv\/et\/wp-json\/wp\/v2\/product\/21447\/revisions\/21452"}],"wp:featuredmedia":[{"embeddable":true,"href":"https:\/\/medapp.lv\/et\/wp-json\/wp\/v2\/media\/21448"}],"wp:attachment":[{"href":"https:\/\/medapp.lv\/et\/wp-json\/wp\/v2\/media?parent=21447"}],"wp:term":[{"taxonomy":"product_brand","embeddable":true,"href":"https:\/\/medapp.lv\/et\/wp-json\/wp\/v2\/product_brand?post=21447"},{"taxonomy":"product_cat","embeddable":true,"href":"https:\/\/medapp.lv\/et\/wp-json\/wp\/v2\/product_cat?post=21447"},{"taxonomy":"product_tag","embeddable":true,"href":"https:\/\/medapp.lv\/et\/wp-json\/wp\/v2\/product_tag?post=21447"}],"curies":[{"name":"t\u00f6\u00f6leht","href":"https:\/\/api.w.org\/{rel}","templated":true}]}}