{"id":21453,"date":"2025-07-10T11:14:54","date_gmt":"2025-07-10T09:14:54","guid":{"rendered":"https:\/\/medapp.lv\/?post_type=product&#038;p=21453"},"modified":"2025-07-17T10:03:43","modified_gmt":"2025-07-17T08:03:43","slug":"chemisept-hf","status":"publish","type":"product","link":"https:\/\/medapp.lv\/et\/product\/chemisept-hf\/","title":{"rendered":"CHEMISEPT HF"},"content":{"rendered":"","protected":false},"excerpt":{"rendered":"<p><strong>CHEMISEPT HF (250ml pihustiga \/ 500ml \/ 1000ml \/ 5L)<\/strong><\/p>\n<p>CHEMISEPT HF on vedel, v\u00e4rvitu naha- ja k\u00e4tedesinfitseerimisvahend, millel on lai fungitsiidne, bakteritsiidne ja virutsiidne toime (h\u00e4vitab TBC-d, HBV-d, HIV-i, adenoviirust, rotaviirust, HCV-d, vaktsiiniat, herpes simplexi jne). Selle j\u00e4\u00e4ktoime kestab kuni 24 tundi. Toode sobib eriti h\u00e4sti kasutamiseks enne s\u00fcstimist, vereproovide v\u00f5tmist ja kan\u00fc\u00fclimist \u2013 pakkudes t\u00f5husat kaitset ja taastades naha mikrofloorat.<\/p>\n<p>CHEMISEPT HF on 1. t\u00fc\u00fcpi biotsiid ja seda kasutatakse laialdaselt nii igap\u00e4evaseks k\u00e4teh\u00fcgieeniks kui ka meditsiiniasutustes.<\/p>\n<p>\ud83e\uddea Toimeained (100 g sisaldab):<br \/>\nEtanool 70 g, kloorheksidiindigl\u00fckonaat 2 g, nahakaitsekomponendid<\/p>\n<p>\ud83d\udd52 S\u00e4riaeg:<br \/>\n\u2022 H\u00fcgieeniliseks k\u00e4te desinfitseerimiseks: 30 sekundit<br \/>\n\u2022 Kirurgiliseks k\u00e4te desinfitseerimiseks: 1,5 minutit<br \/>\n\u2022 Naha desinfitseerimine (enne s\u00fcste, teste): 30 sekundit<br \/>\n\u2022 Preoperatiivne nahahooldus: 2 minutit (1 minut igas etapis, 2 korda)<\/p>\n<p>\u26a0\ufe0f OHUTUSJUHISED: OHT!<br \/>\nH412 \u2013 Kahjulik veeorganismidele, pikaajalise toimega<br \/>\nH319 \u2013 P\u00f5hjustab t\u00f5sist silmade \u00e4rritust.<br \/>\nH225 \u2013 Kergestis\u00fcttiv vedelik ja aur<br \/>\nSisaldab biotsiidi! \u2013 \u201eKasutage biotsiide ettevaatlikult. Enne kasutamist lugege alati etiketti ja biotsiidi teavet.\u201c<\/p>","protected":false},"featured_media":21454,"comment_status":"open","ping_status":"closed","template":"","meta":[],"product_brand":[316],"product_cat":[318],"product_tag":[],"class_list":{"0":"post-21453","1":"product","2":"type-product","3":"status-publish","4":"has-post-thumbnail","6":"product_brand-chemi-pharm","7":"product_cat-adas-dezinfekcijas-lidzekli","9":"first","10":"instock","11":"taxable","12":"shipping-taxable","13":"product-type-simple"},"_links":{"self":[{"href":"https:\/\/medapp.lv\/et\/wp-json\/wp\/v2\/product\/21453","targetHints":{"allow":["GET"]}}],"collection":[{"href":"https:\/\/medapp.lv\/et\/wp-json\/wp\/v2\/product"}],"about":[{"href":"https:\/\/medapp.lv\/et\/wp-json\/wp\/v2\/types\/product"}],"replies":[{"embeddable":true,"href":"https:\/\/medapp.lv\/et\/wp-json\/wp\/v2\/comments?post=21453"}],"version-history":[{"count":1,"href":"https:\/\/medapp.lv\/et\/wp-json\/wp\/v2\/product\/21453\/revisions"}],"predecessor-version":[{"id":21458,"href":"https:\/\/medapp.lv\/et\/wp-json\/wp\/v2\/product\/21453\/revisions\/21458"}],"wp:featuredmedia":[{"embeddable":true,"href":"https:\/\/medapp.lv\/et\/wp-json\/wp\/v2\/media\/21454"}],"wp:attachment":[{"href":"https:\/\/medapp.lv\/et\/wp-json\/wp\/v2\/media?parent=21453"}],"wp:term":[{"taxonomy":"product_brand","embeddable":true,"href":"https:\/\/medapp.lv\/et\/wp-json\/wp\/v2\/product_brand?post=21453"},{"taxonomy":"product_cat","embeddable":true,"href":"https:\/\/medapp.lv\/et\/wp-json\/wp\/v2\/product_cat?post=21453"},{"taxonomy":"product_tag","embeddable":true,"href":"https:\/\/medapp.lv\/et\/wp-json\/wp\/v2\/product_tag?post=21453"}],"curies":[{"name":"t\u00f6\u00f6leht","href":"https:\/\/api.w.org\/{rel}","templated":true}]}}