{"id":21464,"date":"2025-07-10T14:17:39","date_gmt":"2025-07-10T12:17:39","guid":{"rendered":"https:\/\/medapp.lv\/?post_type=product&#038;p=21464"},"modified":"2025-07-17T10:03:42","modified_gmt":"2025-07-17T08:03:42","slug":"chemisept-spray","status":"publish","type":"product","link":"https:\/\/medapp.lv\/et\/product\/chemisept-spray\/","title":{"rendered":"CHEMISEPT SPRAY"},"content":{"rendered":"","protected":false},"excerpt":{"rendered":"<p><strong>CHEMISEPT SPRAY (250ml \/ 1L)<\/strong><\/p>\n<p>CHEMISEPT SPRAY on v\u00e4rvitu, etanooli sisaldav desinfitseerimisvahend kerge m\u00fcndil\u00f5hnaga, mis on m\u00f5eldud alkoholikindlate kosmeetiliste t\u00f6\u00f6riistade ja tarvikute (nt lusikad, harjad, pintsetid, k\u00fc\u00fcneviilid, kammid, f\u00f6\u00f6nid, juukseharjad, trimmeriterad, manik\u00fc\u00fcritarbed jne) kiireks t\u00f6\u00f6tlemiseks.<\/p>\n<p>Toode pakub laia toimespektrit \u2013 bakteritsiidset, tuberkulotsiidset, virutsiidset (HBV, HIV, HCV, Rota, Vaccinia, Herpes simplex jne) ja marutaudivastast kaitset. See sisaldab puhast, madala lenduvusega et\u00fc\u00fclalkoholi ega kujuta endast hingamisteede allergiate ohtu.<\/p>\n<p>Kuigi CHEMISEPT SPRAY on m\u00f5eldud peamiselt instrumentide ja tarvikute desinfitseerimiseks, saab seda kasutada ka k\u00e4te ja naha desinfitseerimiseks, kui spetsiaalseid tooteid pole saadaval.<\/p>\n<p>\ud83e\uddea Toimeained (100 g sisaldab):<br \/>\nEtanool 85%, alk\u00fc\u00fcl(C12\u2013C14) dimet\u00fc\u00fcl(et\u00fc\u00fclbens\u00fc\u00fcl)ammooniumkloriid (ADEBAC) 0,05%,<br \/>\nalk\u00fc\u00fcl(C12\u201318) dimet\u00fc\u00fclbens\u00fc\u00fclammooniumkloriid (ADBAC) 0,05%, gl\u00fctseriin, l\u00f5hnaained<\/p>\n<p>\ud83d\udd52 S\u00e4riaeg:<br \/>\n\u2022 Instrumentide desinfitseerimine: 30 sekundit<br \/>\n\u2022 H\u00fcgieeniliseks k\u00e4te desinfitseerimiseks (EN1500): 30 sekundit<br \/>\n\u2022 Naha desinfitseerimine: 30 sekundit<\/p>\n<p>\u26a0\ufe0f OHUTUSJUHISED: OHTLIK! Sisaldab biotsiidi! \u2013 \u201eKasutage biotsiide ettevaatlikult. Enne kasutamist lugege alati etiketti ja biotsiidi teavet.\u201c<\/p>","protected":false},"featured_media":21465,"comment_status":"open","ping_status":"closed","template":"","meta":[],"product_brand":[316],"product_cat":[319],"product_tag":[],"class_list":{"0":"post-21464","1":"product","2":"type-product","3":"status-publish","4":"has-post-thumbnail","6":"product_brand-chemi-pharm","7":"product_cat-virsmu-un-aprikojuma-dezinfekcijas-lidzekli","9":"first","10":"instock","11":"taxable","12":"shipping-taxable","13":"product-type-simple"},"_links":{"self":[{"href":"https:\/\/medapp.lv\/et\/wp-json\/wp\/v2\/product\/21464","targetHints":{"allow":["GET"]}}],"collection":[{"href":"https:\/\/medapp.lv\/et\/wp-json\/wp\/v2\/product"}],"about":[{"href":"https:\/\/medapp.lv\/et\/wp-json\/wp\/v2\/types\/product"}],"replies":[{"embeddable":true,"href":"https:\/\/medapp.lv\/et\/wp-json\/wp\/v2\/comments?post=21464"}],"version-history":[{"count":1,"href":"https:\/\/medapp.lv\/et\/wp-json\/wp\/v2\/product\/21464\/revisions"}],"predecessor-version":[{"id":21467,"href":"https:\/\/medapp.lv\/et\/wp-json\/wp\/v2\/product\/21464\/revisions\/21467"}],"wp:featuredmedia":[{"embeddable":true,"href":"https:\/\/medapp.lv\/et\/wp-json\/wp\/v2\/media\/21465"}],"wp:attachment":[{"href":"https:\/\/medapp.lv\/et\/wp-json\/wp\/v2\/media?parent=21464"}],"wp:term":[{"taxonomy":"product_brand","embeddable":true,"href":"https:\/\/medapp.lv\/et\/wp-json\/wp\/v2\/product_brand?post=21464"},{"taxonomy":"product_cat","embeddable":true,"href":"https:\/\/medapp.lv\/et\/wp-json\/wp\/v2\/product_cat?post=21464"},{"taxonomy":"product_tag","embeddable":true,"href":"https:\/\/medapp.lv\/et\/wp-json\/wp\/v2\/product_tag?post=21464"}],"curies":[{"name":"t\u00f6\u00f6leht","href":"https:\/\/api.w.org\/{rel}","templated":true}]}}