{"id":21468,"date":"2025-07-10T14:20:04","date_gmt":"2025-07-10T12:20:04","guid":{"rendered":"https:\/\/medapp.lv\/?post_type=product&#038;p=21468"},"modified":"2025-07-17T10:03:42","modified_gmt":"2025-07-17T08:03:42","slug":"bozo","status":"publish","type":"product","link":"https:\/\/medapp.lv\/et\/product\/bozo\/","title":{"rendered":"BOZO"},"content":{"rendered":"","protected":false},"excerpt":{"rendered":"<p><strong>BOZO (1L \/ 5L)<\/strong><\/p>\n<p>BOZO on viskoosne kontsentreeritud pesu- ja desinfitseerimisvahend, mis on m\u00f5eldud niiskuskindlate pindade puhastamiseks roostest, katlakivist ja mikrobioloogilisest saastumisest. Tootel on lai fungitsiidne, bakteritsiidne (Gram+ ja Gram\u2013) ja virutsiidne toime (h\u00e4vitab HBV, HIV, Adeno, Rota, HCV, MRSA, Herpes simplex jne).<\/p>\n<p>Ideaalne tualettide, sanitaartehnika, kraanide, plaatide, roostevaba terase, pronksi, messingist ja vasest pindade puhastamiseks. BOZO eemaldab t\u00f5husalt mustuse, katlakivi, ebameeldivad l\u00f5hnad ja rooste, pakkudes samal ajal desinfitseerimist.<\/p>\n<p>Toodet saab laialdaselt kasutada meditsiiniasutustes (haiglad, kliinikud, perearstikeskused, hambaravikabinetid), samuti igat t\u00fc\u00fcpi sanitaarpindade ja -seadmete pesemiseks.<\/p>\n<p>\ud83e\uddea Toimeained:<br \/>\n\u2022 QAV (desinfitseerimiseks)<br \/>\n\u2022 Ortofosforhape (pindaktiivne aine rooste ja katlakivi eemaldamiseks)<br \/>\n\u2022 pH kontsentraadi: &lt;1,0<\/p>\n<p>\ud83e\uddfc Kasutamine: kasutage vastavalt pakendil olevatele juhistele<\/p>\n<p>\u26a0\ufe0f OHUTUSJUHISED: OHT!<br \/>\nH412 \u2013 Kahjulik veeorganismidele, pikaajalise toimega<br \/>\nH314 \u2013 P\u00f5hjustab rasket nahas\u00f6\u00f6vitust ja silmakahjustusi.<br \/>\nSisaldab biotsiidi! \u2013 \u201eKasutage biotsiide ettevaatlikult. Enne kasutamist lugege alati etiketti ja biotsiidi teavet.\u201c<\/p>","protected":false},"featured_media":21469,"comment_status":"open","ping_status":"closed","template":"","meta":[],"product_brand":[316],"product_cat":[319],"product_tag":[],"class_list":{"0":"post-21468","1":"product","2":"type-product","3":"status-publish","4":"has-post-thumbnail","6":"product_brand-chemi-pharm","7":"product_cat-virsmu-un-aprikojuma-dezinfekcijas-lidzekli","9":"first","10":"instock","11":"taxable","12":"shipping-taxable","13":"product-type-simple"},"_links":{"self":[{"href":"https:\/\/medapp.lv\/et\/wp-json\/wp\/v2\/product\/21468","targetHints":{"allow":["GET"]}}],"collection":[{"href":"https:\/\/medapp.lv\/et\/wp-json\/wp\/v2\/product"}],"about":[{"href":"https:\/\/medapp.lv\/et\/wp-json\/wp\/v2\/types\/product"}],"replies":[{"embeddable":true,"href":"https:\/\/medapp.lv\/et\/wp-json\/wp\/v2\/comments?post=21468"}],"version-history":[{"count":1,"href":"https:\/\/medapp.lv\/et\/wp-json\/wp\/v2\/product\/21468\/revisions"}],"predecessor-version":[{"id":21471,"href":"https:\/\/medapp.lv\/et\/wp-json\/wp\/v2\/product\/21468\/revisions\/21471"}],"wp:featuredmedia":[{"embeddable":true,"href":"https:\/\/medapp.lv\/et\/wp-json\/wp\/v2\/media\/21469"}],"wp:attachment":[{"href":"https:\/\/medapp.lv\/et\/wp-json\/wp\/v2\/media?parent=21468"}],"wp:term":[{"taxonomy":"product_brand","embeddable":true,"href":"https:\/\/medapp.lv\/et\/wp-json\/wp\/v2\/product_brand?post=21468"},{"taxonomy":"product_cat","embeddable":true,"href":"https:\/\/medapp.lv\/et\/wp-json\/wp\/v2\/product_cat?post=21468"},{"taxonomy":"product_tag","embeddable":true,"href":"https:\/\/medapp.lv\/et\/wp-json\/wp\/v2\/product_tag?post=21468"}],"curies":[{"name":"t\u00f6\u00f6leht","href":"https:\/\/api.w.org\/{rel}","templated":true}]}}