{"id":21472,"date":"2025-07-10T14:35:12","date_gmt":"2025-07-10T12:35:12","guid":{"rendered":"https:\/\/medapp.lv\/?post_type=product&#038;p=21472"},"modified":"2025-07-17T10:03:41","modified_gmt":"2025-07-17T08:03:41","slug":"kirurgiskie-instrumenti","status":"publish","type":"product","link":"https:\/\/medapp.lv\/et\/product\/kirurgiskie-instrumenti\/","title":{"rendered":"REDA \u2013 T\u00f6\u00f6riistad"},"content":{"rendered":"<p>Pakume laia valikut kirurgilisi instrumente erinevateks meditsiinilisteks vajadusteks.<\/p>\n<p>Koost\u00f6\u00f6s <strong>REDA instrument<\/strong> \u2014 \u00fcks Saksamaa juhtivaid tootjaid \u2014 pakume v\u00f5imalust tellida erinevat t\u00fc\u00fcpi kirurgilisi instrumente, sealhulgas \u00fcldkirurgia, hambaravi, g\u00fcnekoloogia, ortopeedia, otorinolar\u00fcngoloogia ja paljude teiste erialade jaoks.<\/p>\n<p>\ud83d\udce6 T\u00f6\u00f6riistad on valmistatud kvaliteetsest roostevabast terasest, t\u00e4pse disainiga, vastupidavad ja vastavad rahvusvahelistele standarditele.<\/p>\n<p>\ud83d\udd0d T\u00e4ieliku saadaolevate instrumentide kataloogi saab vaadata siit:<br \/>\n\ud83d\udc49<a href=\"https:\/\/www.reda-instrumente.de\/en\/\" rel=\"nofollow noopener\" target=\"_blank\"> www.reda-instrumente.de\/en<\/a><\/p>\n<p>\ud83d\udcac Kui teil on mingeid erivajadusi v\u00f5i k\u00fcsimusi mis tahes t\u00fc\u00fcpi pillide kohta \u2013 v\u00f5tke meiega julgelt \u00fchendust!<\/p>","protected":false},"excerpt":{"rendered":"<p>M\u0113s pied\u0101v\u0101jam pla\u0161a kl\u0101sta \u0137irur\u0123iskos instrumentus da\u017e\u0101d\u0101m medic\u012bnas vajadz\u012bb\u0101m. Sadarb\u012bb\u0101 ar REDA Instrumente \u2014 vienu no V\u0101cijas vado\u0161ajiem ra\u017eot\u0101jiem \u2014<\/p>","protected":false},"featured_media":21479,"comment_status":"open","ping_status":"closed","template":"","meta":[],"product_brand":[],"product_cat":[172],"product_tag":[],"class_list":{"0":"post-21472","1":"product","2":"type-product","3":"status-publish","4":"has-post-thumbnail","6":"product_cat-instrumenti","8":"first","9":"instock","10":"taxable","11":"shipping-taxable","12":"product-type-simple"},"_links":{"self":[{"href":"https:\/\/medapp.lv\/et\/wp-json\/wp\/v2\/product\/21472","targetHints":{"allow":["GET"]}}],"collection":[{"href":"https:\/\/medapp.lv\/et\/wp-json\/wp\/v2\/product"}],"about":[{"href":"https:\/\/medapp.lv\/et\/wp-json\/wp\/v2\/types\/product"}],"replies":[{"embeddable":true,"href":"https:\/\/medapp.lv\/et\/wp-json\/wp\/v2\/comments?post=21472"}],"version-history":[{"count":7,"href":"https:\/\/medapp.lv\/et\/wp-json\/wp\/v2\/product\/21472\/revisions"}],"predecessor-version":[{"id":21486,"href":"https:\/\/medapp.lv\/et\/wp-json\/wp\/v2\/product\/21472\/revisions\/21486"}],"wp:featuredmedia":[{"embeddable":true,"href":"https:\/\/medapp.lv\/et\/wp-json\/wp\/v2\/media\/21479"}],"wp:attachment":[{"href":"https:\/\/medapp.lv\/et\/wp-json\/wp\/v2\/media?parent=21472"}],"wp:term":[{"taxonomy":"product_brand","embeddable":true,"href":"https:\/\/medapp.lv\/et\/wp-json\/wp\/v2\/product_brand?post=21472"},{"taxonomy":"product_cat","embeddable":true,"href":"https:\/\/medapp.lv\/et\/wp-json\/wp\/v2\/product_cat?post=21472"},{"taxonomy":"product_tag","embeddable":true,"href":"https:\/\/medapp.lv\/et\/wp-json\/wp\/v2\/product_tag?post=21472"}],"curies":[{"name":"t\u00f6\u00f6leht","href":"https:\/\/api.w.org\/{rel}","templated":true}]}}