{"id":21480,"date":"2025-07-10T14:45:44","date_gmt":"2025-07-10T12:45:44","guid":{"rendered":"https:\/\/medapp.lv\/?post_type=product&#038;p=21480"},"modified":"2025-07-17T10:03:40","modified_gmt":"2025-07-17T08:03:40","slug":"ceatec-instrumenti","status":"publish","type":"product","link":"https:\/\/medapp.lv\/et\/product\/ceatec-instrumenti\/","title":{"rendered":"CEATECi instrumendid"},"content":{"rendered":"<p><strong>Saksamaal valmistatud \u00fclit\u00e4psed instrumendid mitmesugusteks meditsiinilisteks ja laboratoorseteks vajadusteks.<\/strong><\/p>\n<p>Pakume laia valikut <strong>CEATEC<\/strong> lai valik instrumente \u2013 alates kirurgiast ja hambaravist kuni labori-, veterinaar- ja mikroskoopiatarvikuteni. K\u00f5ik instrumendid on v\u00e4lja t\u00f6\u00f6tatud ja toodetud Saksamaal, j\u00e4rgides k\u00f5rgeimaid kvaliteedi-, ergonoomika- ja ohutusstandardeid.<\/p>\n<p>\ud83d\udd27 Erinevatele t\u00f6\u00f6stusharudele on saadaval nii standardsed kui ka kohandatud lahendused ning v\u00f5imalus tellida spetsiaalselt teie vajadustele vastavaid t\u00f6\u00f6riistu.<\/p>\n<p>\ud83c\udf10 T\u00e4ieliku tootekataloogi leiab siit:<br \/>\n\ud83d\udc49 <a href=\"http:\/\/www.ceatec.de\/en\" rel=\"nofollow noopener\" target=\"_blank\">www.ceatec.de\/en<\/a><\/p>\n<p>\ud83d\udcac Kui otsite kindlat t\u00f6\u00f6riista v\u00f5i vajate n\u00f5u \u2013 v\u00f5tke meiega \u00fchendust ja me aitame teil leida sobivaima lahenduse!<\/p>","protected":false},"excerpt":{"rendered":"<p>V\u0101cija ra\u017eoti augstas precizit\u0101tes instrumenti da\u017e\u0101d\u0101m medic\u012bnas un laboratorijas vajadz\u012bb\u0101m. Pied\u0101v\u0101jam pla\u0161u CEATEC instrumentu kl\u0101stu \u2014 s\u0101kot no \u0137irur\u0123ijas un<\/p>","protected":false},"featured_media":21481,"comment_status":"open","ping_status":"closed","template":"","meta":[],"product_brand":[],"product_cat":[172],"product_tag":[],"class_list":{"0":"post-21480","1":"product","2":"type-product","3":"status-publish","4":"has-post-thumbnail","6":"product_cat-instrumenti","8":"first","9":"instock","10":"taxable","11":"shipping-taxable","12":"product-type-simple"},"_links":{"self":[{"href":"https:\/\/medapp.lv\/et\/wp-json\/wp\/v2\/product\/21480","targetHints":{"allow":["GET"]}}],"collection":[{"href":"https:\/\/medapp.lv\/et\/wp-json\/wp\/v2\/product"}],"about":[{"href":"https:\/\/medapp.lv\/et\/wp-json\/wp\/v2\/types\/product"}],"replies":[{"embeddable":true,"href":"https:\/\/medapp.lv\/et\/wp-json\/wp\/v2\/comments?post=21480"}],"version-history":[{"count":1,"href":"https:\/\/medapp.lv\/et\/wp-json\/wp\/v2\/product\/21480\/revisions"}],"predecessor-version":[{"id":21482,"href":"https:\/\/medapp.lv\/et\/wp-json\/wp\/v2\/product\/21480\/revisions\/21482"}],"wp:featuredmedia":[{"embeddable":true,"href":"https:\/\/medapp.lv\/et\/wp-json\/wp\/v2\/media\/21481"}],"wp:attachment":[{"href":"https:\/\/medapp.lv\/et\/wp-json\/wp\/v2\/media?parent=21480"}],"wp:term":[{"taxonomy":"product_brand","embeddable":true,"href":"https:\/\/medapp.lv\/et\/wp-json\/wp\/v2\/product_brand?post=21480"},{"taxonomy":"product_cat","embeddable":true,"href":"https:\/\/medapp.lv\/et\/wp-json\/wp\/v2\/product_cat?post=21480"},{"taxonomy":"product_tag","embeddable":true,"href":"https:\/\/medapp.lv\/et\/wp-json\/wp\/v2\/product_tag?post=21480"}],"curies":[{"name":"t\u00f6\u00f6leht","href":"https:\/\/api.w.org\/{rel}","templated":true}]}}