{"id":21495,"date":"2025-07-11T11:56:43","date_gmt":"2025-07-11T09:56:43","guid":{"rendered":"https:\/\/medapp.lv\/?post_type=product&#038;p=21495"},"modified":"2025-07-17T10:03:40","modified_gmt":"2025-07-17T08:03:40","slug":"myfiller-glips","status":"publish","type":"product","link":"https:\/\/medapp.lv\/et\/product\/myfiller-glips\/","title":{"rendered":"MYFILLER GLIPSID"},"content":{"rendered":"","protected":false},"excerpt":{"rendered":"<p><strong>Revolutsiooniline h\u00fcaluroonhappe t\u00e4iteaine loomulikult t\u00e4idlaste ja niisutatud huulte saavutamiseks.<\/strong><\/p>\n<p>Glips on uuenduslik t\u00e4ites\u00fcst, mis \u00fchendab kohese niisutuse tagamiseks sidumata h\u00fcaluroonhappe ja kauakestva tulemuse saavutamiseks seotud h\u00fcaluroonhappe. See kombinatsioon annab koheselt n\u00e4htava ja pikaajalise efekti \u2013 t\u00e4idlasemad, siledamad ja loomulikult s\u00e4ravad huuled.<\/p>\n<p>\ud83d\udc89 CE-sertifikaadiga t\u00e4iteaine, mis tagab kvaliteetse esteetilise tulemuse.<\/p>\n<p>Spetsifikatsioon:<br \/>\n\u2022 \ud83d\udd2c Ristseotud HA: 20 mg\/ml<br \/>\n\u2022 \ud83d\udca7 Mitteristseotud HA: 5 mg\/ml<br \/>\n\u2022 \ud83e\uddea Maht: 1 ml (1 s\u00fcstal)<br \/>\n\u2022 \ud83e\udea1 Komplektis: 2 tk 27G1\/2&#039;&#039; n\u00f5elu<br \/>\n\u2022 \ud83d\udd17 Ristsiduvuse tase: 1,5<br \/>\n\u2022 \ud83e\uddca Osakeste suurus: 80<br \/>\n\u2022 \ud83d\udccd Kasutusala: Huuled<br \/>\n\u2022 \u23f3 Aegumiskuup\u00e4ev: 30 kuud<\/p>","protected":false},"featured_media":21496,"comment_status":"open","ping_status":"closed","template":"","meta":[],"product_brand":[],"product_cat":[251],"product_tag":[],"class_list":{"0":"post-21495","1":"product","2":"type-product","3":"status-publish","4":"has-post-thumbnail","6":"product_cat-kosmetologija-filleri","8":"first","9":"instock","10":"taxable","11":"shipping-taxable","12":"product-type-simple"},"_links":{"self":[{"href":"https:\/\/medapp.lv\/et\/wp-json\/wp\/v2\/product\/21495","targetHints":{"allow":["GET"]}}],"collection":[{"href":"https:\/\/medapp.lv\/et\/wp-json\/wp\/v2\/product"}],"about":[{"href":"https:\/\/medapp.lv\/et\/wp-json\/wp\/v2\/types\/product"}],"replies":[{"embeddable":true,"href":"https:\/\/medapp.lv\/et\/wp-json\/wp\/v2\/comments?post=21495"}],"version-history":[{"count":2,"href":"https:\/\/medapp.lv\/et\/wp-json\/wp\/v2\/product\/21495\/revisions"}],"predecessor-version":[{"id":21499,"href":"https:\/\/medapp.lv\/et\/wp-json\/wp\/v2\/product\/21495\/revisions\/21499"}],"wp:featuredmedia":[{"embeddable":true,"href":"https:\/\/medapp.lv\/et\/wp-json\/wp\/v2\/media\/21496"}],"wp:attachment":[{"href":"https:\/\/medapp.lv\/et\/wp-json\/wp\/v2\/media?parent=21495"}],"wp:term":[{"taxonomy":"product_brand","embeddable":true,"href":"https:\/\/medapp.lv\/et\/wp-json\/wp\/v2\/product_brand?post=21495"},{"taxonomy":"product_cat","embeddable":true,"href":"https:\/\/medapp.lv\/et\/wp-json\/wp\/v2\/product_cat?post=21495"},{"taxonomy":"product_tag","embeddable":true,"href":"https:\/\/medapp.lv\/et\/wp-json\/wp\/v2\/product_tag?post=21495"}],"curies":[{"name":"t\u00f6\u00f6leht","href":"https:\/\/api.w.org\/{rel}","templated":true}]}}