{"id":21501,"date":"2025-07-11T12:00:49","date_gmt":"2025-07-11T10:00:49","guid":{"rendered":"https:\/\/medapp.lv\/?post_type=product&#038;p=21501"},"modified":"2025-07-17T10:03:39","modified_gmt":"2025-07-17T08:03:39","slug":"myfiller-manmax","status":"publish","type":"product","link":"https:\/\/medapp.lv\/et\/product\/myfiller-manmax\/","title":{"rendered":"MYFILLER ManMax"},"content":{"rendered":"","protected":false},"excerpt":{"rendered":"<p><strong>Spetsiaalselt meeste esteetiliseks t\u00e4iustamiseks loodud \u2013 ideaalne lahendus t\u00e4nap\u00e4eva mehele.<\/strong><\/p>\n<p>Man Max on kaasaegne t\u00e4ites\u00fcst, mis on kohandatud meeste n\u00e4o anatoomiale ja f\u00fcsioloogiale. Meeste nahk on umbes 25% paksem kui naistel, sellel on suurem kollageenitihedus ja karedama tekstuuriga toode \u2013 k\u00f5ik see t\u00e4hendab, et on vaja spetsiaalset koostist, mis suudab tungida s\u00fcgavamale ja anda kauakestvaid, loomulikke tulemusi.<\/p>\n<p>\ud83e\uddd4\u200d\u2642\ufe0f Loodud spetsiaalselt meeste nahavajaduste rahuldamiseks:<br \/>\n\u2022 V\u00f5itleb s\u00fcgavate kortsude ja naha vananemise vastu<br \/>\n\u2022 Sobib meestele, kes raseerivad regulaarselt (v\u00e4hendab \u00e4rritust ja mikrotraumasid)<br \/>\n\u2022 V\u00f5imas koostis, mis annab loomuliku, kuid samas selgelt m\u00e4\u00e4ratletud vol\u00fc\u00fcmi<\/p>\n<p>Spetsifikatsioon:<br \/>\n\u2022 \ud83d\udc89 Ristseotud HA: 25 mg\/ml<br \/>\n\u2022 \ud83d\udca7 Mitteristseotud HA: 5 mg\/ml<br \/>\n\u2022 \ud83d\udd2c Maht: 1 s\u00fcstal x 1 ml<br \/>\n\u2022 \ud83e\udea1 N\u00f5elad: 2 tk 27G<br \/>\n\u2022 \u2795 Soovitatav kasutada 25G kan\u00fc\u00fclidega (k\u00f5rge molekulmass, lihtne sisestada)<\/p>","protected":false},"featured_media":21502,"comment_status":"open","ping_status":"closed","template":"","meta":[],"product_brand":[],"product_cat":[251],"product_tag":[],"class_list":{"0":"post-21501","1":"product","2":"type-product","3":"status-publish","4":"has-post-thumbnail","6":"product_cat-kosmetologija-filleri","8":"first","9":"instock","10":"taxable","11":"shipping-taxable","12":"product-type-simple"},"_links":{"self":[{"href":"https:\/\/medapp.lv\/et\/wp-json\/wp\/v2\/product\/21501","targetHints":{"allow":["GET"]}}],"collection":[{"href":"https:\/\/medapp.lv\/et\/wp-json\/wp\/v2\/product"}],"about":[{"href":"https:\/\/medapp.lv\/et\/wp-json\/wp\/v2\/types\/product"}],"replies":[{"embeddable":true,"href":"https:\/\/medapp.lv\/et\/wp-json\/wp\/v2\/comments?post=21501"}],"version-history":[{"count":1,"href":"https:\/\/medapp.lv\/et\/wp-json\/wp\/v2\/product\/21501\/revisions"}],"predecessor-version":[{"id":21503,"href":"https:\/\/medapp.lv\/et\/wp-json\/wp\/v2\/product\/21501\/revisions\/21503"}],"wp:featuredmedia":[{"embeddable":true,"href":"https:\/\/medapp.lv\/et\/wp-json\/wp\/v2\/media\/21502"}],"wp:attachment":[{"href":"https:\/\/medapp.lv\/et\/wp-json\/wp\/v2\/media?parent=21501"}],"wp:term":[{"taxonomy":"product_brand","embeddable":true,"href":"https:\/\/medapp.lv\/et\/wp-json\/wp\/v2\/product_brand?post=21501"},{"taxonomy":"product_cat","embeddable":true,"href":"https:\/\/medapp.lv\/et\/wp-json\/wp\/v2\/product_cat?post=21501"},{"taxonomy":"product_tag","embeddable":true,"href":"https:\/\/medapp.lv\/et\/wp-json\/wp\/v2\/product_tag?post=21501"}],"curies":[{"name":"t\u00f6\u00f6leht","href":"https:\/\/api.w.org\/{rel}","templated":true}]}}