{"id":21504,"date":"2025-07-11T12:03:16","date_gmt":"2025-07-11T10:03:16","guid":{"rendered":"https:\/\/medapp.lv\/?post_type=product&#038;p=21504"},"modified":"2025-07-17T10:03:39","modified_gmt":"2025-07-17T08:03:39","slug":"myfiller-soft","status":"publish","type":"product","link":"https:\/\/medapp.lv\/et\/product\/myfiller-soft\/","title":{"rendered":"MYFILLER Pehme"},"content":{"rendered":"","protected":false},"excerpt":{"rendered":"<p><strong>Ideaalne pindmiste dermise kihtide ja \u00f5rna korrektsiooni jaoks.<\/strong><\/p>\n<p>My Filler SOFT on kvaliteetne h\u00fcaluroonhappe t\u00e4iteaine \u00f5rna koostisega, mis annab loomuliku ja \u00fchtlase tulemuse. Loodud professionaalseks kasutamiseks piirkondades, mis vajavad \u00f5rna kohtlemist, n\u00e4iteks peente kortsude v\u00f5i n\u00e4o tundlike piirkondade puhul.<\/p>\n<p>\ud83e\uddf4 Pakett sisaldab:<br \/>\n\u2022 1 steriilne eelt\u00e4idetud s\u00fcstal (1 ml)<br \/>\n\u2022 2 n\u00f5ela (1 tk 30G \u00bd\u201d + 1 tk 27G \u00bd\u201d)<br \/>\n\u2022 2 tootesilti<br \/>\n\u2022 Kasutusjuhend mitmes keeles<br \/>\n\u2022 Patsiendikaart<\/p>\n<p>Spetsifikatsioon:<br \/>\n\u2022 \ud83d\udca7 HA kontsentratsioon: 20 mg\/ml<br \/>\n\u2022 \ud83d\udd17 Ristsiduvuse tase: 1,5<br \/>\n\u2022 \ud83e\uddca Osakeste suurus: 80<br \/>\n\u2022 \ud83d\udccd Kasutusala: pindmine dermis<br \/>\n\u2022 \u23f3 Aegumiskuup\u00e4ev: 30 kuud<br \/>\n\u2022 \ud83d\udc89 Maht: 1 ml<\/p>","protected":false},"featured_media":21505,"comment_status":"open","ping_status":"closed","template":"","meta":[],"product_brand":[],"product_cat":[251],"product_tag":[],"class_list":{"0":"post-21504","1":"product","2":"type-product","3":"status-publish","4":"has-post-thumbnail","6":"product_cat-kosmetologija-filleri","8":"first","9":"instock","10":"taxable","11":"shipping-taxable","12":"product-type-simple"},"_links":{"self":[{"href":"https:\/\/medapp.lv\/et\/wp-json\/wp\/v2\/product\/21504","targetHints":{"allow":["GET"]}}],"collection":[{"href":"https:\/\/medapp.lv\/et\/wp-json\/wp\/v2\/product"}],"about":[{"href":"https:\/\/medapp.lv\/et\/wp-json\/wp\/v2\/types\/product"}],"replies":[{"embeddable":true,"href":"https:\/\/medapp.lv\/et\/wp-json\/wp\/v2\/comments?post=21504"}],"version-history":[{"count":1,"href":"https:\/\/medapp.lv\/et\/wp-json\/wp\/v2\/product\/21504\/revisions"}],"predecessor-version":[{"id":21506,"href":"https:\/\/medapp.lv\/et\/wp-json\/wp\/v2\/product\/21504\/revisions\/21506"}],"wp:featuredmedia":[{"embeddable":true,"href":"https:\/\/medapp.lv\/et\/wp-json\/wp\/v2\/media\/21505"}],"wp:attachment":[{"href":"https:\/\/medapp.lv\/et\/wp-json\/wp\/v2\/media?parent=21504"}],"wp:term":[{"taxonomy":"product_brand","embeddable":true,"href":"https:\/\/medapp.lv\/et\/wp-json\/wp\/v2\/product_brand?post=21504"},{"taxonomy":"product_cat","embeddable":true,"href":"https:\/\/medapp.lv\/et\/wp-json\/wp\/v2\/product_cat?post=21504"},{"taxonomy":"product_tag","embeddable":true,"href":"https:\/\/medapp.lv\/et\/wp-json\/wp\/v2\/product_tag?post=21504"}],"curies":[{"name":"t\u00f6\u00f6leht","href":"https:\/\/api.w.org\/{rel}","templated":true}]}}