{"id":21507,"date":"2025-07-11T12:05:36","date_gmt":"2025-07-11T10:05:36","guid":{"rendered":"https:\/\/medapp.lv\/?post_type=product&#038;p=21507"},"modified":"2025-07-17T10:03:38","modified_gmt":"2025-07-17T08:03:38","slug":"myfiller-medium","status":"publish","type":"product","link":"https:\/\/medapp.lv\/et\/product\/myfiller-medium\/","title":{"rendered":"MYFILLER Keskmine"},"content":{"rendered":"","protected":false},"excerpt":{"rendered":"<p><strong>Universaalne t\u00e4iteaine dermise keskmistele kihtidele, mis tagab ideaalse tasakaalu mahu ja loomulikkuse vahel.<\/strong><\/p>\n<p>My Filler MEDIUM on loodud \u00fchtlase vol\u00fc\u00fcmi ja keskmiste nabatsoonide silumiseks. Sobib nasolabiaalsete voltide, p\u00f5sesarnade, l\u00f5ua korrigeerimiseks ja muudeks piirkondadeks, kus on vaja p\u00fcsivat, kuid loomulikku korrektsiooni.<\/p>\n<p>\ud83e\uddf4 Pakett sisaldab:<br \/>\n\u2022 1 steriilne eelt\u00e4idetud s\u00fcstal (1 ml)<br \/>\n\u2022 2 n\u00f5ela (2 tk 27G \u00bd\u201d)<br \/>\n\u2022 2 tootesilti<br \/>\n\u2022 Kasutusjuhend mitmes keeles<br \/>\n\u2022 Patsiendikaart<\/p>\n<p>Spetsifikatsioon:<br \/>\n\u2022 \ud83d\udca7 HA kontsentratsioon: 25 mg\/ml<br \/>\n\u2022 \ud83d\udd17 Ristsiduvuse tase: 2,5<br \/>\n\u2022 \ud83e\uddca Osakeste suurus: 100<br \/>\n\u2022 \ud83d\udccd Kasutusala: dermise keskosa<br \/>\n\u2022 \u23f3 Aegumiskuup\u00e4ev: 30 kuud<br \/>\n\u2022 \ud83d\udc89 Maht: 1 ml<\/p>","protected":false},"featured_media":21508,"comment_status":"open","ping_status":"closed","template":"","meta":[],"product_brand":[],"product_cat":[251],"product_tag":[],"class_list":{"0":"post-21507","1":"product","2":"type-product","3":"status-publish","4":"has-post-thumbnail","6":"product_cat-kosmetologija-filleri","8":"first","9":"instock","10":"taxable","11":"shipping-taxable","12":"product-type-simple"},"_links":{"self":[{"href":"https:\/\/medapp.lv\/et\/wp-json\/wp\/v2\/product\/21507","targetHints":{"allow":["GET"]}}],"collection":[{"href":"https:\/\/medapp.lv\/et\/wp-json\/wp\/v2\/product"}],"about":[{"href":"https:\/\/medapp.lv\/et\/wp-json\/wp\/v2\/types\/product"}],"replies":[{"embeddable":true,"href":"https:\/\/medapp.lv\/et\/wp-json\/wp\/v2\/comments?post=21507"}],"version-history":[{"count":1,"href":"https:\/\/medapp.lv\/et\/wp-json\/wp\/v2\/product\/21507\/revisions"}],"predecessor-version":[{"id":21509,"href":"https:\/\/medapp.lv\/et\/wp-json\/wp\/v2\/product\/21507\/revisions\/21509"}],"wp:featuredmedia":[{"embeddable":true,"href":"https:\/\/medapp.lv\/et\/wp-json\/wp\/v2\/media\/21508"}],"wp:attachment":[{"href":"https:\/\/medapp.lv\/et\/wp-json\/wp\/v2\/media?parent=21507"}],"wp:term":[{"taxonomy":"product_brand","embeddable":true,"href":"https:\/\/medapp.lv\/et\/wp-json\/wp\/v2\/product_brand?post=21507"},{"taxonomy":"product_cat","embeddable":true,"href":"https:\/\/medapp.lv\/et\/wp-json\/wp\/v2\/product_cat?post=21507"},{"taxonomy":"product_tag","embeddable":true,"href":"https:\/\/medapp.lv\/et\/wp-json\/wp\/v2\/product_tag?post=21507"}],"curies":[{"name":"t\u00f6\u00f6leht","href":"https:\/\/api.w.org\/{rel}","templated":true}]}}