{"id":21510,"date":"2025-07-11T12:10:59","date_gmt":"2025-07-11T10:10:59","guid":{"rendered":"https:\/\/medapp.lv\/?post_type=product&#038;p=21510"},"modified":"2025-07-17T10:03:38","modified_gmt":"2025-07-17T08:03:38","slug":"myfiller-strong","status":"publish","type":"product","link":"https:\/\/medapp.lv\/et\/product\/myfiller-strong\/","title":{"rendered":"MYFILLER Tugev"},"content":{"rendered":"","protected":false},"excerpt":{"rendered":"<p><strong>K\u00f5rge viskoossusega t\u00e4iteaine n\u00e4o struktuuri korrigeerimiseks ja kontuurimiseks.<\/strong><\/p>\n<p>My Filler STRONG on My Filler sarja k\u00f5ige intensiivsem toode, mis on loodud taastama vol\u00fc\u00fcmi ja parandama dermise ja nahaaluse koe s\u00fcgavamate kihtide struktuuri. Ideaalne l\u00f5ua, p\u00f5skede, l\u00f5ualuu ja n\u00e4okontuuride korrigeerimiseks maksimaalse stabiilsuse ja vastupidavusega.<\/p>\n<p>\ud83e\uddf4 Pakett sisaldab:<br \/>\n\u2022 1 steriilne eelt\u00e4idetud s\u00fcstal (1 ml)<br \/>\n\u2022 2 n\u00f5ela (2 tk 27G \u00bd\u201d)<br \/>\n\u2022 2 tootesilti<br \/>\n\u2022 Kasutusjuhend mitmes keeles<br \/>\n\u2022 Patsiendikaart<\/p>\n<p>Spetsifikatsioon:<br \/>\n\u2022 \ud83d\udca7 HA kontsentratsioon: 30 mg\/ml<br \/>\n\u2022 \ud83d\udd17 Ristsiduvuse tase: 3,5<br \/>\n\u2022 \ud83e\uddca Osakeste suurus: 140<br \/>\n\u2022 \ud83d\udccd Kasutusala: dermise keskmine kiht, nahaalune kiht luu\u00fcmbrise kohal<br \/>\n\u2022 \u23f3 Aegumiskuup\u00e4ev: 30 kuud<br \/>\n\u2022 \ud83d\udc89 Maht: 1 ml<\/p>","protected":false},"featured_media":21511,"comment_status":"open","ping_status":"closed","template":"","meta":[],"product_brand":[],"product_cat":[251],"product_tag":[],"class_list":{"0":"post-21510","1":"product","2":"type-product","3":"status-publish","4":"has-post-thumbnail","6":"product_cat-kosmetologija-filleri","8":"first","9":"instock","10":"taxable","11":"shipping-taxable","12":"product-type-simple"},"_links":{"self":[{"href":"https:\/\/medapp.lv\/et\/wp-json\/wp\/v2\/product\/21510","targetHints":{"allow":["GET"]}}],"collection":[{"href":"https:\/\/medapp.lv\/et\/wp-json\/wp\/v2\/product"}],"about":[{"href":"https:\/\/medapp.lv\/et\/wp-json\/wp\/v2\/types\/product"}],"replies":[{"embeddable":true,"href":"https:\/\/medapp.lv\/et\/wp-json\/wp\/v2\/comments?post=21510"}],"version-history":[{"count":1,"href":"https:\/\/medapp.lv\/et\/wp-json\/wp\/v2\/product\/21510\/revisions"}],"predecessor-version":[{"id":21512,"href":"https:\/\/medapp.lv\/et\/wp-json\/wp\/v2\/product\/21510\/revisions\/21512"}],"wp:featuredmedia":[{"embeddable":true,"href":"https:\/\/medapp.lv\/et\/wp-json\/wp\/v2\/media\/21511"}],"wp:attachment":[{"href":"https:\/\/medapp.lv\/et\/wp-json\/wp\/v2\/media?parent=21510"}],"wp:term":[{"taxonomy":"product_brand","embeddable":true,"href":"https:\/\/medapp.lv\/et\/wp-json\/wp\/v2\/product_brand?post=21510"},{"taxonomy":"product_cat","embeddable":true,"href":"https:\/\/medapp.lv\/et\/wp-json\/wp\/v2\/product_cat?post=21510"},{"taxonomy":"product_tag","embeddable":true,"href":"https:\/\/medapp.lv\/et\/wp-json\/wp\/v2\/product_tag?post=21510"}],"curies":[{"name":"t\u00f6\u00f6leht","href":"https:\/\/api.w.org\/{rel}","templated":true}]}}