{"id":21614,"date":"2025-08-12T11:42:09","date_gmt":"2025-08-12T09:42:09","guid":{"rendered":"https:\/\/medapp.lv\/?post_type=product&#038;p=21614"},"modified":"2025-11-14T15:35:57","modified_gmt":"2025-11-14T13:35:57","slug":"topro-olympos-atr-rollators","status":"publish","type":"product","link":"https:\/\/medapp.lv\/et\/product\/topro-olympos-atr-rollators\/","title":{"rendered":"TOPRO Olympos ATR rullaator"},"content":{"rendered":"<p><strong>TOPRO Olympos ATR<\/strong> on esmaklassiline rullator, mis on spetsiaalselt loodud v\u00e4litingimustes kasutamiseks. Selle lai disain tagab suurep\u00e4rase stabiilsuse ja maksimaalse toe erinevates v\u00e4litingimustes. Suured esirattad ja l\u00f6\u00f6ke neelavad maastikurehvid muudavad selle usaldusv\u00e4\u00e4rseks ja mugavaks abiliseks ebatasastel radadel, k\u00f5nniteel, liival v\u00f5i kruusal k\u00f5ndimisel.<\/p>\n<p><em>Peamised eelised:<\/em><br \/>\n\u2022 Suured esirattad ja maastikurehvid \u2013 tagavad sujuva ja stabiilse liikumise erinevatel pindadel.<br \/>\n\u2022 Mahukas, vetth\u00fclgav ostukott \u2013 eemaldatav, lukuga, helkurribaga pimedas ohutuse tagamiseks, kandev\u00f5ime kuni 15 kg.<br \/>\n\u2022 Ergonoomilised k\u00e4epidemed (TOPRO Ergo Grip) \u2013 tagavad \u00f5ige kehahoiaku, mugava toe istudes ja ohutu p\u00fcsti seistes. Topelt p\u00f5rutust summutav efekt koos pehmete rehvidega.<br \/>\n\u2022 Moodne ja kerge disain \u2013 \u00f5huke raam, t\u00e4iustatud rataste disain, s\u00e4ilitades TOPRO stabiilsuse.<br \/>\n\u2022 Mugav k\u00f5rguse reguleerimine \u2013 numbrilise skaala ja m\u00e4lufunktsiooniga korduvate s\u00e4tete jaoks.<br \/>\n\u2022 Kiire rattavahetus \u2013 TOPRO kiirvabastus ja sisemine piduris\u00fcsteem v\u00f5imaldavad teil rullaatorit erinevatele pindadele kohandada.<br \/>\n\u2022 Lihtne kokku voltida ja transportida \u2013 volditav \u00fche k\u00e4ega, v\u00f5tab v\u00e4he ruumi.<\/p>\n<p>Garantii ja kvaliteet:<br \/>\nTOPRO Olympos ATR-ile kehtib 7-aastane garantii (v\u00e4lja arvatud loomuliku kulumise osad). Rulaatorit on testitud ja see vastab standardite T\u00dcV NS-EN ISO 11199-2 (ohutus- ja kvaliteedistandard) ja EN ISO 10993-1 (bioloogilise sobivuse standard) n\u00f5uetele.<\/p>","protected":false},"excerpt":{"rendered":"<p>TOPRO Olympos ATR on esmaklassiline rullator, mis on spetsiaalselt loodud v\u00e4litingimustes kasutamiseks. Selle lai konstruktsioon tagab suurep\u00e4rase stabiilsuse ja maksimaalse mugavustunde.<\/p>","protected":false},"featured_media":21615,"comment_status":"open","ping_status":"closed","template":"","meta":[],"product_brand":[],"product_cat":[222],"product_tag":[],"class_list":{"0":"post-21614","1":"product","2":"type-product","3":"status-publish","4":"has-post-thumbnail","6":"product_cat-paligierices","8":"first","9":"outofstock","10":"taxable","11":"shipping-taxable","12":"purchasable","13":"product-type-simple"},"_links":{"self":[{"href":"https:\/\/medapp.lv\/et\/wp-json\/wp\/v2\/product\/21614","targetHints":{"allow":["GET"]}}],"collection":[{"href":"https:\/\/medapp.lv\/et\/wp-json\/wp\/v2\/product"}],"about":[{"href":"https:\/\/medapp.lv\/et\/wp-json\/wp\/v2\/types\/product"}],"replies":[{"embeddable":true,"href":"https:\/\/medapp.lv\/et\/wp-json\/wp\/v2\/comments?post=21614"}],"version-history":[{"count":1,"href":"https:\/\/medapp.lv\/et\/wp-json\/wp\/v2\/product\/21614\/revisions"}],"predecessor-version":[{"id":21624,"href":"https:\/\/medapp.lv\/et\/wp-json\/wp\/v2\/product\/21614\/revisions\/21624"}],"wp:featuredmedia":[{"embeddable":true,"href":"https:\/\/medapp.lv\/et\/wp-json\/wp\/v2\/media\/21615"}],"wp:attachment":[{"href":"https:\/\/medapp.lv\/et\/wp-json\/wp\/v2\/media?parent=21614"}],"wp:term":[{"taxonomy":"product_brand","embeddable":true,"href":"https:\/\/medapp.lv\/et\/wp-json\/wp\/v2\/product_brand?post=21614"},{"taxonomy":"product_cat","embeddable":true,"href":"https:\/\/medapp.lv\/et\/wp-json\/wp\/v2\/product_cat?post=21614"},{"taxonomy":"product_tag","embeddable":true,"href":"https:\/\/medapp.lv\/et\/wp-json\/wp\/v2\/product_tag?post=21614"}],"curies":[{"name":"t\u00f6\u00f6leht","href":"https:\/\/api.w.org\/{rel}","templated":true}]}}