{"id":21631,"date":"2025-08-12T11:54:46","date_gmt":"2025-08-12T09:54:46","guid":{"rendered":"https:\/\/medapp.lv\/?post_type=product&#038;p=21631"},"modified":"2026-04-08T19:17:00","modified_gmt":"2026-04-08T17:17:00","slug":"evolution-kruki-melni-peleki-paris","status":"publish","type":"product","link":"https:\/\/medapp.lv\/et\/product\/evolution-kruki-melni-peleki-paris\/","title":{"rendered":"EVOLUTION kark"},"content":{"rendered":"<p><strong>EVOLUTSIOON<\/strong> Kargul on ergonoomiline k\u00e4epide ja k\u00fc\u00fcnarvarretugi, mis parandab liikumise ajal ohutust ja mugavust. See on valmistatud kergest ja vastupidavast alumiiniumist helehalli anodeeritud viimistlusega ning sobib nii sise- kui ka v\u00e4listingimustes kasutamiseks.<\/p>\n<p><strong><em>M\u00e4rkus: Hind on \u00fche kargu kohta. Kui soovite paari, valige koguse v\u00e4ljal 2 t\u00fckki.<\/em><\/strong><\/p>\n<p>Tehnilised andmed:<br \/>\n\u2022 Kaal: 0,5 kg<br \/>\n\u2022 K\u00f5rguse reguleerimine: 77\u201398 cm<br \/>\n\u2022 Materjalid: pol\u00fcprop\u00fcleenist k\u00e4epide, toru \u2013 halli anodeeritud alumiinium<br \/>\n\u2022 Toru l\u00e4bim\u00f5\u00f5t: 22\/19 mm<br \/>\n\u2022 K\u00f5rguse seaded: 10 asendit, reguleeritavad iga 20 mm j\u00e4rel<br \/>\n\u2022 Maksimaalne koormus: kuni 130 kg<br \/>\n\u2022 Vastavus standarditele: EN ISO 11334-1<br \/>\n\u2022 K\u00e4epideme m\u00f5\u00f5tmed: 35 \u00d7 100 \u00d7 235 mm<\/p>\n<p>P\u00e4ritolu: Valmistatud Prantsusmaal.<\/p>","protected":false},"excerpt":{"rendered":"<p>EVOLUTION kargul on ergonoomiline k\u00e4epide ja k\u00fc\u00fcnarvarretugi, mis parandab ohutust ja mugavust liikumise ajal. Valmistatud kergest ja vastupidavast alumiiniumist.<\/p>","protected":false},"featured_media":21632,"comment_status":"open","ping_status":"closed","template":"","meta":[],"product_brand":[],"product_cat":[222],"product_tag":[],"class_list":{"0":"post-21631","1":"product","2":"type-product","3":"status-publish","4":"has-post-thumbnail","6":"product_cat-paligierices","8":"first","9":"outofstock","10":"taxable","11":"shipping-taxable","12":"purchasable","13":"product-type-simple"},"_links":{"self":[{"href":"https:\/\/medapp.lv\/et\/wp-json\/wp\/v2\/product\/21631","targetHints":{"allow":["GET"]}}],"collection":[{"href":"https:\/\/medapp.lv\/et\/wp-json\/wp\/v2\/product"}],"about":[{"href":"https:\/\/medapp.lv\/et\/wp-json\/wp\/v2\/types\/product"}],"replies":[{"embeddable":true,"href":"https:\/\/medapp.lv\/et\/wp-json\/wp\/v2\/comments?post=21631"}],"version-history":[{"count":4,"href":"https:\/\/medapp.lv\/et\/wp-json\/wp\/v2\/product\/21631\/revisions"}],"predecessor-version":[{"id":21637,"href":"https:\/\/medapp.lv\/et\/wp-json\/wp\/v2\/product\/21631\/revisions\/21637"}],"wp:featuredmedia":[{"embeddable":true,"href":"https:\/\/medapp.lv\/et\/wp-json\/wp\/v2\/media\/21632"}],"wp:attachment":[{"href":"https:\/\/medapp.lv\/et\/wp-json\/wp\/v2\/media?parent=21631"}],"wp:term":[{"taxonomy":"product_brand","embeddable":true,"href":"https:\/\/medapp.lv\/et\/wp-json\/wp\/v2\/product_brand?post=21631"},{"taxonomy":"product_cat","embeddable":true,"href":"https:\/\/medapp.lv\/et\/wp-json\/wp\/v2\/product_cat?post=21631"},{"taxonomy":"product_tag","embeddable":true,"href":"https:\/\/medapp.lv\/et\/wp-json\/wp\/v2\/product_tag?post=21631"}],"curies":[{"name":"t\u00f6\u00f6leht","href":"https:\/\/api.w.org\/{rel}","templated":true}]}}