{"id":21757,"date":"2025-09-05T11:21:41","date_gmt":"2025-09-05T09:21:41","guid":{"rendered":"https:\/\/medapp.lv\/?post_type=product&#038;p=21757"},"modified":"2026-04-02T10:27:52","modified_gmt":"2026-04-02T08:27:52","slug":"pavis-pleca-ortoze","status":"publish","type":"product","link":"https:\/\/medapp.lv\/et\/product\/pavis-pleca-ortoze\/","title":{"rendered":"PAVIS \u00f5lavarre ortoos"},"content":{"rendered":"<p>PAVIS stabiliseeriv \u00f5laortoos aitab kiiremini ja paremini taastuda p\u00e4rast \u00f5lavvigastusi:<\/p>\n<p>Rihmad on paigutatud nii, et \u00f5lavars p\u00fcsiks loomulikus asendis, v\u00e4hendades valu ja l\u00fchendades taastumisaega.<\/p>\n<p>K\u00e4e sisek\u00fcljel olev silikoonr\u00f5ngas tagab maksimaalse haarduvuse ja lisatoe.<\/p>\n<p>Valikuline elastne lisav\u00f6\u00f6 \u2013 eriti kasulik \u00f5laliigese eesmise nihestuse korral, t\u00f5mmates \u00f5lga tahapoole.<\/p>\n<p>&nbsp;<\/p>\n<p><strong>Omadused:<\/strong><\/p>\n<p>Kerge ja hingav materjal<\/p>\n<p>Kangas on neljas suunas veniv ja ei libise l\u00e4bi riiete.<\/p>\n<p>100% puuvill on nahaga kokkupuutel, tagades mugavuse ja h\u00fcgieeni<\/p>\n<p>&nbsp;<\/p>\n<p><strong>N\u00e4idustused:<\/strong><\/p>\n<p>Traumatoloogia: \u00f5laliigese nihestused ja subluksatsioonid<\/p>\n<p>Neurodegeneratiivsed haigused: osteoartriit, \u00f5laliigese degeneratiivsed protsessid, neuroloogiline \u00f5lg<\/p>\n<p>Postoperatiivne periood: p\u00e4rast \u00f5laliigese ebastabiilsuse operatsioone, \u00f5laliigese nihestusi ja artroskoopiat<\/p>\n<p>Ennetuseks igap\u00e4evaelus ja spordis, neuroloogilise \u00f5la konservatiivses ravis<\/p>\n<p><em><strong>Saadaval olevad suurused:<\/strong> S (24\u201328 cm), M (28\u201332 cm), L (32\u201336 cm), XL (36\u201340 cm), XXL (40\u201344 cm)<\/em><br \/>\n<strong>V\u00e4rv:<\/strong> sinine<\/p>\n<p><iframe title=\"Art. 407 - TUTORE FUNZIONALE SPALLA\" width=\"500\" height=\"281\" src=\"https:\/\/www.youtube.com\/embed\/VM14c_-zRGM?feature=oembed\" frameborder=\"0\" allow=\"accelerometer; autoplay; clipboard-write; encrypted-media; gyroscope; picture-in-picture; web-share\" referrerpolicy=\"strict-origin-when-cross-origin\" allowfullscreen><\/iframe><\/p>","protected":false},"excerpt":{"rendered":"<p>Stabiliseeriv \u00f5laortoos aitab t\u00f5husalt \u00f5lavvigastustest taastuda, tagades k\u00e4e \u00f5ige asendi ja v\u00e4hendades valu. Silikoonring ja lisav\u00f6\u00f6 pakuvad t\u00e4iendavat tuge ja turvalisust, sobib kasutamiseks p\u00e4rast vigastusi, operatsioone v\u00f5i ennetamiseks spordis. Valmistatud hingavast, elastsest materjalist, nahaga kokkupuutuvas 100% puuvillast, saadaval erinevates suurustes.<\/p>","protected":false},"featured_media":21764,"comment_status":"open","ping_status":"closed","template":"","meta":[],"product_brand":[],"product_cat":[133,136],"product_tag":[],"class_list":{"0":"post-21757","1":"product","2":"type-product","3":"status-publish","4":"has-post-thumbnail","6":"product_cat-ortozes","7":"product_cat-pleca-ortozes","9":"first","10":"outofstock","11":"taxable","12":"shipping-taxable","13":"purchasable","14":"product-type-variable"},"_links":{"self":[{"href":"https:\/\/medapp.lv\/et\/wp-json\/wp\/v2\/product\/21757","targetHints":{"allow":["GET"]}}],"collection":[{"href":"https:\/\/medapp.lv\/et\/wp-json\/wp\/v2\/product"}],"about":[{"href":"https:\/\/medapp.lv\/et\/wp-json\/wp\/v2\/types\/product"}],"replies":[{"embeddable":true,"href":"https:\/\/medapp.lv\/et\/wp-json\/wp\/v2\/comments?post=21757"}],"version-history":[{"count":1,"href":"https:\/\/medapp.lv\/et\/wp-json\/wp\/v2\/product\/21757\/revisions"}],"predecessor-version":[{"id":21766,"href":"https:\/\/medapp.lv\/et\/wp-json\/wp\/v2\/product\/21757\/revisions\/21766"}],"wp:featuredmedia":[{"embeddable":true,"href":"https:\/\/medapp.lv\/et\/wp-json\/wp\/v2\/media\/21764"}],"wp:attachment":[{"href":"https:\/\/medapp.lv\/et\/wp-json\/wp\/v2\/media?parent=21757"}],"wp:term":[{"taxonomy":"product_brand","embeddable":true,"href":"https:\/\/medapp.lv\/et\/wp-json\/wp\/v2\/product_brand?post=21757"},{"taxonomy":"product_cat","embeddable":true,"href":"https:\/\/medapp.lv\/et\/wp-json\/wp\/v2\/product_cat?post=21757"},{"taxonomy":"product_tag","embeddable":true,"href":"https:\/\/medapp.lv\/et\/wp-json\/wp\/v2\/product_tag?post=21757"}],"curies":[{"name":"t\u00f6\u00f6leht","href":"https:\/\/api.w.org\/{rel}","templated":true}]}}