{"id":21821,"date":"2025-11-10T14:08:06","date_gmt":"2025-11-10T12:08:06","guid":{"rendered":"https:\/\/medapp.lv\/?post_type=product&#038;p=21821"},"modified":"2025-11-10T14:08:07","modified_gmt":"2025-11-10T12:08:07","slug":"wristwidget","status":"publish","type":"product","link":"https:\/\/medapp.lv\/et\/product\/wristwidget\/","title":{"rendered":"Randmevidin"},"content":{"rendered":"<p>WristWidget\u00ae randmetugi TFCC rebenemiste randmete jaoks, universaalse suurusega. Sobib nii vasakule kui ka paremale randmele, pakub tuge raskuse kandmise ja treeningu ajal.<\/p>\n<ul>\n<li data-start=\"168\" data-end=\"264\">\n<p data-start=\"170\" data-end=\"264\">Sobib m\u00f5lemale peopesale. \u00dcks suurus sobib k\u00f5igile \u2013 randme\u00fcmberm\u00f5\u00f5dule 14\u201322 cm.<\/p>\n<\/li>\n<li data-start=\"265\" data-end=\"409\">\n<p data-start=\"267\" data-end=\"409\">Ideaalne sportimiseks ja f\u00fc\u00fcsilisteks tegevusteks. V\u00f5ib kasutada vees. Ei piira liikumist ja sobib kandmiseks terve p\u00e4eva, seitse p\u00e4eva n\u00e4dalas.<\/p>\n<\/li>\n<li data-start=\"410\" data-end=\"540\">\n<p data-start=\"412\" data-end=\"540\">Pakub tuge raadius- ja k\u00fc\u00fcnarluudele \u2013 v\u00f5imaldades kolmnurksel k\u00f5hrel kompleksil (TFCC) paraneda ilma operatsioonita.<\/p>\n<\/li>\n<li data-start=\"541\" data-end=\"625\">\n<p data-start=\"543\" data-end=\"625\">Leevendab k\u00e4e k\u00fc\u00fcnarnukipoolset valu, mis tekib p\u00f6\u00f6ramisel, haaramisel v\u00f5i raskuse hoidmisel.<\/p>\n<\/li>\n<\/ul>","protected":false},"excerpt":{"rendered":"<p>WristWidget\u00ae randmetugi TFCC rebenemiste randmete jaoks, universaalne suurus. Sobib nii vasakule kui ka paremale randmele, pakub tuge raskuse kandmise ja treeningu ajal. Sobib<\/p>","protected":false},"featured_media":21822,"comment_status":"open","ping_status":"closed","template":"","meta":[],"product_brand":[],"product_cat":[139],"product_tag":[],"class_list":{"0":"post-21821","1":"product","2":"type-product","3":"status-publish","4":"has-post-thumbnail","6":"product_cat-rokas-un-plaukstai","8":"first","9":"instock","10":"taxable","11":"shipping-taxable","12":"purchasable","13":"product-type-simple"},"_links":{"self":[{"href":"https:\/\/medapp.lv\/et\/wp-json\/wp\/v2\/product\/21821","targetHints":{"allow":["GET"]}}],"collection":[{"href":"https:\/\/medapp.lv\/et\/wp-json\/wp\/v2\/product"}],"about":[{"href":"https:\/\/medapp.lv\/et\/wp-json\/wp\/v2\/types\/product"}],"replies":[{"embeddable":true,"href":"https:\/\/medapp.lv\/et\/wp-json\/wp\/v2\/comments?post=21821"}],"version-history":[{"count":1,"href":"https:\/\/medapp.lv\/et\/wp-json\/wp\/v2\/product\/21821\/revisions"}],"predecessor-version":[{"id":21824,"href":"https:\/\/medapp.lv\/et\/wp-json\/wp\/v2\/product\/21821\/revisions\/21824"}],"wp:featuredmedia":[{"embeddable":true,"href":"https:\/\/medapp.lv\/et\/wp-json\/wp\/v2\/media\/21822"}],"wp:attachment":[{"href":"https:\/\/medapp.lv\/et\/wp-json\/wp\/v2\/media?parent=21821"}],"wp:term":[{"taxonomy":"product_brand","embeddable":true,"href":"https:\/\/medapp.lv\/et\/wp-json\/wp\/v2\/product_brand?post=21821"},{"taxonomy":"product_cat","embeddable":true,"href":"https:\/\/medapp.lv\/et\/wp-json\/wp\/v2\/product_cat?post=21821"},{"taxonomy":"product_tag","embeddable":true,"href":"https:\/\/medapp.lv\/et\/wp-json\/wp\/v2\/product_tag?post=21821"}],"curies":[{"name":"t\u00f6\u00f6leht","href":"https:\/\/api.w.org\/{rel}","templated":true}]}}