{"id":21846,"date":"2025-12-08T15:08:28","date_gmt":"2025-12-08T13:08:28","guid":{"rendered":"https:\/\/medapp.lv\/?post_type=product&#038;p=21846"},"modified":"2026-03-21T23:04:26","modified_gmt":"2026-03-21T21:04:26","slug":"push-med-pedas-ortoze-fp","status":"publish","type":"product","link":"https:\/\/medapp.lv\/et\/product\/push-med-pedas-ortoze-fp\/","title":{"rendered":"PUSH MED jala ortoos FP"},"content":{"rendered":"<p>Push med jalaortoos FP aitab leevendada jala all asuva plantaarfastsiidi valu ja plantaarkanna valu korral. Ortoos on m\u00f5eldud nii \u00e4gedate kui ka krooniliste haigusseisundite korral. Seade on m\u00f5eldud t\u00e4iskasvanutele igap\u00e4evaseks kasutamiseks ning seda saab kanda nii jalan\u00f5udega kui ka ilma. Kasutajad saavad ortoosi optimaalse efekti ja mugavuse tagamiseks ise reguleerida. Jalaortoosi esiosa ja kanna \u00fchendamine j\u00e4ikade sidemetega tagab jalav\u00f5lvile toe. See neelab osaliselt plantaarfastsiidile ja selle kinnituskohtadele jala liikumise ajal m\u00f5juvaid j\u00f5ude. Oluline on tagada jalgade h\u00fcgieen, seega v\u00f5ib ortoosi pesta pesumasinas temperatuuril 30 \u00b0C.<br \/>\nOrtoosi sobiva suuruse m\u00e4\u00e4ramiseks on vaja kahte m\u00f5\u00f5tmist: jala pikkust ja jala esiosa \u00fcmberm\u00f5\u00f5tu. Jala esiosa \u00fcmberm\u00f5\u00f5t tuleks m\u00f5\u00f5ta suure varba alusest. Pange t\u00e4hele, et jala pikkust ja \u00fcmberm\u00f5\u00f5tu tuleks m\u00f5\u00f5ta siis, kui m\u00f5\u00f5detav inimene seisab ja asetab jalale raskust.<\/p>","protected":false},"excerpt":{"rendered":"<p>Push Med jalaortoos FP aitab leevendada jala all asuva plantaarfastsiidi valu ja plantaarse fastsiidi korral.<\/p>","protected":false},"featured_media":21855,"comment_status":"open","ping_status":"closed","template":"","meta":[],"product_brand":[],"product_cat":[137],"product_tag":[],"class_list":{"0":"post-21846","1":"product","2":"type-product","3":"status-publish","4":"has-post-thumbnail","6":"product_cat-kajai-cela-locitivai-un-pedai","8":"first","9":"instock","10":"taxable","11":"shipping-taxable","12":"purchasable","13":"product-type-variable"},"_links":{"self":[{"href":"https:\/\/medapp.lv\/et\/wp-json\/wp\/v2\/product\/21846","targetHints":{"allow":["GET"]}}],"collection":[{"href":"https:\/\/medapp.lv\/et\/wp-json\/wp\/v2\/product"}],"about":[{"href":"https:\/\/medapp.lv\/et\/wp-json\/wp\/v2\/types\/product"}],"replies":[{"embeddable":true,"href":"https:\/\/medapp.lv\/et\/wp-json\/wp\/v2\/comments?post=21846"}],"version-history":[{"count":2,"href":"https:\/\/medapp.lv\/et\/wp-json\/wp\/v2\/product\/21846\/revisions"}],"predecessor-version":[{"id":21859,"href":"https:\/\/medapp.lv\/et\/wp-json\/wp\/v2\/product\/21846\/revisions\/21859"}],"wp:featuredmedia":[{"embeddable":true,"href":"https:\/\/medapp.lv\/et\/wp-json\/wp\/v2\/media\/21855"}],"wp:attachment":[{"href":"https:\/\/medapp.lv\/et\/wp-json\/wp\/v2\/media?parent=21846"}],"wp:term":[{"taxonomy":"product_brand","embeddable":true,"href":"https:\/\/medapp.lv\/et\/wp-json\/wp\/v2\/product_brand?post=21846"},{"taxonomy":"product_cat","embeddable":true,"href":"https:\/\/medapp.lv\/et\/wp-json\/wp\/v2\/product_cat?post=21846"},{"taxonomy":"product_tag","embeddable":true,"href":"https:\/\/medapp.lv\/et\/wp-json\/wp\/v2\/product_tag?post=21846"}],"curies":[{"name":"t\u00f6\u00f6leht","href":"https:\/\/api.w.org\/{rel}","templated":true}]}}