{"id":21863,"date":"2025-12-09T10:57:32","date_gmt":"2025-12-09T08:57:32","guid":{"rendered":"https:\/\/medapp.lv\/?post_type=product&#038;p=21863"},"modified":"2026-04-03T16:08:46","modified_gmt":"2026-04-03T14:08:46","slug":"abilar-10-sveku-gels","status":"publish","type":"product","link":"https:\/\/medapp.lv\/et\/product\/abilar-10-sveku-gels\/","title":{"rendered":"ABILAR 10% vaigusalv"},"content":{"rendered":"<p>Kuusevaigul p\u00f5hinev p\u00f5letikuvastane aine soodustab paranemist ning omab ka laia toimespektriga antimikroobset (bakteritsiidset, fungitsiidset, sporitsiidset, viirusevastast, am\u00f6\u00f6bidevastast jne) toimet. Vaik sisaldab ainulaadset bioloogiliselt aktiivsete ainete kompleksi - merevaikhapet, sipelghapet, f\u00fctontsiide, t\u00e4rpentini, eeterlikke \u00f5lisid jne. Nahale kandes toimivad need kahel viisil - h\u00e4vitavad seeni p\u00f5hjustavaid baktereid ja soodustavad ka kudede taastumist - uuenemist.<br \/>\nAbilar on looduslik ja t\u00f5hus ravim, mida saab hoida igas koduses ravimikapis kriimustuste, marrastuste, valulike ja p\u00f5letikuliste haavade, p\u00f5letuste jms korral, olenemata haava t\u00fc\u00fcbist, etioloogiast ja ulatusest.<\/p>","protected":false},"excerpt":{"rendered":"<p>Koostisosad: hariliku kuuse (Picea abies) vaik, vaseliin, vedel parafiin, denatureeritud alkohol, mikrokristalne vaha, sorbitaanoleaat, valge vaha, h\u00fcdrogeenitud kastoor\u00f5li, steariinhape.<\/p>\n<p>Annustamine ja manustamine: Enne Abilar\u00ae 10% geeli pealekandmist peske ja puhastage vigastatud nahk. Kodus kandke see otse haavale, marrastusele, l\u00f5ikehaavale, p\u00f5letusele jne. Katke see marli v\u00f5i plaastriga. Kasutage 2 korda p\u00e4evas, kuni nahakahjustus paraneb.<\/p>","protected":false},"featured_media":21865,"comment_status":"open","ping_status":"closed","template":"","meta":[],"product_brand":[],"product_cat":[313],"product_tag":[],"class_list":{"0":"post-21863","1":"product","2":"type-product","3":"status-publish","4":"has-post-thumbnail","6":"product_cat-brucu-kopsana-veikals","8":"first","9":"instock","10":"taxable","11":"shipping-taxable","12":"purchasable","13":"product-type-simple"},"_links":{"self":[{"href":"https:\/\/medapp.lv\/et\/wp-json\/wp\/v2\/product\/21863","targetHints":{"allow":["GET"]}}],"collection":[{"href":"https:\/\/medapp.lv\/et\/wp-json\/wp\/v2\/product"}],"about":[{"href":"https:\/\/medapp.lv\/et\/wp-json\/wp\/v2\/types\/product"}],"replies":[{"embeddable":true,"href":"https:\/\/medapp.lv\/et\/wp-json\/wp\/v2\/comments?post=21863"}],"version-history":[{"count":3,"href":"https:\/\/medapp.lv\/et\/wp-json\/wp\/v2\/product\/21863\/revisions"}],"predecessor-version":[{"id":21980,"href":"https:\/\/medapp.lv\/et\/wp-json\/wp\/v2\/product\/21863\/revisions\/21980"}],"wp:featuredmedia":[{"embeddable":true,"href":"https:\/\/medapp.lv\/et\/wp-json\/wp\/v2\/media\/21865"}],"wp:attachment":[{"href":"https:\/\/medapp.lv\/et\/wp-json\/wp\/v2\/media?parent=21863"}],"wp:term":[{"taxonomy":"product_brand","embeddable":true,"href":"https:\/\/medapp.lv\/et\/wp-json\/wp\/v2\/product_brand?post=21863"},{"taxonomy":"product_cat","embeddable":true,"href":"https:\/\/medapp.lv\/et\/wp-json\/wp\/v2\/product_cat?post=21863"},{"taxonomy":"product_tag","embeddable":true,"href":"https:\/\/medapp.lv\/et\/wp-json\/wp\/v2\/product_tag?post=21863"}],"curies":[{"name":"t\u00f6\u00f6leht","href":"https:\/\/api.w.org\/{rel}","templated":true}]}}