{"id":21913,"date":"2026-01-19T11:44:08","date_gmt":"2026-01-19T09:44:08","guid":{"rendered":"https:\/\/medapp.lv\/?post_type=product&#038;p=21913"},"modified":"2026-03-03T18:43:51","modified_gmt":"2026-03-03T16:43:51","slug":"pleca-rokas-stabilizators","status":"publish","type":"product","link":"https:\/\/medapp.lv\/et\/product\/pleca-rokas-stabilizators\/","title":{"rendered":"\u00d5la\/k\u00e4e stabilisaator"},"content":{"rendered":"<p>\u00d5la\/k\u00e4e stabilisaator pakub \u00fclaj\u00e4seme fikseerimist ja tuge. Seda saab kasutada nii vasaku kui ka parema k\u00e4e jaoks. See stabiliseerib k\u00e4tt ja v\u00e4hendab koormust k\u00e4e-, \u00f5la- ja k\u00fc\u00fcnarnuki liigestele. Seda saab kasutada koos teiste tugede ja kipsiga.<\/p>\n<p>&nbsp;<\/p>","protected":false},"excerpt":{"rendered":"<p>\u00d5la stabilisaatorit soovitatakse kasutada j\u00e4rgmistel juhtudel:<br data-start=\"111\" data-end=\"114\" \/>\u2013 tugev valu \u00f5laliigeses (l\u00fchiajaliseks kaitseks)<br data-start=\"170\" data-end=\"173\" \/>\u2013 liigese nihestus<br data-start=\"196\" data-end=\"199\" \/>\u2013 \u00f5la ja k\u00e4e pehmete kudede vigastused<br data-start=\"235\" data-end=\"238\" \/>\u2013 p\u00e4rast \u00f5la- v\u00f5i k\u00fc\u00fcnarliigese operatsiooni (kui kipsi paigaldamine pole vajalik)<br data-start=\"307\" data-end=\"310\" \/>\u2013 juhtudel, kui on vaja \u00fclaj\u00e4set toetada v\u00f5i osaliselt fikseerida<\/p>","protected":false},"featured_media":21914,"comment_status":"open","ping_status":"closed","template":"","meta":[],"product_brand":[],"product_cat":[139,136],"product_tag":[],"class_list":{"0":"post-21913","1":"product","2":"type-product","3":"status-publish","4":"has-post-thumbnail","6":"product_cat-rokas-un-plaukstai","7":"product_cat-pleca-ortozes","9":"first","10":"instock","11":"taxable","12":"shipping-taxable","13":"purchasable","14":"product-type-variable"},"_links":{"self":[{"href":"https:\/\/medapp.lv\/et\/wp-json\/wp\/v2\/product\/21913","targetHints":{"allow":["GET"]}}],"collection":[{"href":"https:\/\/medapp.lv\/et\/wp-json\/wp\/v2\/product"}],"about":[{"href":"https:\/\/medapp.lv\/et\/wp-json\/wp\/v2\/types\/product"}],"replies":[{"embeddable":true,"href":"https:\/\/medapp.lv\/et\/wp-json\/wp\/v2\/comments?post=21913"}],"version-history":[{"count":1,"href":"https:\/\/medapp.lv\/et\/wp-json\/wp\/v2\/product\/21913\/revisions"}],"predecessor-version":[{"id":21920,"href":"https:\/\/medapp.lv\/et\/wp-json\/wp\/v2\/product\/21913\/revisions\/21920"}],"wp:featuredmedia":[{"embeddable":true,"href":"https:\/\/medapp.lv\/et\/wp-json\/wp\/v2\/media\/21914"}],"wp:attachment":[{"href":"https:\/\/medapp.lv\/et\/wp-json\/wp\/v2\/media?parent=21913"}],"wp:term":[{"taxonomy":"product_brand","embeddable":true,"href":"https:\/\/medapp.lv\/et\/wp-json\/wp\/v2\/product_brand?post=21913"},{"taxonomy":"product_cat","embeddable":true,"href":"https:\/\/medapp.lv\/et\/wp-json\/wp\/v2\/product_cat?post=21913"},{"taxonomy":"product_tag","embeddable":true,"href":"https:\/\/medapp.lv\/et\/wp-json\/wp\/v2\/product_tag?post=21913"}],"curies":[{"name":"t\u00f6\u00f6leht","href":"https:\/\/api.w.org\/{rel}","templated":true}]}}