{"id":21923,"date":"2026-01-19T13:28:16","date_gmt":"2026-01-19T11:28:16","guid":{"rendered":"https:\/\/medapp.lv\/?post_type=product&#038;p=21923"},"modified":"2026-01-22T14:45:42","modified_gmt":"2026-01-22T12:45:42","slug":"pleca-ortoze-regulejama","status":"publish","type":"product","link":"https:\/\/medapp.lv\/et\/product\/pleca-ortoze-regulejama\/","title":{"rendered":"\u00d5lavarre ortoos \u2013 reguleeritav"},"content":{"rendered":"<p>\u00d5laortoosil on lai valik reguleerimisv\u00f5imalusi ja seda saab kasutada nii vasakul kui ka paremal k\u00fcljel. See stabiliseerib \u00f5laliigest ja abaluud.<\/p>\n<p data-start=\"185\" data-end=\"200\"><strong data-start=\"185\" data-end=\"198\">Omadused:<\/strong><\/p>\n<ul data-start=\"201\" data-end=\"634\">\n<li data-start=\"201\" data-end=\"271\">\n<p data-start=\"203\" data-end=\"271\">Stabiliseerib \u00f5laliigest, akromioklavikulaarliigest ja abaluud.<\/p>\n<\/li>\n<li data-start=\"272\" data-end=\"335\">\n<p data-start=\"274\" data-end=\"335\">S\u00e4ilitab soojust, takistades kehal jahtumist v\u00f5i \u00fclekuumenemist.<\/p>\n<\/li>\n<li data-start=\"336\" data-end=\"449\">\n<p data-start=\"338\" data-end=\"449\">Mugav kasutada \u2013 tugi ei sisalda pakse kiude, mis v\u00f5ivad patsiendi naha vastu tihedalt surudes h\u00f5\u00f5rdumist p\u00f5hjustada.<\/p>\n<\/li>\n<li data-start=\"450\" data-end=\"522\">\n<p data-start=\"452\" data-end=\"522\">Lihtne kasutada \u2013 patsient saab tuge h\u00f5lpsalt selga panna ja \u00e4ra v\u00f5tta.<\/p>\n<\/li>\n<li data-start=\"450\" data-end=\"522\">\n<p data-start=\"452\" data-end=\"522\">Toetav disain pakub maksimaalset mugavust ega piira liikumist, sobib nii naistele kui ka meestele.<\/p>\n<\/li>\n<\/ul>","protected":false},"excerpt":{"rendered":"<p><strong data-start=\"636\" data-end=\"650\">Kasutamine:<\/strong><br data-start=\"650\" data-end=\"653\" \/>\u2013 tugev, krooniline k\u00e4e- ja \u00f5lavalu s\u00fcndroom, traumaj\u00e4rgsed muutused, degeneratsioon ja patoloogia<\/p>","protected":false},"featured_media":21924,"comment_status":"open","ping_status":"closed","template":"","meta":[],"product_brand":[],"product_cat":[136],"product_tag":[],"class_list":{"0":"post-21923","1":"product","2":"type-product","3":"status-publish","4":"has-post-thumbnail","6":"product_cat-pleca-ortozes","8":"first","9":"instock","10":"taxable","11":"shipping-taxable","12":"purchasable","13":"product-type-variable"},"_links":{"self":[{"href":"https:\/\/medapp.lv\/et\/wp-json\/wp\/v2\/product\/21923","targetHints":{"allow":["GET"]}}],"collection":[{"href":"https:\/\/medapp.lv\/et\/wp-json\/wp\/v2\/product"}],"about":[{"href":"https:\/\/medapp.lv\/et\/wp-json\/wp\/v2\/types\/product"}],"replies":[{"embeddable":true,"href":"https:\/\/medapp.lv\/et\/wp-json\/wp\/v2\/comments?post=21923"}],"version-history":[{"count":2,"href":"https:\/\/medapp.lv\/et\/wp-json\/wp\/v2\/product\/21923\/revisions"}],"predecessor-version":[{"id":21932,"href":"https:\/\/medapp.lv\/et\/wp-json\/wp\/v2\/product\/21923\/revisions\/21932"}],"wp:featuredmedia":[{"embeddable":true,"href":"https:\/\/medapp.lv\/et\/wp-json\/wp\/v2\/media\/21924"}],"wp:attachment":[{"href":"https:\/\/medapp.lv\/et\/wp-json\/wp\/v2\/media?parent=21923"}],"wp:term":[{"taxonomy":"product_brand","embeddable":true,"href":"https:\/\/medapp.lv\/et\/wp-json\/wp\/v2\/product_brand?post=21923"},{"taxonomy":"product_cat","embeddable":true,"href":"https:\/\/medapp.lv\/et\/wp-json\/wp\/v2\/product_cat?post=21923"},{"taxonomy":"product_tag","embeddable":true,"href":"https:\/\/medapp.lv\/et\/wp-json\/wp\/v2\/product_tag?post=21923"}],"curies":[{"name":"t\u00f6\u00f6leht","href":"https:\/\/api.w.org\/{rel}","templated":true}]}}