{"id":22194,"date":"2026-04-22T15:23:02","date_gmt":"2026-04-22T13:23:02","guid":{"rendered":"https:\/\/medapp.lv\/?post_type=product&#038;p=22194"},"modified":"2026-04-23T12:53:50","modified_gmt":"2026-04-23T10:53:50","slug":"pirksta-sina","status":"publish","type":"product","link":"https:\/\/medapp.lv\/et\/product\/pirksta-sina\/","title":{"rendered":"S\u00f5rmelahas"},"content":{"rendered":"<p data-start=\"0\" data-end=\"71\">Ortoosil on l\u00fchike kindakujuline disain s\u00f5rmekanalitega s\u00f5rmelahaste jaoks. Siinid on valmistatud alumiiniumist ja kaitstud higi kahjuliku m\u00f5ju eest pulberv\u00e4rvimise teel. Sisevoodri materjal on valitud nii, et arstil oleks lihtne soovitud kuju anda. Ortoosiga on kaasas avatud v\u00f5i suletud kujul olevad s\u00f5rmelahased. Igal laastul on kinnitusrihm. Ortoos on standardvarustuses varustatud \u00fche suletud t\u00fc\u00fcpi s\u00f5rmelahasega. Tootel on koht p\u00f6idla jaoks ja paigaldatud on \u00fcmbritsev turvarihm. Ortoos on valmistatud j\u00e4igastatud veluurtrikotaa\u017eist ja elastsest l\u00fckramaterjalist. Lisaks ei piira ortoosi l\u00fchike disain randmeliigutusi. Ortoos on valmistatud AeroSpace\u2122 materjalist.<\/p>","protected":false},"excerpt":{"rendered":"<p>K\u00e4eortoos s\u00f5rmede (v\u00e4lja arvatud p\u00f6ial) fikseerimiseks.<\/p>","protected":false},"featured_media":22195,"comment_status":"closed","ping_status":"closed","template":"","meta":[],"product_brand":[337],"product_cat":[139],"product_tag":[],"class_list":{"0":"post-22194","1":"product","2":"type-product","3":"status-publish","4":"has-post-thumbnail","6":"product_brand-reh4mat","7":"product_cat-rokas-un-plaukstai","9":"first","10":"instock","11":"taxable","12":"shipping-taxable","13":"purchasable","14":"product-type-variable"},"_links":{"self":[{"href":"https:\/\/medapp.lv\/et\/wp-json\/wp\/v2\/product\/22194","targetHints":{"allow":["GET"]}}],"collection":[{"href":"https:\/\/medapp.lv\/et\/wp-json\/wp\/v2\/product"}],"about":[{"href":"https:\/\/medapp.lv\/et\/wp-json\/wp\/v2\/types\/product"}],"replies":[{"embeddable":true,"href":"https:\/\/medapp.lv\/et\/wp-json\/wp\/v2\/comments?post=22194"}],"version-history":[{"count":4,"href":"https:\/\/medapp.lv\/et\/wp-json\/wp\/v2\/product\/22194\/revisions"}],"predecessor-version":[{"id":22215,"href":"https:\/\/medapp.lv\/et\/wp-json\/wp\/v2\/product\/22194\/revisions\/22215"}],"wp:featuredmedia":[{"embeddable":true,"href":"https:\/\/medapp.lv\/et\/wp-json\/wp\/v2\/media\/22195"}],"wp:attachment":[{"href":"https:\/\/medapp.lv\/et\/wp-json\/wp\/v2\/media?parent=22194"}],"wp:term":[{"taxonomy":"product_brand","embeddable":true,"href":"https:\/\/medapp.lv\/et\/wp-json\/wp\/v2\/product_brand?post=22194"},{"taxonomy":"product_cat","embeddable":true,"href":"https:\/\/medapp.lv\/et\/wp-json\/wp\/v2\/product_cat?post=22194"},{"taxonomy":"product_tag","embeddable":true,"href":"https:\/\/medapp.lv\/et\/wp-json\/wp\/v2\/product_tag?post=22194"}],"curies":[{"name":"t\u00f6\u00f6leht","href":"https:\/\/api.w.org\/{rel}","templated":true}]}}