{"id":22216,"date":"2026-04-23T13:34:25","date_gmt":"2026-04-23T11:34:25","guid":{"rendered":"https:\/\/medapp.lv\/?post_type=product&#038;p=22216"},"modified":"2026-04-23T14:17:37","modified_gmt":"2026-04-23T12:17:37","slug":"pirksta-imobilizators","status":"publish","type":"product","link":"https:\/\/medapp.lv\/et\/product\/pirksta-imobilizators\/","title":{"rendered":"S\u00f5rmelukk"},"content":{"rendered":"<p data-start=\"0\" data-end=\"317\">S\u00f5rmeortoosil AM-SP-06 on kaks mugavat takjakinnitusega \u00fcmbritsevat rihma, mida saab vabalt s\u00f5rme \u00fcmberm\u00f5\u00f5du j\u00e4rgi reguleerida. Seega saab lahast kasutada nii \u00e4gedal perioodil, kui s\u00f5rm on paistes, kui ka kroonilisel perioodil, samuti varbal\u00fclide ennetavaks kaitsmiseks korduva luumurru, nihestuse v\u00f5i nikastuse eest. Ortopeediline s\u00f5rmelahas AM-SP-06 on saadaval \u00fches suuruses ja sobib m\u00f5lemale k\u00e4ele.<\/p>","protected":false},"excerpt":{"rendered":"<p>AM-SP-06 s\u00f5rmet\u00f5kis on varustatud kerge alumiiniumist lahasega, mida saab vabalt vastavalt terapeutilistele soovitustele muuta ning vajadusel s\u00f5rme sirgendamise v\u00f5i painutamise piiramiseks kasutada.<\/p>","protected":false},"featured_media":22224,"comment_status":"closed","ping_status":"closed","template":"","meta":[],"product_brand":[],"product_cat":[139],"product_tag":[],"class_list":{"0":"post-22216","1":"product","2":"type-product","3":"status-publish","4":"has-post-thumbnail","6":"product_cat-rokas-un-plaukstai","8":"first","9":"instock","10":"taxable","11":"shipping-taxable","12":"purchasable","13":"product-type-simple"},"_links":{"self":[{"href":"https:\/\/medapp.lv\/et\/wp-json\/wp\/v2\/product\/22216","targetHints":{"allow":["GET"]}}],"collection":[{"href":"https:\/\/medapp.lv\/et\/wp-json\/wp\/v2\/product"}],"about":[{"href":"https:\/\/medapp.lv\/et\/wp-json\/wp\/v2\/types\/product"}],"replies":[{"embeddable":true,"href":"https:\/\/medapp.lv\/et\/wp-json\/wp\/v2\/comments?post=22216"}],"version-history":[{"count":2,"href":"https:\/\/medapp.lv\/et\/wp-json\/wp\/v2\/product\/22216\/revisions"}],"predecessor-version":[{"id":22226,"href":"https:\/\/medapp.lv\/et\/wp-json\/wp\/v2\/product\/22216\/revisions\/22226"}],"wp:featuredmedia":[{"embeddable":true,"href":"https:\/\/medapp.lv\/et\/wp-json\/wp\/v2\/media\/22224"}],"wp:attachment":[{"href":"https:\/\/medapp.lv\/et\/wp-json\/wp\/v2\/media?parent=22216"}],"wp:term":[{"taxonomy":"product_brand","embeddable":true,"href":"https:\/\/medapp.lv\/et\/wp-json\/wp\/v2\/product_brand?post=22216"},{"taxonomy":"product_cat","embeddable":true,"href":"https:\/\/medapp.lv\/et\/wp-json\/wp\/v2\/product_cat?post=22216"},{"taxonomy":"product_tag","embeddable":true,"href":"https:\/\/medapp.lv\/et\/wp-json\/wp\/v2\/product_tag?post=22216"}],"curies":[{"name":"t\u00f6\u00f6leht","href":"https:\/\/api.w.org\/{rel}","templated":true}]}}