{"id":22227,"date":"2026-04-23T15:13:06","date_gmt":"2026-04-23T13:13:06","guid":{"rendered":"https:\/\/medapp.lv\/?post_type=product&#038;p=22227"},"modified":"2026-04-23T15:21:40","modified_gmt":"2026-04-23T13:21:40","slug":"pleca-ortoze","status":"publish","type":"product","link":"https:\/\/medapp.lv\/et\/product\/pleca-ortoze\/","title":{"rendered":"\u00d5la ortoos"},"content":{"rendered":"<p data-start=\"747\" data-end=\"878\">Rindkere piirkond j\u00e4\u00e4b \u201cvabaks\u201d, mis suurendab kasutusmugavust. AM-BX-03 on universaalne ja sobib nii paremale kui ka vasakule poole. Ortoos on valmistatud AeroSpace II\u2122 ja ActivePren\u2122 materjalidest.<\/p>\n<p data-start=\"1077\" data-end=\"1099\"><strong data-start=\"1077\" data-end=\"1099\">Kasutusotstarve:<\/strong><\/p>\n<ul>\n<li data-start=\"1077\" data-end=\"1099\">p\u00e4rast \u00f5lavigastusi<\/li>\n<li data-section-id=\"9fxk3x\" data-start=\"1122\" data-end=\"1133\">artroos<\/li>\n<li data-section-id=\"131t5jz\" data-start=\"1134\" data-end=\"1155\">\u00f5la nihestus<\/li>\n<li data-section-id=\"hdnp18\" data-start=\"1156\" data-end=\"1165\">valu<\/li>\n<li data-section-id=\"k5z76z\" data-start=\"1166\" data-end=\"1179\">turse<\/li>\n<li data-section-id=\"195p2xr\" data-start=\"1180\" data-end=\"1193\">p\u00f5letik<\/li>\n<li data-section-id=\"110qup7\" data-start=\"1194\" data-end=\"1216\" data-is-last-node=\"\">ennetavalt spordis<\/li>\n<\/ul>","protected":false},"excerpt":{"rendered":"<p data-start=\"276\" data-end=\"646\">\u00d5laortoos leevendab valu ja parandab liigeste liikuvust. Ortoos AM-BX-03 kaitseb \u00f5lga liigse p\u00f6\u00f6rlemise eest. Samuti pakub see liikumise ajal lihastele tuge. Silikoonpadja valuvaigistavad omadused suurenevad liikumise ajal. PowerFit materjal pakub kompressiooni ja v\u00e4hendab turset. Ortoosi on t\u00e4nu elastsusele ja pehmele rihmale lihtne selga panna ja \u00e4ra v\u00f5tta.<\/p>","protected":false},"featured_media":22228,"comment_status":"closed","ping_status":"closed","template":"","meta":[],"product_brand":[],"product_cat":[136],"product_tag":[],"class_list":{"0":"post-22227","1":"product","2":"type-product","3":"status-publish","4":"has-post-thumbnail","6":"product_cat-pleca-ortozes","8":"first","9":"instock","10":"taxable","11":"shipping-taxable","12":"purchasable","13":"product-type-variable"},"_links":{"self":[{"href":"https:\/\/medapp.lv\/et\/wp-json\/wp\/v2\/product\/22227","targetHints":{"allow":["GET"]}}],"collection":[{"href":"https:\/\/medapp.lv\/et\/wp-json\/wp\/v2\/product"}],"about":[{"href":"https:\/\/medapp.lv\/et\/wp-json\/wp\/v2\/types\/product"}],"replies":[{"embeddable":true,"href":"https:\/\/medapp.lv\/et\/wp-json\/wp\/v2\/comments?post=22227"}],"version-history":[{"count":2,"href":"https:\/\/medapp.lv\/et\/wp-json\/wp\/v2\/product\/22227\/revisions"}],"predecessor-version":[{"id":22234,"href":"https:\/\/medapp.lv\/et\/wp-json\/wp\/v2\/product\/22227\/revisions\/22234"}],"wp:featuredmedia":[{"embeddable":true,"href":"https:\/\/medapp.lv\/et\/wp-json\/wp\/v2\/media\/22228"}],"wp:attachment":[{"href":"https:\/\/medapp.lv\/et\/wp-json\/wp\/v2\/media?parent=22227"}],"wp:term":[{"taxonomy":"product_brand","embeddable":true,"href":"https:\/\/medapp.lv\/et\/wp-json\/wp\/v2\/product_brand?post=22227"},{"taxonomy":"product_cat","embeddable":true,"href":"https:\/\/medapp.lv\/et\/wp-json\/wp\/v2\/product_cat?post=22227"},{"taxonomy":"product_tag","embeddable":true,"href":"https:\/\/medapp.lv\/et\/wp-json\/wp\/v2\/product_tag?post=22227"}],"curies":[{"name":"t\u00f6\u00f6leht","href":"https:\/\/api.w.org\/{rel}","templated":true}]}}